{"id":163210,"date":"2022-09-28T18:17:48","date_gmt":"2022-09-28T18:17:48","guid":{"rendered":"http:\/\/climalife.com\/product\/novaspray-n-butan-izobutan-15-bar\/"},"modified":"2026-02-17T08:34:47","modified_gmt":"2026-02-17T08:34:47","slug":"novaspray-n-butan-izobutan-15-bar","status":"publish","type":"product","link":"https:\/\/climalife.com\/ro\/product\/novaspray-n-butan-izobutan-15-bar\/","title":{"rendered":"NovaSpray \u2122 n-butan \/ izobutan 1,5 bar"},"content":{"rendered":"<p><span class=\"tlid-translation translation\" lang=\"ro\"><span class=\"\" title=\"\">&#8211; Poate fi amestecat cu propan NovaSpray<sup>\u2122<\/sup>.<\/span><br \/>\n<span title=\"\">&#8211; Este utilizat pe scar\u0103 larg\u0103 \u00een cosmetic\u0103.<\/span><br \/>\n<span class=\"\" title=\"\">&#8211; Este deosebit de potrivit pentru formul\u0103ri de spum\u0103 cosmetic\u0103. Economic datorit\u0103 densit\u0103\u021bii sale reduse, reduce foarte mult greutatea propulsorului de utilizat.<\/span><br \/>\n<span class=\"\" title=\"\">&#8211; Miscibilitatea sa excelent\u0103 cu majoritatea solven\u021bilor \u00eei confer\u0103 o mare flexibilitate a formul\u0103rii.<\/span><br \/>\n<span class=\"\" title=\"\">&#8211; Nu are niciun efect asupra stratului de ozon \u0219i are un impact neglijabil asupra efectului de ser\u0103.<\/span><\/span><\/p>\n","protected":false},"excerpt":{"rendered":"<p>De o calitate constant\u0103, amestecul NovaSpray \u2122 n-butan \/ izobutan 1,5 bar \u00eendepline\u0219te toate cerin\u021bele pentru un propulsor dezodorizat.<\/p>\n","protected":false},"featured_media":204029,"comment_status":"open","ping_status":"closed","template":"","meta":[],"countries":[4674,4709,4756,4813,4831,4862],"product_brand":[],"product_cat":[9998,13122,9597],"product_tag":[],"class_list":{"0":"post-163210","1":"product","2":"type-product","3":"status-publish","4":"has-post-thumbnail","6":"countries-by","7":"countries-cu","8":"countries-ir","9":"countries-kp","10":"countries-ru","11":"countries-sy","12":"product_cat-alte-industrii","13":"product_cat-propulsoare","14":"product_cat-hidrocarburi-ro-83","15":"pa_packaging-cilindru-26-l-ro-32","16":"pa_packaging-container-448-l-ro-74","18":"first","19":"instock","20":"shipping-taxable","21":"purchasable","22":"product-type-variable"},"_links":{"self":[{"href":"https:\/\/climalife.com\/ro\/wp-json\/wp\/v2\/product\/163210","targetHints":{"allow":["GET"]}}],"collection":[{"href":"https:\/\/climalife.com\/ro\/wp-json\/wp\/v2\/product"}],"about":[{"href":"https:\/\/climalife.com\/ro\/wp-json\/wp\/v2\/types\/product"}],"replies":[{"embeddable":true,"href":"https:\/\/climalife.com\/ro\/wp-json\/wp\/v2\/comments?post=163210"}],"wp:featuredmedia":[{"embeddable":true,"href":"https:\/\/climalife.com\/ro\/wp-json\/wp\/v2\/media\/204029"}],"wp:attachment":[{"href":"https:\/\/climalife.com\/ro\/wp-json\/wp\/v2\/media?parent=163210"}],"wp:term":[{"taxonomy":"countries","embeddable":true,"href":"https:\/\/climalife.com\/ro\/wp-json\/wp\/v2\/countries?post=163210"},{"taxonomy":"product_brand","embeddable":true,"href":"https:\/\/climalife.com\/ro\/wp-json\/wp\/v2\/product_brand?post=163210"},{"taxonomy":"product_cat","embeddable":true,"href":"https:\/\/climalife.com\/ro\/wp-json\/wp\/v2\/product_cat?post=163210"},{"taxonomy":"product_tag","embeddable":true,"href":"https:\/\/climalife.com\/ro\/wp-json\/wp\/v2\/product_tag?post=163210"}],"curies":[{"name":"wp","href":"https:\/\/api.w.org\/{rel}","templated":true}]}}