{"id":163238,"date":"2022-09-28T18:18:08","date_gmt":"2022-09-28T18:18:08","guid":{"rendered":"http:\/\/climalife.com\/product\/r-417a-freontm-mo59\/"},"modified":"2025-08-18T12:28:57","modified_gmt":"2025-08-18T12:28:57","slug":"r-417a-freontm-mo59","status":"publish","type":"product","link":"https:\/\/climalife.com\/ro\/product\/r-417a-freontm-mo59\/","title":{"rendered":"R-417A (Freon\u2122 MO59)"},"content":{"rendered":"<p>Este destinat s\u0103 \u00eenlocuiasc\u0103 agentul frigorific R-22 (HCFC) \u00een sistemele de climatizare. Poate fi utilizat ca \u201edrop-in\u201d pentru R-22 \u00een instala\u021biile existente cu reducere direct\u0103 a presiunii.<\/p>\n","protected":false},"excerpt":{"rendered":"<p>R-417A (Freon\u2122 MO59) este un amestec zeotrop de \u00eenlocuire de tip H-FCV.<\/p>\n","protected":false},"featured_media":108621,"comment_status":"open","ping_status":"closed","template":"","meta":[],"countries":[4674,4709,4756,4813,4831,4862],"product_brand":[],"product_cat":[9953,13062,13097,13131,9450],"product_tag":[],"class_list":{"0":"post-163238","1":"product","2":"type-product","3":"status-publish","4":"has-post-thumbnail","6":"countries-by","7":"countries-cu","8":"countries-ir","9":"countries-kp","10":"countries-ru","11":"countries-sy","12":"product_cat-cladiri","13":"product_cat-aer-conditionat","14":"product_cat-incalzire","15":"product_cat-refrigerare","16":"product_cat-hfc-ro-33","17":"pa_packaging-cilindru-52-l-ro-72","18":"pa_packaging-cubikool","20":"first","21":"instock","22":"shipping-taxable","23":"purchasable","24":"product-type-variable"},"_links":{"self":[{"href":"https:\/\/climalife.com\/ro\/wp-json\/wp\/v2\/product\/163238","targetHints":{"allow":["GET"]}}],"collection":[{"href":"https:\/\/climalife.com\/ro\/wp-json\/wp\/v2\/product"}],"about":[{"href":"https:\/\/climalife.com\/ro\/wp-json\/wp\/v2\/types\/product"}],"replies":[{"embeddable":true,"href":"https:\/\/climalife.com\/ro\/wp-json\/wp\/v2\/comments?post=163238"}],"wp:featuredmedia":[{"embeddable":true,"href":"https:\/\/climalife.com\/ro\/wp-json\/wp\/v2\/media\/108621"}],"wp:attachment":[{"href":"https:\/\/climalife.com\/ro\/wp-json\/wp\/v2\/media?parent=163238"}],"wp:term":[{"taxonomy":"countries","embeddable":true,"href":"https:\/\/climalife.com\/ro\/wp-json\/wp\/v2\/countries?post=163238"},{"taxonomy":"product_brand","embeddable":true,"href":"https:\/\/climalife.com\/ro\/wp-json\/wp\/v2\/product_brand?post=163238"},{"taxonomy":"product_cat","embeddable":true,"href":"https:\/\/climalife.com\/ro\/wp-json\/wp\/v2\/product_cat?post=163238"},{"taxonomy":"product_tag","embeddable":true,"href":"https:\/\/climalife.com\/ro\/wp-json\/wp\/v2\/product_tag?post=163238"}],"curies":[{"name":"wp","href":"https:\/\/api.w.org\/{rel}","templated":true}]}}