{"id":163246,"date":"2022-09-28T18:18:21","date_gmt":"2022-09-28T18:18:21","guid":{"rendered":"http:\/\/climalife.com\/product\/novexpans-n-pentan-ciclopentan-93-7\/"},"modified":"2025-08-18T12:28:07","modified_gmt":"2025-08-18T12:28:07","slug":"novexpans-n-pentan-ciclopentan-93-7","status":"publish","type":"product","link":"https:\/\/climalife.com\/ro\/product\/novexpans-n-pentan-ciclopentan-93-7\/","title":{"rendered":"NOVEXPANS \u2122 n-pentan \/ ciclopentan (93\/7)"},"content":{"rendered":"<p><span class=\"tlid-translation translation\" lang=\"ro\"><span title=\"\">Aceast\u0103 formulare special\u0103 are ca rezultat un produs cu specifica\u021bii \u0219i calitate aproape identice cu n-pentanul, dar cu expresia de risc \u201eu\u0219or inflamabil\u201d, mai degrab\u0103 dec\u00e2t \u201eextrem de inflamabil\u201d, care are avantaje importante pentru depozitarea produsului.<\/span><br \/>\n<span title=\"\">Rezisten\u021ba mecanic\u0103 foarte bun\u0103 a spumei ob\u021binute este apreciat\u0103 \u00een special la fabricarea continu\u0103 a panourilor izolatoare.<\/span> <span class=\"\" title=\"\">Economic\u0103 \u0219i inofensiv\u0103 pentru stratul de ozon.<\/span><\/span><\/p>\n","protected":false},"excerpt":{"rendered":"<p>NOVEXPANS\u2122 n-pentan \/ ciclopentan (93\/7) este un amestec de n-pentan \u0219i ciclopentan cu specifica\u021bii garantate, utilizat ca agent de expansiune a spumelor rigide de poliuretan.<\/p>\n","protected":false},"featured_media":217985,"comment_status":"open","ping_status":"closed","template":"","meta":[],"countries":[4674,4709,4756,4813,4831,4862],"product_brand":[],"product_cat":[9998,9953,9507,9980,13106,9944],"product_tag":[],"class_list":{"0":"post-163246","1":"product","2":"type-product","3":"status-publish","4":"has-post-thumbnail","6":"countries-by","7":"countries-cu","8":"countries-ir","9":"countries-kp","10":"countries-ru","11":"countries-sy","12":"product_cat-alte-industrii","13":"product_cat-cladiri","14":"product_cat-hidrocarburi","15":"product_cat-industria-auto-transport","16":"product_cat-izolatie","17":"product_cat-sector-agroalimentar","18":"pa_packaging-butoi-217-l-ro-30","19":"pa_packaging-container-930-l-ro-76","20":"pa_packaging-vrac-ro-168","22":"first","23":"instock","24":"shipping-taxable","25":"purchasable","26":"product-type-variable"},"_links":{"self":[{"href":"https:\/\/climalife.com\/ro\/wp-json\/wp\/v2\/product\/163246","targetHints":{"allow":["GET"]}}],"collection":[{"href":"https:\/\/climalife.com\/ro\/wp-json\/wp\/v2\/product"}],"about":[{"href":"https:\/\/climalife.com\/ro\/wp-json\/wp\/v2\/types\/product"}],"replies":[{"embeddable":true,"href":"https:\/\/climalife.com\/ro\/wp-json\/wp\/v2\/comments?post=163246"}],"wp:featuredmedia":[{"embeddable":true,"href":"https:\/\/climalife.com\/ro\/wp-json\/wp\/v2\/media\/217985"}],"wp:attachment":[{"href":"https:\/\/climalife.com\/ro\/wp-json\/wp\/v2\/media?parent=163246"}],"wp:term":[{"taxonomy":"countries","embeddable":true,"href":"https:\/\/climalife.com\/ro\/wp-json\/wp\/v2\/countries?post=163246"},{"taxonomy":"product_brand","embeddable":true,"href":"https:\/\/climalife.com\/ro\/wp-json\/wp\/v2\/product_brand?post=163246"},{"taxonomy":"product_cat","embeddable":true,"href":"https:\/\/climalife.com\/ro\/wp-json\/wp\/v2\/product_cat?post=163246"},{"taxonomy":"product_tag","embeddable":true,"href":"https:\/\/climalife.com\/ro\/wp-json\/wp\/v2\/product_tag?post=163246"}],"curies":[{"name":"wp","href":"https:\/\/api.w.org\/{rel}","templated":true}]}}