{"id":163265,"date":"2022-09-28T18:18:41","date_gmt":"2022-09-28T18:18:41","guid":{"rendered":"http:\/\/climalife.com\/product\/r-422a-freontm-mo79\/"},"modified":"2025-08-18T12:25:26","modified_gmt":"2025-08-18T12:25:26","slug":"r-422a-freontm-mo79","status":"publish","type":"product","link":"https:\/\/climalife.com\/ro\/product\/r-422a-freontm-mo79\/","title":{"rendered":"R-422A (Freon\u2122 MO79)"},"content":{"rendered":"<p>Poate fi utilizat pentru noi sisteme de refrigerare de joas\u0103 temperatur\u0103 pentru depozitare la rece \u0219i \u00een aplica\u021bii folosite \u00een supermarket, agricole \u0219i distribu\u021bie a produselor alimentare..<\/p>\n","protected":false},"excerpt":{"rendered":"<p>R-422A (Freon\u2122 MO79) este un amestec zeotrop de tip H-FKW \u0219i serve\u0219te ca agent frigorific alternativ pentru produsele pe baz\u0103 de R-22, ini\u021bial agent frigorific de \u00eenlocuire pentru R-502, care era utilizat \u00een domeniul refriger\u0103rii.<\/p>\n","protected":false},"featured_media":108639,"comment_status":"open","ping_status":"closed","template":"","meta":[],"countries":[4674,4709,4756,4813,4831,4862],"product_brand":[],"product_cat":[9450,13131,9944],"product_tag":[],"class_list":{"0":"post-163265","1":"product","2":"type-product","3":"status-publish","4":"has-post-thumbnail","6":"countries-by","7":"countries-cu","8":"countries-ir","9":"countries-kp","10":"countries-ru","11":"countries-sy","12":"product_cat-hfc-ro-33","13":"product_cat-refrigerare","14":"product_cat-sector-agroalimentar","15":"pa_packaging-cilindru-52-l-ro-72","16":"pa_packaging-cubikool","18":"first","19":"instock","20":"shipping-taxable","21":"purchasable","22":"product-type-variable"},"_links":{"self":[{"href":"https:\/\/climalife.com\/ro\/wp-json\/wp\/v2\/product\/163265","targetHints":{"allow":["GET"]}}],"collection":[{"href":"https:\/\/climalife.com\/ro\/wp-json\/wp\/v2\/product"}],"about":[{"href":"https:\/\/climalife.com\/ro\/wp-json\/wp\/v2\/types\/product"}],"replies":[{"embeddable":true,"href":"https:\/\/climalife.com\/ro\/wp-json\/wp\/v2\/comments?post=163265"}],"wp:featuredmedia":[{"embeddable":true,"href":"https:\/\/climalife.com\/ro\/wp-json\/wp\/v2\/media\/108639"}],"wp:attachment":[{"href":"https:\/\/climalife.com\/ro\/wp-json\/wp\/v2\/media?parent=163265"}],"wp:term":[{"taxonomy":"countries","embeddable":true,"href":"https:\/\/climalife.com\/ro\/wp-json\/wp\/v2\/countries?post=163265"},{"taxonomy":"product_brand","embeddable":true,"href":"https:\/\/climalife.com\/ro\/wp-json\/wp\/v2\/product_brand?post=163265"},{"taxonomy":"product_cat","embeddable":true,"href":"https:\/\/climalife.com\/ro\/wp-json\/wp\/v2\/product_cat?post=163265"},{"taxonomy":"product_tag","embeddable":true,"href":"https:\/\/climalife.com\/ro\/wp-json\/wp\/v2\/product_tag?post=163265"}],"curies":[{"name":"wp","href":"https:\/\/api.w.org\/{rel}","templated":true}]}}