{"id":163282,"date":"2022-09-28T18:19:06","date_gmt":"2022-09-28T18:19:06","guid":{"rendered":"http:\/\/climalife.com\/product\/novexpans-n-pentan-izopentan-85-15\/"},"modified":"2025-08-18T12:23:02","modified_gmt":"2025-08-18T12:23:02","slug":"novexpans-n-pentan-izopentan-85-15","status":"publish","type":"product","link":"https:\/\/climalife.com\/ro\/product\/novexpans-n-pentan-izopentan-85-15\/","title":{"rendered":"NOVEXPANS\u2122 n-pentan \/ izopentan (85\/15)"},"content":{"rendered":"<p><span class=\"tlid-translation translation\" lang=\"ro\"><span class=\"\" title=\"\">Economic\u0103 \u0219i inofensiv\u0103 pentru stratul de ozon, este potrivit\u0103 \u00een special pentru fabricarea panourilor izolatoare.<\/span><\/span><\/p>\n","protected":false},"excerpt":{"rendered":"<p>NOVEXPANS\u2122 n-pentan \/ izopentan (85\/15) este un amestec cu specifica\u021bii garantate de n-pentan \u0219i izopentan utilizat ca agent de expansiune a spumelor rigide de poliuretan.<\/p>\n","protected":false},"featured_media":215567,"comment_status":"open","ping_status":"closed","template":"","meta":[],"countries":[4674,4709,4756,4813,4831,4862],"product_brand":[],"product_cat":[9998,9953,9507,13106],"product_tag":[],"class_list":{"0":"post-163282","1":"product","2":"type-product","3":"status-publish","4":"has-post-thumbnail","6":"countries-by","7":"countries-cu","8":"countries-ir","9":"countries-kp","10":"countries-ru","11":"countries-sy","12":"product_cat-alte-industrii","13":"product_cat-cladiri","14":"product_cat-hidrocarburi","15":"product_cat-izolatie","16":"pa_packaging-butoi-217-l-ro-30","17":"pa_packaging-canistra-30-l-ro-26","18":"pa_packaging-cilindru-26-l-ro-32","19":"pa_packaging-container-930-l-ro-76","20":"pa_packaging-vrac-ro-168","22":"first","23":"instock","24":"shipping-taxable","25":"purchasable","26":"product-type-variable"},"_links":{"self":[{"href":"https:\/\/climalife.com\/ro\/wp-json\/wp\/v2\/product\/163282","targetHints":{"allow":["GET"]}}],"collection":[{"href":"https:\/\/climalife.com\/ro\/wp-json\/wp\/v2\/product"}],"about":[{"href":"https:\/\/climalife.com\/ro\/wp-json\/wp\/v2\/types\/product"}],"replies":[{"embeddable":true,"href":"https:\/\/climalife.com\/ro\/wp-json\/wp\/v2\/comments?post=163282"}],"wp:featuredmedia":[{"embeddable":true,"href":"https:\/\/climalife.com\/ro\/wp-json\/wp\/v2\/media\/215567"}],"wp:attachment":[{"href":"https:\/\/climalife.com\/ro\/wp-json\/wp\/v2\/media?parent=163282"}],"wp:term":[{"taxonomy":"countries","embeddable":true,"href":"https:\/\/climalife.com\/ro\/wp-json\/wp\/v2\/countries?post=163282"},{"taxonomy":"product_brand","embeddable":true,"href":"https:\/\/climalife.com\/ro\/wp-json\/wp\/v2\/product_brand?post=163282"},{"taxonomy":"product_cat","embeddable":true,"href":"https:\/\/climalife.com\/ro\/wp-json\/wp\/v2\/product_cat?post=163282"},{"taxonomy":"product_tag","embeddable":true,"href":"https:\/\/climalife.com\/ro\/wp-json\/wp\/v2\/product_tag?post=163282"}],"curies":[{"name":"wp","href":"https:\/\/api.w.org\/{rel}","templated":true}]}}