{"id":163292,"date":"2022-09-28T18:19:16","date_gmt":"2022-09-28T18:19:16","guid":{"rendered":"http:\/\/climalife.com\/product\/novaspray-n-butan-propan-50-50\/"},"modified":"2025-08-18T12:21:18","modified_gmt":"2025-08-18T12:21:18","slug":"novaspray-n-butan-propan-50-50","status":"publish","type":"product","link":"https:\/\/climalife.com\/ro\/product\/novaspray-n-butan-propan-50-50\/","title":{"rendered":"NovaSpray\u2122 n-butan\/propan (50\/50)"},"content":{"rendered":"<p><span class=\"tlid-translation translation\" lang=\"ro\"><span class=\"\" title=\"\">&#8211; Economic datorit\u0103 densit\u0103\u021bii sale reduse, reduce foarte mult greutatea propulsorului de utilizat.<\/span><br \/>\n<span class=\"\" title=\"\">&#8211; Miscibilitatea sa excelent\u0103 cu majoritatea solven\u021bilor \u00eei confer\u0103 o mare flexibilitate a formul\u0103rii.<\/span><br \/>\n<span class=\"\" title=\"\">&#8211; Nu are niciun efect asupra stratului de ozon \u0219i are un impact neglijabil asupra efectului de ser\u0103.<\/span><\/span><\/p>\n","protected":false},"excerpt":{"rendered":"<p>NovaSpray \u2122 n-butan \/ propan (50\/50) este un amestec special dezodorizat NovaSpray \u2122 n-butan \u0219i NovaSpray \u2122 propan de calitate aerosol. De calitate constant\u0103 \u0219i presiune controlat\u0103, \u00eendepline\u0219te toate cerin\u021bele pentru un propulsor.<\/p>\n","protected":false},"featured_media":203681,"comment_status":"open","ping_status":"closed","template":"","meta":[],"countries":[4674,4709,4756,4813,4831,4862],"product_brand":[],"product_cat":[9971,9998,13122,9597],"product_tag":[],"class_list":{"0":"post-163292","1":"product","2":"type-product","3":"status-publish","4":"has-post-thumbnail","6":"countries-by","7":"countries-cu","8":"countries-ir","9":"countries-kp","10":"countries-ru","11":"countries-sy","12":"product_cat-sanatate-bunastare","13":"product_cat-alte-industrii","14":"product_cat-propulsoare","15":"product_cat-hidrocarburi-ro-83","16":"pa_packaging-20-tone-vrac-ro-141","17":"pa_packaging-cilindru-26-l-ro-32","18":"pa_packaging-cilindru-88-l-ro-122","19":"pa_packaging-container-930-l-ro-76","21":"first","22":"instock","23":"shipping-taxable","24":"purchasable","25":"product-type-variable"},"_links":{"self":[{"href":"https:\/\/climalife.com\/ro\/wp-json\/wp\/v2\/product\/163292","targetHints":{"allow":["GET"]}}],"collection":[{"href":"https:\/\/climalife.com\/ro\/wp-json\/wp\/v2\/product"}],"about":[{"href":"https:\/\/climalife.com\/ro\/wp-json\/wp\/v2\/types\/product"}],"replies":[{"embeddable":true,"href":"https:\/\/climalife.com\/ro\/wp-json\/wp\/v2\/comments?post=163292"}],"wp:featuredmedia":[{"embeddable":true,"href":"https:\/\/climalife.com\/ro\/wp-json\/wp\/v2\/media\/203681"}],"wp:attachment":[{"href":"https:\/\/climalife.com\/ro\/wp-json\/wp\/v2\/media?parent=163292"}],"wp:term":[{"taxonomy":"countries","embeddable":true,"href":"https:\/\/climalife.com\/ro\/wp-json\/wp\/v2\/countries?post=163292"},{"taxonomy":"product_brand","embeddable":true,"href":"https:\/\/climalife.com\/ro\/wp-json\/wp\/v2\/product_brand?post=163292"},{"taxonomy":"product_cat","embeddable":true,"href":"https:\/\/climalife.com\/ro\/wp-json\/wp\/v2\/product_cat?post=163292"},{"taxonomy":"product_tag","embeddable":true,"href":"https:\/\/climalife.com\/ro\/wp-json\/wp\/v2\/product_tag?post=163292"}],"curies":[{"name":"wp","href":"https:\/\/api.w.org\/{rel}","templated":true}]}}