{"id":163303,"date":"2022-09-28T18:19:26","date_gmt":"2022-09-28T18:19:26","guid":{"rendered":"http:\/\/climalife.com\/product\/r-245fa\/"},"modified":"2025-08-18T12:19:07","modified_gmt":"2025-08-18T12:19:07","slug":"r-245fa","status":"publish","type":"product","link":"https:\/\/climalife.com\/ro\/product\/r-245fa\/","title":{"rendered":"R-245fa"},"content":{"rendered":"<p><span id=\"result_box\" class=\"\" lang=\"ro\"><span class=\"\">Poate fi utilizat \u0219i \u00een instala\u021bii de mare putere echipate cu compresoare centrifuge (una sau mai multe etape), \u00eenlocuind HCFC R-123.<\/span><\/span><\/p>\n","protected":false},"excerpt":{"rendered":"<p>R-245fa este un hidrofluorocarbon (HFC). Este utilizat pentru instala\u021bii noi \u00een climatizarea industrial\u0103, aerul condi\u021bionat \u00een cl\u0103diri, sistemele de recuperare a c\u0103ldurii din ciclul Organic Rankine (ORC) \u0219i pentru sistemele de recuperare a energiei la temperaturi ridicate.<\/p>\n","protected":false},"featured_media":117449,"comment_status":"open","ping_status":"closed","template":"","meta":[],"countries":[4674,4709,4756,4813,4831,4862],"product_brand":[],"product_cat":[9989,9953,9962,13062,13115,9450],"product_tag":[],"class_list":{"0":"post-163303","1":"product","2":"type-product","3":"status-publish","4":"has-post-thumbnail","6":"countries-by","7":"countries-cu","8":"countries-ir","9":"countries-kp","10":"countries-ru","11":"countries-sy","12":"product_cat-aeronautica-aerospatiala-aparare","13":"product_cat-cladiri","14":"product_cat-energie","15":"product_cat-aer-conditionat","16":"product_cat-ciclu-rankine-organic","17":"product_cat-hfc-ro-33","18":"pa_packaging-cilindru-52-l-ro-72","20":"first","21":"instock","22":"shipping-taxable","23":"purchasable","24":"product-type-variable"},"_links":{"self":[{"href":"https:\/\/climalife.com\/ro\/wp-json\/wp\/v2\/product\/163303","targetHints":{"allow":["GET"]}}],"collection":[{"href":"https:\/\/climalife.com\/ro\/wp-json\/wp\/v2\/product"}],"about":[{"href":"https:\/\/climalife.com\/ro\/wp-json\/wp\/v2\/types\/product"}],"replies":[{"embeddable":true,"href":"https:\/\/climalife.com\/ro\/wp-json\/wp\/v2\/comments?post=163303"}],"wp:featuredmedia":[{"embeddable":true,"href":"https:\/\/climalife.com\/ro\/wp-json\/wp\/v2\/media\/117449"}],"wp:attachment":[{"href":"https:\/\/climalife.com\/ro\/wp-json\/wp\/v2\/media?parent=163303"}],"wp:term":[{"taxonomy":"countries","embeddable":true,"href":"https:\/\/climalife.com\/ro\/wp-json\/wp\/v2\/countries?post=163303"},{"taxonomy":"product_brand","embeddable":true,"href":"https:\/\/climalife.com\/ro\/wp-json\/wp\/v2\/product_brand?post=163303"},{"taxonomy":"product_cat","embeddable":true,"href":"https:\/\/climalife.com\/ro\/wp-json\/wp\/v2\/product_cat?post=163303"},{"taxonomy":"product_tag","embeddable":true,"href":"https:\/\/climalife.com\/ro\/wp-json\/wp\/v2\/product_tag?post=163303"}],"curies":[{"name":"wp","href":"https:\/\/api.w.org\/{rel}","templated":true}]}}