{"id":163371,"date":"2022-09-28T18:20:45","date_gmt":"2022-09-28T18:20:45","guid":{"rendered":"http:\/\/climalife.com\/product\/novexpans-izobutan\/"},"modified":"2025-07-31T13:56:46","modified_gmt":"2025-07-31T13:56:46","slug":"novexpans-izobutan","status":"publish","type":"product","link":"https:\/\/climalife.com\/ro\/product\/novexpans-izobutan\/","title":{"rendered":"NOVEXPANS\u2122 izobutan"},"content":{"rendered":"<p><span class=\"tlid-translation translation\" lang=\"ro\"><span title=\"\">Poate fi combinat cu alte hidrocarburi (propan, n-butan) pentru expansiunea spumelor de polistiren.<\/span> <span class=\"\" title=\"\">F\u0103r\u0103 efect asupra stratului de ozon, este recomandat ca \u00eenlocuitor pentru produsele HCFC.<\/span><\/span><\/p>\n","protected":false},"excerpt":{"rendered":"<p>NOVEXPANS\u2122 izobutan este un gaz special dezodorizat cu specifica\u021bii garantate, utilizat pentru expansiunea spumelor de plastic (polietilen\u0103, polistiren \u0219i PVC).<\/p>\n","protected":false},"featured_media":204029,"comment_status":"open","ping_status":"closed","template":"","meta":[],"countries":[4674,4709,4756,4813,4831,4862],"product_brand":[],"product_cat":[9998,9953,9507,9980,13106,9944],"product_tag":[],"class_list":{"0":"post-163371","1":"product","2":"type-product","3":"status-publish","4":"has-post-thumbnail","6":"countries-by","7":"countries-cu","8":"countries-ir","9":"countries-kp","10":"countries-ru","11":"countries-sy","12":"product_cat-alte-industrii","13":"product_cat-cladiri","14":"product_cat-hidrocarburi","15":"product_cat-industria-auto-transport","16":"product_cat-izolatie","17":"product_cat-sector-agroalimentar","18":"pa_packaging-cilindru-26-l-ro-32","19":"pa_packaging-cilindru-88-l-ro-122","20":"pa_packaging-container-930-l-ro-76","21":"pa_packaging-vrac-ro-168","23":"first","24":"instock","25":"shipping-taxable","26":"purchasable","27":"product-type-variable"},"_links":{"self":[{"href":"https:\/\/climalife.com\/ro\/wp-json\/wp\/v2\/product\/163371","targetHints":{"allow":["GET"]}}],"collection":[{"href":"https:\/\/climalife.com\/ro\/wp-json\/wp\/v2\/product"}],"about":[{"href":"https:\/\/climalife.com\/ro\/wp-json\/wp\/v2\/types\/product"}],"replies":[{"embeddable":true,"href":"https:\/\/climalife.com\/ro\/wp-json\/wp\/v2\/comments?post=163371"}],"wp:featuredmedia":[{"embeddable":true,"href":"https:\/\/climalife.com\/ro\/wp-json\/wp\/v2\/media\/204029"}],"wp:attachment":[{"href":"https:\/\/climalife.com\/ro\/wp-json\/wp\/v2\/media?parent=163371"}],"wp:term":[{"taxonomy":"countries","embeddable":true,"href":"https:\/\/climalife.com\/ro\/wp-json\/wp\/v2\/countries?post=163371"},{"taxonomy":"product_brand","embeddable":true,"href":"https:\/\/climalife.com\/ro\/wp-json\/wp\/v2\/product_brand?post=163371"},{"taxonomy":"product_cat","embeddable":true,"href":"https:\/\/climalife.com\/ro\/wp-json\/wp\/v2\/product_cat?post=163371"},{"taxonomy":"product_tag","embeddable":true,"href":"https:\/\/climalife.com\/ro\/wp-json\/wp\/v2\/product_tag?post=163371"}],"curies":[{"name":"wp","href":"https:\/\/api.w.org\/{rel}","templated":true}]}}