{"id":163563,"date":"2022-09-28T18:24:23","date_gmt":"2022-09-28T18:24:23","guid":{"rendered":"http:\/\/climalife.com\/product\/r-227ea\/"},"modified":"2025-08-18T11:54:25","modified_gmt":"2025-08-18T11:54:25","slug":"r-227ea","status":"publish","type":"product","link":"https:\/\/climalife.com\/ro\/product\/r-227ea\/","title":{"rendered":"R-227ea"},"content":{"rendered":"<p>Este adecvat \u00een special pentru instala\u021bii de climatizare care func\u021bioneaz\u0103 la temperaturi ambientale ridicate, pentru pompe de c\u0103ldur\u0103 de \u00eenalt\u0103 temperatur\u0103 \u0219i senzori de temperatur\u0103.<\/p>\n","protected":false},"excerpt":{"rendered":"<p>R-227 ist ein Fluorkohlenwasserstoff (H-FKW), der dazu bestimmt ist, den R-114 (FCKW) zu ersetzen, dessen Produktion in der Europ\u00e4ischen Union seit dem 31.12.1994 eingestellt ist.<\/p>\n","protected":false},"featured_media":108594,"comment_status":"open","ping_status":"closed","template":"","meta":[],"countries":[4674,4709,4756,4813,4831,4862],"product_brand":[],"product_cat":[9989,9962,9998,13062,9450],"product_tag":[],"class_list":{"0":"post-163563","1":"product","2":"type-product","3":"status-publish","4":"has-post-thumbnail","6":"countries-by","7":"countries-cu","8":"countries-ir","9":"countries-kp","10":"countries-ru","11":"countries-sy","12":"product_cat-aeronautica-aerospatiala-aparare","13":"product_cat-energie","14":"product_cat-alte-industrii","15":"product_cat-aer-conditionat","16":"product_cat-hfc-ro-33","17":"pa_packaging-cilindru-27-l-ro-34","18":"pa_packaging-cilindru-52-l-ro-72","19":"pa_packaging-cubikool","21":"first","22":"instock","23":"shipping-taxable","24":"purchasable","25":"product-type-variable"},"_links":{"self":[{"href":"https:\/\/climalife.com\/ro\/wp-json\/wp\/v2\/product\/163563","targetHints":{"allow":["GET"]}}],"collection":[{"href":"https:\/\/climalife.com\/ro\/wp-json\/wp\/v2\/product"}],"about":[{"href":"https:\/\/climalife.com\/ro\/wp-json\/wp\/v2\/types\/product"}],"replies":[{"embeddable":true,"href":"https:\/\/climalife.com\/ro\/wp-json\/wp\/v2\/comments?post=163563"}],"wp:featuredmedia":[{"embeddable":true,"href":"https:\/\/climalife.com\/ro\/wp-json\/wp\/v2\/media\/108594"}],"wp:attachment":[{"href":"https:\/\/climalife.com\/ro\/wp-json\/wp\/v2\/media?parent=163563"}],"wp:term":[{"taxonomy":"countries","embeddable":true,"href":"https:\/\/climalife.com\/ro\/wp-json\/wp\/v2\/countries?post=163563"},{"taxonomy":"product_brand","embeddable":true,"href":"https:\/\/climalife.com\/ro\/wp-json\/wp\/v2\/product_brand?post=163563"},{"taxonomy":"product_cat","embeddable":true,"href":"https:\/\/climalife.com\/ro\/wp-json\/wp\/v2\/product_cat?post=163563"},{"taxonomy":"product_tag","embeddable":true,"href":"https:\/\/climalife.com\/ro\/wp-json\/wp\/v2\/product_tag?post=163563"}],"curies":[{"name":"wp","href":"https:\/\/api.w.org\/{rel}","templated":true}]}}