{"id":163615,"date":"2022-09-28T18:25:21","date_gmt":"2022-09-28T18:25:21","guid":{"rendered":"http:\/\/climalife.com\/?post_type=product&#038;p=163615"},"modified":"2025-08-18T11:45:02","modified_gmt":"2025-08-18T11:45:02","slug":"r-438a-freontm-mo99","status":"publish","type":"product","link":"https:\/\/climalife.com\/ro\/product\/r-438a-freontm-mo99\/","title":{"rendered":"R-438A (Freon\u2122 MO99)"},"content":{"rendered":"<p>Nu folosi\u021bi in sisteme\u00a0centrifugale \u0219i cu\u00a0vaporizator indundat. <span id=\"result_box\" class=\"\" lang=\"ro\"><span class=\"\">Utiliza\u021bi<\/span> <span class=\"\">un<\/span> ulei mineral (MO), alchilbenzensulfonat (AB) sau poliol ester (POE). <span class=\"\">Climalife<\/span> recomand\u0103 folosirea unui ulei POE pentru toate tipurile de HFC-uri.<\/span><\/p>\n<p>&nbsp;<\/p>\n","protected":false},"excerpt":{"rendered":"<p>R438A (FreonTM MO99) este un amestec de HFC zeotropic, care poate \u00eenlocui R-22 (HCFC) \u00een aplica\u021bii reziden\u021biale \u0219i comerciale de aer condi\u021bionat, r\u0103citoare \u0219i sisteme de refrigerare de expansiune direct\u0103 de temperatur\u0103 joas\u0103 \u0219i medie.<\/p>\n","protected":false},"featured_media":130435,"comment_status":"open","ping_status":"closed","template":"","meta":[],"countries":[4674,4709,4756,4813,4831,4862],"product_brand":[],"product_cat":[13062,9953,9450,13131,9944],"product_tag":[],"class_list":{"0":"post-163615","1":"product","2":"type-product","3":"status-publish","4":"has-post-thumbnail","6":"countries-by","7":"countries-cu","8":"countries-ir","9":"countries-kp","10":"countries-ru","11":"countries-sy","12":"product_cat-aer-conditionat","13":"product_cat-cladiri","14":"product_cat-hfc-ro-33","15":"product_cat-refrigerare","16":"product_cat-sector-agroalimentar","17":"pa_packaging-cilindru-61-l-ro-300","19":"first","20":"instock","21":"shipping-taxable","22":"purchasable","23":"product-type-variable"},"_links":{"self":[{"href":"https:\/\/climalife.com\/ro\/wp-json\/wp\/v2\/product\/163615","targetHints":{"allow":["GET"]}}],"collection":[{"href":"https:\/\/climalife.com\/ro\/wp-json\/wp\/v2\/product"}],"about":[{"href":"https:\/\/climalife.com\/ro\/wp-json\/wp\/v2\/types\/product"}],"replies":[{"embeddable":true,"href":"https:\/\/climalife.com\/ro\/wp-json\/wp\/v2\/comments?post=163615"}],"wp:featuredmedia":[{"embeddable":true,"href":"https:\/\/climalife.com\/ro\/wp-json\/wp\/v2\/media\/130435"}],"wp:attachment":[{"href":"https:\/\/climalife.com\/ro\/wp-json\/wp\/v2\/media?parent=163615"}],"wp:term":[{"taxonomy":"countries","embeddable":true,"href":"https:\/\/climalife.com\/ro\/wp-json\/wp\/v2\/countries?post=163615"},{"taxonomy":"product_brand","embeddable":true,"href":"https:\/\/climalife.com\/ro\/wp-json\/wp\/v2\/product_brand?post=163615"},{"taxonomy":"product_cat","embeddable":true,"href":"https:\/\/climalife.com\/ro\/wp-json\/wp\/v2\/product_cat?post=163615"},{"taxonomy":"product_tag","embeddable":true,"href":"https:\/\/climalife.com\/ro\/wp-json\/wp\/v2\/product_tag?post=163615"}],"curies":[{"name":"wp","href":"https:\/\/api.w.org\/{rel}","templated":true}]}}