{"id":163623,"date":"2022-09-28T18:25:32","date_gmt":"2022-09-28T18:25:32","guid":{"rendered":"http:\/\/climalife.com\/product\/novaspray-izopentan-s\/"},"modified":"2025-08-18T11:40:48","modified_gmt":"2025-08-18T11:40:48","slug":"novaspray-izopentan-s","status":"publish","type":"product","link":"https:\/\/climalife.com\/ro\/product\/novaspray-izopentan-s\/","title":{"rendered":"NovaSpray\u2122 izopentan S"},"content":{"rendered":"<p><span class=\"VIiyi\" lang=\"ro\"><span class=\"JLqJ4b ChMk0b\" data-language-for-alternatives=\"ro\" data-language-to-translate-into=\"fr\" data-phrase-index=\"0\">Solubilitatea \u00een NovaSpray \u2122 izopentan S a r\u0103\u0219inilor \u0219i a majorit\u0103\u021bii componentelor insolubile \u00een butani \/ propani, precum \u0219i miscibilitatea sa cu majoritatea solven\u021bilor polari sau nepolari permite o gam\u0103 larg\u0103 de formul\u0103ri.<\/span> <\/span><\/p>\n<p><span class=\"JLqJ4b ChMk0b\" data-language-for-alternatives=\"ro\" data-language-to-translate-into=\"fr\" data-phrase-index=\"2\">Economic\u0103 datorit\u0103 densit\u0103\u021bii reduse, \u00eenlocuie\u0219te \u00een mod avantajos etanolul ca solvent. Punctul s\u0103u de fierbere sc\u0103zut este un avantaj pentru formul\u0103rile specifice care \u00eel necesit\u0103.<\/span> <span class=\"JLqJ4b ChMk0b\" data-language-for-alternatives=\"ro\" data-language-to-translate-into=\"fr\" data-phrase-index=\"3\">Nu are niciun efect asupra stratului de ozon \u0219i are un impact neglijabil asupra efectului de ser\u0103.<\/span><\/p>\n","protected":false},"excerpt":{"rendered":"<p>Special dezodorizat \u0219i de foarte mare puritate, NovaSpray \u2122 izopentan S poate fi utilizat \u00een formul\u0103ri de produse cosmetice. De o calitate consistent\u0103, \u00eendepline\u0219te cerin\u021bele industriei aerosolilor.<\/p>\n","protected":false},"featured_media":203681,"comment_status":"open","ping_status":"closed","template":"","meta":[],"countries":[4674,4709,4756,4813,4831,4862],"product_brand":[],"product_cat":[9971,13122,9597],"product_tag":[],"class_list":{"0":"post-163623","1":"product","2":"type-product","3":"status-publish","4":"has-post-thumbnail","6":"countries-by","7":"countries-cu","8":"countries-ir","9":"countries-kp","10":"countries-ru","11":"countries-sy","12":"product_cat-sanatate-bunastare","13":"product_cat-propulsoare","14":"product_cat-hidrocarburi-ro-83","15":"pa_packaging-20-tone-vrac-ro-141","16":"pa_packaging-butoi-217-l-ro-30","17":"pa_packaging-cilindru-88-l-ro-122","18":"pa_packaging-container-930-l-ro-76","20":"first","21":"instock","22":"shipping-taxable","23":"purchasable","24":"product-type-variable"},"_links":{"self":[{"href":"https:\/\/climalife.com\/ro\/wp-json\/wp\/v2\/product\/163623","targetHints":{"allow":["GET"]}}],"collection":[{"href":"https:\/\/climalife.com\/ro\/wp-json\/wp\/v2\/product"}],"about":[{"href":"https:\/\/climalife.com\/ro\/wp-json\/wp\/v2\/types\/product"}],"replies":[{"embeddable":true,"href":"https:\/\/climalife.com\/ro\/wp-json\/wp\/v2\/comments?post=163623"}],"wp:featuredmedia":[{"embeddable":true,"href":"https:\/\/climalife.com\/ro\/wp-json\/wp\/v2\/media\/203681"}],"wp:attachment":[{"href":"https:\/\/climalife.com\/ro\/wp-json\/wp\/v2\/media?parent=163623"}],"wp:term":[{"taxonomy":"countries","embeddable":true,"href":"https:\/\/climalife.com\/ro\/wp-json\/wp\/v2\/countries?post=163623"},{"taxonomy":"product_brand","embeddable":true,"href":"https:\/\/climalife.com\/ro\/wp-json\/wp\/v2\/product_brand?post=163623"},{"taxonomy":"product_cat","embeddable":true,"href":"https:\/\/climalife.com\/ro\/wp-json\/wp\/v2\/product_cat?post=163623"},{"taxonomy":"product_tag","embeddable":true,"href":"https:\/\/climalife.com\/ro\/wp-json\/wp\/v2\/product_tag?post=163623"}],"curies":[{"name":"wp","href":"https:\/\/api.w.org\/{rel}","templated":true}]}}