{"id":163641,"date":"2022-09-28T18:25:54","date_gmt":"2022-09-28T18:25:54","guid":{"rendered":"http:\/\/climalife.com\/product\/novaspray-propan\/"},"modified":"2025-08-18T11:37:20","modified_gmt":"2025-08-18T11:37:20","slug":"novaspray-propan","status":"publish","type":"product","link":"https:\/\/climalife.com\/ro\/product\/novaspray-propan\/","title":{"rendered":"NovaSpray\u2122 propan"},"content":{"rendered":"<p><span class=\"VIiyi\" lang=\"ro\"><span class=\"JLqJ4b ChMk0b\" data-language-for-alternatives=\"ro\" data-language-to-translate-into=\"fr\" data-phrase-index=\"0\"><span class=\"tlid-translation translation\" lang=\"ro\"><span class=\"\" title=\"\">Economic datorit\u0103 densit\u0103\u021bii sale reduse<\/span><\/span>, <span class=\"tlid-translation translation\" lang=\"ro\"><span class=\"\" title=\"\"> red<\/span><\/span><span class=\"tlid-translation translation\" lang=\"ro\"><span class=\"\" title=\"\">uce foarte mult greutatea propulsorului de utilizat.<\/span><\/span><\/span> <span class=\"JLqJ4b ChMk0b\" data-language-for-alternatives=\"ro\" data-language-to-translate-into=\"fr\" data-phrase-index=\"1\">Miscibilitatea sa excelent\u0103 cu majoritatea solven\u021bilor \u00eei confer\u0103 o mare flexibilitate a formul\u0103rii.<\/span> <span class=\"JLqJ4b ChMk0b\" data-language-for-alternatives=\"ro\" data-language-to-translate-into=\"fr\" data-phrase-index=\"2\">Nu are niciun efect asupra stratului de ozon \u0219i are un impact neglijabil asupra efectului de ser\u0103.<\/span><\/span><\/p>\n","protected":false},"excerpt":{"rendered":"<p>NovaSprayTM propan este un propan de calitate aerosol special dezodorizat \u0219i f\u0103r\u0103 propilen\u0103. De calitate constant\u0103, \u00eendepline\u0219te toate cerin\u021bele pentru un propulsor. Se folose\u0219te \u00een general pentru a cre\u0219te presiunea amestecurilor pe baz\u0103 de NovaSpray \u2122 n-butan \u0219i NovaSpray \u2122 izobutan.<\/p>\n","protected":false},"featured_media":203681,"comment_status":"open","ping_status":"closed","template":"","meta":[],"countries":[4674,4709,4756,4813,4831,4862],"product_brand":[],"product_cat":[9980,9971,9998,13122,9597],"product_tag":[],"class_list":{"0":"post-163641","1":"product","2":"type-product","3":"status-publish","4":"has-post-thumbnail","6":"countries-by","7":"countries-cu","8":"countries-ir","9":"countries-kp","10":"countries-ru","11":"countries-sy","12":"product_cat-industria-auto-transport","13":"product_cat-sanatate-bunastare","14":"product_cat-alte-industrii","15":"product_cat-propulsoare","16":"product_cat-hidrocarburi-ro-83","17":"pa_packaging-20-tone-vrac-ro-141","18":"pa_packaging-cilindru-26-l-ro-32","19":"pa_packaging-cilindru-88-l-ro-122","20":"pa_packaging-container-930-l-ro-76","22":"first","23":"instock","24":"shipping-taxable","25":"purchasable","26":"product-type-variable"},"_links":{"self":[{"href":"https:\/\/climalife.com\/ro\/wp-json\/wp\/v2\/product\/163641","targetHints":{"allow":["GET"]}}],"collection":[{"href":"https:\/\/climalife.com\/ro\/wp-json\/wp\/v2\/product"}],"about":[{"href":"https:\/\/climalife.com\/ro\/wp-json\/wp\/v2\/types\/product"}],"replies":[{"embeddable":true,"href":"https:\/\/climalife.com\/ro\/wp-json\/wp\/v2\/comments?post=163641"}],"wp:featuredmedia":[{"embeddable":true,"href":"https:\/\/climalife.com\/ro\/wp-json\/wp\/v2\/media\/203681"}],"wp:attachment":[{"href":"https:\/\/climalife.com\/ro\/wp-json\/wp\/v2\/media?parent=163641"}],"wp:term":[{"taxonomy":"countries","embeddable":true,"href":"https:\/\/climalife.com\/ro\/wp-json\/wp\/v2\/countries?post=163641"},{"taxonomy":"product_brand","embeddable":true,"href":"https:\/\/climalife.com\/ro\/wp-json\/wp\/v2\/product_brand?post=163641"},{"taxonomy":"product_cat","embeddable":true,"href":"https:\/\/climalife.com\/ro\/wp-json\/wp\/v2\/product_cat?post=163641"},{"taxonomy":"product_tag","embeddable":true,"href":"https:\/\/climalife.com\/ro\/wp-json\/wp\/v2\/product_tag?post=163641"}],"curies":[{"name":"wp","href":"https:\/\/api.w.org\/{rel}","templated":true}]}}