{"id":163707,"date":"2022-09-28T18:27:04","date_gmt":"2022-09-28T18:27:04","guid":{"rendered":"http:\/\/climalife.com\/product\/bitzer-bvc-32\/"},"modified":"2025-07-11T11:57:02","modified_gmt":"2025-07-11T11:57:02","slug":"bitzer-bvc-32","status":"publish","type":"product","link":"https:\/\/climalife.com\/ro\/product\/bitzer-bvc-32\/","title":{"rendered":"Bitzer BVC 32"},"content":{"rendered":"<p>Potrivit pentru instala\u021bii de climatizare, pompe de c\u0103ldur\u0103 \u0219i aplica\u021bii de r\u0103cire industrial\u0103 \u00een care se utilizeaz\u0103 HFC ca agent frigorific.<\/p>\n","protected":false},"excerpt":{"rendered":"<p>Bitzer BVC 32 este un ulei de polivinileter (PVE).<\/p>\n","protected":false},"featured_media":109269,"comment_status":"open","ping_status":"closed","template":"","meta":[],"countries":[4674,4709,4756,4813,4831,4862],"product_brand":[],"product_cat":[13062,9998,9953,13097,13468],"product_tag":[],"class_list":{"0":"post-163707","1":"product","2":"type-product","3":"status-publish","4":"has-post-thumbnail","6":"countries-by","7":"countries-cu","8":"countries-ir","9":"countries-kp","10":"countries-ru","11":"countries-sy","12":"product_cat-aer-conditionat","13":"product_cat-alte-industrii","14":"product_cat-cladiri","15":"product_cat-incalzire","16":"product_cat-pve-ro","17":"pa_packaging-canistra-1-l-ro-63","18":"pa_packaging-canistra-de-5-l-ro-35","20":"first","21":"instock","22":"shipping-taxable","23":"purchasable","24":"product-type-variable"},"_links":{"self":[{"href":"https:\/\/climalife.com\/ro\/wp-json\/wp\/v2\/product\/163707","targetHints":{"allow":["GET"]}}],"collection":[{"href":"https:\/\/climalife.com\/ro\/wp-json\/wp\/v2\/product"}],"about":[{"href":"https:\/\/climalife.com\/ro\/wp-json\/wp\/v2\/types\/product"}],"replies":[{"embeddable":true,"href":"https:\/\/climalife.com\/ro\/wp-json\/wp\/v2\/comments?post=163707"}],"wp:featuredmedia":[{"embeddable":true,"href":"https:\/\/climalife.com\/ro\/wp-json\/wp\/v2\/media\/109269"}],"wp:attachment":[{"href":"https:\/\/climalife.com\/ro\/wp-json\/wp\/v2\/media?parent=163707"}],"wp:term":[{"taxonomy":"countries","embeddable":true,"href":"https:\/\/climalife.com\/ro\/wp-json\/wp\/v2\/countries?post=163707"},{"taxonomy":"product_brand","embeddable":true,"href":"https:\/\/climalife.com\/ro\/wp-json\/wp\/v2\/product_brand?post=163707"},{"taxonomy":"product_cat","embeddable":true,"href":"https:\/\/climalife.com\/ro\/wp-json\/wp\/v2\/product_cat?post=163707"},{"taxonomy":"product_tag","embeddable":true,"href":"https:\/\/climalife.com\/ro\/wp-json\/wp\/v2\/product_tag?post=163707"}],"curies":[{"name":"wp","href":"https:\/\/api.w.org\/{rel}","templated":true}]}}