{"id":163824,"date":"2022-09-28T18:29:18","date_gmt":"2022-09-28T18:29:18","guid":{"rendered":"http:\/\/climalife.com\/product\/mobil-zerice-s\/"},"modified":"2025-07-29T08:12:49","modified_gmt":"2025-07-29T08:12:49","slug":"mobil-zerice-s","status":"publish","type":"product","link":"https:\/\/climalife.com\/ro\/product\/mobil-zerice-s\/","title":{"rendered":"Mobil Zerice Gama S"},"content":{"rendered":"<p>Mobil Zerice S sunt uleiuri sintetice de cea mai \u00eenalt\u0103 calitate pentru compresoare frigorifice. Acestea sunt formulate cu alchilbenzoli care, datorit\u0103 compozi\u021biei lor chimice, sunt perfect miscibile cu agen\u021bi frigorifici pe baz\u0103 de hidrocarburi clorofluorurate, cum ar fi R502, R12 \u0219i R22.<br \/>\nPrin urmare, Mobil Zerice S poate fi utilizat la temperaturi de evaporare extrem de sc\u0103zute, p\u00e2n\u0103 la \u201360 \u00b0C.<\/p>\n","protected":false},"excerpt":{"rendered":"<p>Uleiuri pentru compresoare de refrigerare (AB).<\/p>\n","protected":false},"featured_media":108369,"comment_status":"open","ping_status":"closed","template":"","meta":[],"countries":[4674,4709,4756,4813,4831,4862],"product_brand":[],"product_cat":[9989,9980,9953,9962,9944,9971,9998,13062,13097,13131,13432],"product_tag":[],"class_list":{"0":"post-163824","1":"product","2":"type-product","3":"status-publish","4":"has-post-thumbnail","6":"countries-by","7":"countries-cu","8":"countries-ir","9":"countries-kp","10":"countries-ru","11":"countries-sy","12":"product_cat-aeronautica-aerospatiala-aparare","13":"product_cat-industria-auto-transport","14":"product_cat-cladiri","15":"product_cat-energie","16":"product_cat-sector-agroalimentar","17":"product_cat-sanatate-bunastare","18":"product_cat-alte-industrii","19":"product_cat-aer-conditionat","20":"product_cat-incalzire","21":"product_cat-refrigerare","22":"product_cat-ab-ro","23":"pa_packaging-butoi-208-l-ro-49","24":"pa_packaging-canistra-de-20-l-ro-36","26":"first","27":"instock","28":"shipping-taxable","29":"purchasable","30":"product-type-variable"},"_links":{"self":[{"href":"https:\/\/climalife.com\/ro\/wp-json\/wp\/v2\/product\/163824","targetHints":{"allow":["GET"]}}],"collection":[{"href":"https:\/\/climalife.com\/ro\/wp-json\/wp\/v2\/product"}],"about":[{"href":"https:\/\/climalife.com\/ro\/wp-json\/wp\/v2\/types\/product"}],"replies":[{"embeddable":true,"href":"https:\/\/climalife.com\/ro\/wp-json\/wp\/v2\/comments?post=163824"}],"wp:featuredmedia":[{"embeddable":true,"href":"https:\/\/climalife.com\/ro\/wp-json\/wp\/v2\/media\/108369"}],"wp:attachment":[{"href":"https:\/\/climalife.com\/ro\/wp-json\/wp\/v2\/media?parent=163824"}],"wp:term":[{"taxonomy":"countries","embeddable":true,"href":"https:\/\/climalife.com\/ro\/wp-json\/wp\/v2\/countries?post=163824"},{"taxonomy":"product_brand","embeddable":true,"href":"https:\/\/climalife.com\/ro\/wp-json\/wp\/v2\/product_brand?post=163824"},{"taxonomy":"product_cat","embeddable":true,"href":"https:\/\/climalife.com\/ro\/wp-json\/wp\/v2\/product_cat?post=163824"},{"taxonomy":"product_tag","embeddable":true,"href":"https:\/\/climalife.com\/ro\/wp-json\/wp\/v2\/product_tag?post=163824"}],"curies":[{"name":"wp","href":"https:\/\/api.w.org\/{rel}","templated":true}]}}