{"id":163835,"date":"2022-09-28T18:29:31","date_gmt":"2022-09-28T18:29:31","guid":{"rendered":"http:\/\/climalife.com\/product\/mobil-arctic-shc-nh-68\/"},"modified":"2025-10-16T08:04:54","modified_gmt":"2025-10-16T08:04:54","slug":"mobil-arctic-shc-nh-68","status":"publish","type":"product","link":"https:\/\/climalife.com\/ro\/product\/mobil-arctic-shc-nh-68\/","title":{"rendered":"Mobil Arctic SHC NH 68"},"content":{"rendered":"<p>Chiar \u0219i \u00een cele mai dificile condi\u021bii de func\u021bionare, Mobil Gargoyle Arctic SHC NH 68 va preveni formarea de n\u0103mol \u0219i depuneri, evit\u00e2nd sau reduc\u00e2nd la minimum blocarea supapelor sau a filtrelor.<\/p>\n","protected":false},"excerpt":{"rendered":"<p>Mobil Gargoyle Arctic SHC NH 68 este un lubrifiant complet sintetic, special conceput pentru lubrifierea compresoarelor frigorifice din instala\u021biile de \u00eenalt\u0103 performan\u021b\u0103 care utilizeaz\u0103 amoniac (NH3) ca agent frigorific. Mobil Gargoyle Arctic SHC NH 68 este formulat din hidrocarburi sintetizate f\u0103r\u0103 cear\u0103, polialfaolefin\u0103 (PAO) \u0219i uleiuri de baz\u0103 sintetice din alchilbenzen, care au demonstrat o rezisten\u021b\u0103 remarcabil\u0103 la degradarea termic\u0103\/oxidativ\u0103.<\/p>\n","protected":false},"featured_media":121914,"comment_status":"open","ping_status":"closed","template":"","meta":[],"countries":[4674,4709,4756,4813,4831,4862],"product_brand":[],"product_cat":[9989,9944,9971,9998,13097,13131,13432],"product_tag":[],"class_list":{"0":"post-163835","1":"product","2":"type-product","3":"status-publish","4":"has-post-thumbnail","6":"countries-by","7":"countries-cu","8":"countries-ir","9":"countries-kp","10":"countries-ru","11":"countries-sy","12":"product_cat-aeronautica-aerospatiala-aparare","13":"product_cat-sector-agroalimentar","14":"product_cat-sanatate-bunastare","15":"product_cat-alte-industrii","16":"product_cat-incalzire","17":"product_cat-refrigerare","18":"product_cat-ab-ro","19":"pa_packaging-canistra-de-20-l-ro-36","21":"first","22":"instock","23":"shipping-taxable","24":"purchasable","25":"product-type-variable"},"_links":{"self":[{"href":"https:\/\/climalife.com\/ro\/wp-json\/wp\/v2\/product\/163835","targetHints":{"allow":["GET"]}}],"collection":[{"href":"https:\/\/climalife.com\/ro\/wp-json\/wp\/v2\/product"}],"about":[{"href":"https:\/\/climalife.com\/ro\/wp-json\/wp\/v2\/types\/product"}],"replies":[{"embeddable":true,"href":"https:\/\/climalife.com\/ro\/wp-json\/wp\/v2\/comments?post=163835"}],"wp:featuredmedia":[{"embeddable":true,"href":"https:\/\/climalife.com\/ro\/wp-json\/wp\/v2\/media\/121914"}],"wp:attachment":[{"href":"https:\/\/climalife.com\/ro\/wp-json\/wp\/v2\/media?parent=163835"}],"wp:term":[{"taxonomy":"countries","embeddable":true,"href":"https:\/\/climalife.com\/ro\/wp-json\/wp\/v2\/countries?post=163835"},{"taxonomy":"product_brand","embeddable":true,"href":"https:\/\/climalife.com\/ro\/wp-json\/wp\/v2\/product_brand?post=163835"},{"taxonomy":"product_cat","embeddable":true,"href":"https:\/\/climalife.com\/ro\/wp-json\/wp\/v2\/product_cat?post=163835"},{"taxonomy":"product_tag","embeddable":true,"href":"https:\/\/climalife.com\/ro\/wp-json\/wp\/v2\/product_tag?post=163835"}],"curies":[{"name":"wp","href":"https:\/\/api.w.org\/{rel}","templated":true}]}}