{"id":163886,"date":"2022-09-28T18:30:33","date_gmt":"2022-09-28T18:30:33","guid":{"rendered":"http:\/\/climalife.com\/product\/novaspray-1-butena-propilena-85-15\/"},"modified":"2025-06-16T14:39:06","modified_gmt":"2025-06-16T14:39:06","slug":"novaspray-1-butena-propilena-85-15","status":"publish","type":"product","link":"https:\/\/climalife.com\/ro\/product\/novaspray-1-butena-propilena-85-15\/","title":{"rendered":"NovaSpray \u2122 1-buten\u0103 \/ propilen\u0103 (85\/15)"},"content":{"rendered":"<p><span class=\"tlid-translation translation\" lang=\"ro\"><span class=\"\" title=\"\">&#8211; Miscibilitatea sa excelent\u0103 cu majoritatea solven\u021bilor \u00eei confer\u0103 o mare flexibilitate a formul\u0103rii.<\/span><br \/>\n<span class=\"\" title=\"\">&#8211; Nu are niciun efect asupra stratului de ozon \u0219i are un impact neglijabil asupra efectului de ser\u0103.<\/span><\/span><\/p>\n","protected":false},"excerpt":{"rendered":"<p>NovaSpray \u2122 1-buten\u0103 \/ propilen\u0103 (85\/15) este un amestec de NovaSpray \u2122 1-buten\u0103 \u0219i propilen\u0103.<\/p>\n","protected":false},"featured_media":126369,"comment_status":"open","ping_status":"closed","template":"","meta":[],"countries":[4674,4709,4756,4813,4831,4862],"product_brand":[],"product_cat":[9953,9998,13122,9597],"product_tag":[],"class_list":{"0":"post-163886","1":"product","2":"type-product","3":"status-publish","4":"has-post-thumbnail","6":"countries-by","7":"countries-cu","8":"countries-ir","9":"countries-kp","10":"countries-ru","11":"countries-sy","12":"product_cat-cladiri","13":"product_cat-alte-industrii","14":"product_cat-propulsoare","15":"product_cat-hidrocarburi-ro-83","16":"pa_packaging-butoi-217-l-ro-30","17":"pa_packaging-container-930-l-ro-76","19":"first","20":"instock","21":"shipping-taxable","22":"purchasable","23":"product-type-variable"},"_links":{"self":[{"href":"https:\/\/climalife.com\/ro\/wp-json\/wp\/v2\/product\/163886","targetHints":{"allow":["GET"]}}],"collection":[{"href":"https:\/\/climalife.com\/ro\/wp-json\/wp\/v2\/product"}],"about":[{"href":"https:\/\/climalife.com\/ro\/wp-json\/wp\/v2\/types\/product"}],"replies":[{"embeddable":true,"href":"https:\/\/climalife.com\/ro\/wp-json\/wp\/v2\/comments?post=163886"}],"wp:featuredmedia":[{"embeddable":true,"href":"https:\/\/climalife.com\/ro\/wp-json\/wp\/v2\/media\/126369"}],"wp:attachment":[{"href":"https:\/\/climalife.com\/ro\/wp-json\/wp\/v2\/media?parent=163886"}],"wp:term":[{"taxonomy":"countries","embeddable":true,"href":"https:\/\/climalife.com\/ro\/wp-json\/wp\/v2\/countries?post=163886"},{"taxonomy":"product_brand","embeddable":true,"href":"https:\/\/climalife.com\/ro\/wp-json\/wp\/v2\/product_brand?post=163886"},{"taxonomy":"product_cat","embeddable":true,"href":"https:\/\/climalife.com\/ro\/wp-json\/wp\/v2\/product_cat?post=163886"},{"taxonomy":"product_tag","embeddable":true,"href":"https:\/\/climalife.com\/ro\/wp-json\/wp\/v2\/product_tag?post=163886"}],"curies":[{"name":"wp","href":"https:\/\/api.w.org\/{rel}","templated":true}]}}