{"id":163917,"date":"2022-09-28T18:31:11","date_gmt":"2022-09-28T18:31:11","guid":{"rendered":"http:\/\/climalife.com\/product\/regenerare-de-hcfc-hfc\/"},"modified":"2026-01-29T13:53:12","modified_gmt":"2026-01-29T13:53:12","slug":"regenerare-de-hcfc-hfc","status":"publish","type":"product","link":"https:\/\/climalife.com\/ro\/product\/regenerare-de-hcfc-hfc\/","title":{"rendered":"Regenerarea agen\u021bilor frigorifici"},"content":{"rendered":"<p>Oferta este supus\u0103 unor condi\u021bii.<br \/>\nRegenerarea de agen\u021bi frigorifici recupera\u021bi HFC se realizeaz\u0103 av\u00e2nd la baz\u0103 rezultatele analizei compozi\u021biei \u00een momentul primirii mostrei de la client.<\/p>\n","protected":false},"excerpt":{"rendered":"<p>Regenerarea de agen\u021bi frigorifici  recupera\u021bi: ne ocup\u0103m cu regenerarea, la cerere, a refrigeran\u021bilor (cantit\u0103\u021bi peste 300 kg), astfel \u00eenc\u00e2t s\u0103 oferim un nivel de performan\u021b\u0103 echivalent cu al celor cu substan\u021b\u0103 pur\u0103. Dup\u0103 recuperare, refrigerantul este recondi\u021bionat si devine disponibil pentru client\u00a0 sau este depozitat \u00een zona noastr\u0103 industrial\u0103. <\/p>\n","protected":false},"featured_media":201356,"comment_status":"open","ping_status":"closed","template":"","meta":[],"countries":[4674,4709,4756,4813,4831,4862],"product_brand":[],"product_cat":[9953,9962,9944,9998,13062,13079,13097,13115,13131,13570],"product_tag":[],"class_list":{"0":"post-163917","1":"product","2":"type-product","3":"status-publish","4":"has-post-thumbnail","6":"countries-by","7":"countries-cu","8":"countries-ir","9":"countries-kp","10":"countries-ru","11":"countries-sy","12":"product_cat-cladiri","13":"product_cat-energie","14":"product_cat-sector-agroalimentar","15":"product_cat-alte-industrii","16":"product_cat-aer-conditionat","17":"product_cat-demontare-distrugere","18":"product_cat-incalzire","19":"product_cat-ciclu-rankine-organic","20":"product_cat-refrigerare","21":"product_cat-recuperare-regenerare","23":"first","24":"instock","25":"shipping-taxable","26":"purchasable","27":"product-type-simple"},"_links":{"self":[{"href":"https:\/\/climalife.com\/ro\/wp-json\/wp\/v2\/product\/163917","targetHints":{"allow":["GET"]}}],"collection":[{"href":"https:\/\/climalife.com\/ro\/wp-json\/wp\/v2\/product"}],"about":[{"href":"https:\/\/climalife.com\/ro\/wp-json\/wp\/v2\/types\/product"}],"replies":[{"embeddable":true,"href":"https:\/\/climalife.com\/ro\/wp-json\/wp\/v2\/comments?post=163917"}],"wp:featuredmedia":[{"embeddable":true,"href":"https:\/\/climalife.com\/ro\/wp-json\/wp\/v2\/media\/201356"}],"wp:attachment":[{"href":"https:\/\/climalife.com\/ro\/wp-json\/wp\/v2\/media?parent=163917"}],"wp:term":[{"taxonomy":"countries","embeddable":true,"href":"https:\/\/climalife.com\/ro\/wp-json\/wp\/v2\/countries?post=163917"},{"taxonomy":"product_brand","embeddable":true,"href":"https:\/\/climalife.com\/ro\/wp-json\/wp\/v2\/product_brand?post=163917"},{"taxonomy":"product_cat","embeddable":true,"href":"https:\/\/climalife.com\/ro\/wp-json\/wp\/v2\/product_cat?post=163917"},{"taxonomy":"product_tag","embeddable":true,"href":"https:\/\/climalife.com\/ro\/wp-json\/wp\/v2\/product_tag?post=163917"}],"curies":[{"name":"wp","href":"https:\/\/api.w.org\/{rel}","templated":true}]}}