{"id":180180,"date":"2022-10-05T00:20:08","date_gmt":"2022-10-05T00:20:08","guid":{"rendered":"http:\/\/climalife.com\/product\/pgm-ir-si-pgm-ir-co2\/"},"modified":"2024-12-06T16:49:10","modified_gmt":"2024-12-06T16:49:10","slug":"pgm-ir-si-pgm-ir-co2","status":"publish","type":"product","link":"https:\/\/climalife.com\/ro\/product\/pgm-ir-si-pgm-ir-co2\/","title":{"rendered":"PGM-IR \u0219i PGM-IR CO2"},"content":{"rendered":"<div class=\"textarea mce-content-body\">\n<p>Acesta indic\u0103 \u00een <strong>timp real<\/strong> nivelul ppm al agentului detectat.<br \/>\nDetectorul PGM-IR are o bibliotec\u0103 \u00eencorporat\u0103 de peste 50 de refrigeran\u021bi care \u00eei permite s\u0103 detecteze cu precizie chiar \u0219i cele mai mici scurgeri la surs\u0103.<\/p>\n<p>PGR-IR CO<sub>2<\/sub> este dedicat detect\u0103rii dioxidului de carbon.<\/p>\n<\/div>\n","protected":false},"excerpt":{"rendered":"<p>Detectorul portabil de scurgeri PGM-IR \/ PGM-IR CO2 de la Bacharach ofer\u0103 o performan\u021b\u0103 \u0219i o func\u021bionalitate superioar\u0103 pentru detectarea portabil\u0103 a scurgerilor cu ppm sc\u0103zut de agen\u021bi frigorifici, CO2, protoxid de azot sau hexafluorur\u0103 de sulf.<\/p>\n","protected":false},"featured_media":132795,"comment_status":"open","ping_status":"closed","template":"","meta":[],"countries":[4674,4709,4756,4813,4831,4862],"product_brand":[],"product_cat":[9953,9377,9944],"product_tag":[],"class_list":{"0":"post-180180","1":"product","2":"type-product","3":"status-publish","4":"has-post-thumbnail","6":"countries-by","7":"countries-cu","8":"countries-ir","9":"countries-kp","10":"countries-ru","11":"countries-sy","12":"product_cat-cladiri","13":"product_cat-detectare-mobila-a-scurgerilor","14":"product_cat-sector-agroalimentar","16":"first","17":"instock","18":"shipping-taxable","19":"purchasable","20":"product-type-variable","21":"has-default-attributes"},"_links":{"self":[{"href":"https:\/\/climalife.com\/ro\/wp-json\/wp\/v2\/product\/180180","targetHints":{"allow":["GET"]}}],"collection":[{"href":"https:\/\/climalife.com\/ro\/wp-json\/wp\/v2\/product"}],"about":[{"href":"https:\/\/climalife.com\/ro\/wp-json\/wp\/v2\/types\/product"}],"replies":[{"embeddable":true,"href":"https:\/\/climalife.com\/ro\/wp-json\/wp\/v2\/comments?post=180180"}],"wp:featuredmedia":[{"embeddable":true,"href":"https:\/\/climalife.com\/ro\/wp-json\/wp\/v2\/media\/132795"}],"wp:attachment":[{"href":"https:\/\/climalife.com\/ro\/wp-json\/wp\/v2\/media?parent=180180"}],"wp:term":[{"taxonomy":"countries","embeddable":true,"href":"https:\/\/climalife.com\/ro\/wp-json\/wp\/v2\/countries?post=180180"},{"taxonomy":"product_brand","embeddable":true,"href":"https:\/\/climalife.com\/ro\/wp-json\/wp\/v2\/product_brand?post=180180"},{"taxonomy":"product_cat","embeddable":true,"href":"https:\/\/climalife.com\/ro\/wp-json\/wp\/v2\/product_cat?post=180180"},{"taxonomy":"product_tag","embeddable":true,"href":"https:\/\/climalife.com\/ro\/wp-json\/wp\/v2\/product_tag?post=180180"}],"curies":[{"name":"wp","href":"https:\/\/api.w.org\/{rel}","templated":true}]}}