{"id":180202,"date":"2022-10-05T00:22:00","date_gmt":"2022-10-05T00:22:00","guid":{"rendered":"http:\/\/climalife.com\/product\/sapre-hrd-92sc\/"},"modified":"2024-01-25T13:50:10","modified_gmt":"2024-01-25T13:50:10","slug":"sapre-hrd-92sc","status":"publish","type":"product","link":"https:\/\/climalife.com\/ro\/product\/sapre-hrd-92sc\/","title":{"rendered":"SAPRE HRD 92SC"},"content":{"rendered":"<p>HRD 92SC de la SAPRE detecteaz\u0103\u00a0to\u021bi refrigeran\u021bii HFO, HFC, HC, precum \u0219i R-600a, R-290, NH<sub>3<\/sub> \u0219i H<sub>2<\/sub>\/N<sub>2<\/sub>. Acest detector de \u00eenalt\u0103 sensibilitate (1g\/an) semnaleaz\u0103 prezen\u021ba unei scurgeri cu o alarm\u0103 sonor\u0103 \u0219i vizual\u0103. Func\u021bional \u0219i u\u0219or de utilizat, detectorul HRD 92SC cu autocalibrare este livrat \u00eentr-o carcas\u0103 de protec\u021bie cu baterii re\u00eenc\u0103rcabile \u0219i un \u00eenc\u0103rc\u0103tor de la re\u021bea.<\/p>\n","protected":false},"excerpt":{"rendered":"<p>Detector de scurgeri de refrigerant pentru uz industrial.<\/p>\n","protected":false},"featured_media":180044,"comment_status":"open","ping_status":"closed","template":"","meta":[],"countries":[4674,4685,4709,4756,4813,4831,4862],"product_brand":[],"product_cat":[9377],"product_tag":[],"class_list":{"0":"post-180202","1":"product","2":"type-product","3":"status-publish","4":"has-post-thumbnail","6":"countries-by","7":"countries-io","8":"countries-cu","9":"countries-ir","10":"countries-kp","11":"countries-ru","12":"countries-sy","13":"product_cat-detectare-mobila-a-scurgerilor","14":"pa_packaging-unitate-ro-25","16":"first","17":"instock","18":"shipping-taxable","19":"purchasable","20":"product-type-variable"},"_links":{"self":[{"href":"https:\/\/climalife.com\/ro\/wp-json\/wp\/v2\/product\/180202","targetHints":{"allow":["GET"]}}],"collection":[{"href":"https:\/\/climalife.com\/ro\/wp-json\/wp\/v2\/product"}],"about":[{"href":"https:\/\/climalife.com\/ro\/wp-json\/wp\/v2\/types\/product"}],"replies":[{"embeddable":true,"href":"https:\/\/climalife.com\/ro\/wp-json\/wp\/v2\/comments?post=180202"}],"wp:featuredmedia":[{"embeddable":true,"href":"https:\/\/climalife.com\/ro\/wp-json\/wp\/v2\/media\/180044"}],"wp:attachment":[{"href":"https:\/\/climalife.com\/ro\/wp-json\/wp\/v2\/media?parent=180202"}],"wp:term":[{"taxonomy":"countries","embeddable":true,"href":"https:\/\/climalife.com\/ro\/wp-json\/wp\/v2\/countries?post=180202"},{"taxonomy":"product_brand","embeddable":true,"href":"https:\/\/climalife.com\/ro\/wp-json\/wp\/v2\/product_brand?post=180202"},{"taxonomy":"product_cat","embeddable":true,"href":"https:\/\/climalife.com\/ro\/wp-json\/wp\/v2\/product_cat?post=180202"},{"taxonomy":"product_tag","embeddable":true,"href":"https:\/\/climalife.com\/ro\/wp-json\/wp\/v2\/product_tag?post=180202"}],"curies":[{"name":"wp","href":"https:\/\/api.w.org\/{rel}","templated":true}]}}