{"id":180209,"date":"2022-09-28T17:52:37","date_gmt":"2022-09-28T17:52:37","guid":{"rendered":"http:\/\/climalife.com\/product\/r-507a-t\/"},"modified":"2025-08-19T13:42:03","modified_gmt":"2025-08-19T13:42:03","slug":"r-507a-t","status":"publish","type":"product","link":"https:\/\/climalife.com\/ro\/product\/r-507a-t\/","title":{"rendered":"R-507AT"},"content":{"rendered":"<p>Este folosit \u00a0\u00een principal pentru aplica\u021bii de refrigerare industrial\u0103, \u00een special sisteme inundate. De exemplu: patinoare.<\/p>\n","protected":false},"excerpt":{"rendered":"<p>R-507AT este un amestec de tip HFC azeotrop rezultat din recuperarea \u0219i regenerarea refrigerantului R-507A.Utilizarea sa, autorizat\u0103 p\u00e2n\u0103 la 1 ianuarie 2030, va permite \u00eentre\u021binerea echipamentelor care utilizeaz\u0103 R-507A nou, care este interzis de la 1 ianuarie 2020.<\/p>\n","protected":false},"featured_media":130419,"comment_status":"open","ping_status":"closed","template":"","meta":[],"countries":[4674,4709,4756,4813,4831,4862],"product_brand":[],"product_cat":[9528],"product_tag":[],"class_list":{"0":"post-180209","1":"product","2":"type-product","3":"status-publish","4":"has-post-thumbnail","6":"countries-by","7":"countries-cu","8":"countries-ir","9":"countries-kp","10":"countries-ru","11":"countries-sy","12":"product_cat-hfc-regenerat","13":"pa_packaging-cilindru-52-l-ro-72","15":"first","16":"instock","17":"shipping-taxable","18":"purchasable","19":"product-type-variable"},"_links":{"self":[{"href":"https:\/\/climalife.com\/ro\/wp-json\/wp\/v2\/product\/180209","targetHints":{"allow":["GET"]}}],"collection":[{"href":"https:\/\/climalife.com\/ro\/wp-json\/wp\/v2\/product"}],"about":[{"href":"https:\/\/climalife.com\/ro\/wp-json\/wp\/v2\/types\/product"}],"replies":[{"embeddable":true,"href":"https:\/\/climalife.com\/ro\/wp-json\/wp\/v2\/comments?post=180209"}],"wp:featuredmedia":[{"embeddable":true,"href":"https:\/\/climalife.com\/ro\/wp-json\/wp\/v2\/media\/130419"}],"wp:attachment":[{"href":"https:\/\/climalife.com\/ro\/wp-json\/wp\/v2\/media?parent=180209"}],"wp:term":[{"taxonomy":"countries","embeddable":true,"href":"https:\/\/climalife.com\/ro\/wp-json\/wp\/v2\/countries?post=180209"},{"taxonomy":"product_brand","embeddable":true,"href":"https:\/\/climalife.com\/ro\/wp-json\/wp\/v2\/product_brand?post=180209"},{"taxonomy":"product_cat","embeddable":true,"href":"https:\/\/climalife.com\/ro\/wp-json\/wp\/v2\/product_cat?post=180209"},{"taxonomy":"product_tag","embeddable":true,"href":"https:\/\/climalife.com\/ro\/wp-json\/wp\/v2\/product_tag?post=180209"}],"curies":[{"name":"wp","href":"https:\/\/api.w.org\/{rel}","templated":true}]}}