{"id":197117,"date":"2023-05-05T07:28:15","date_gmt":"2023-05-05T07:28:15","guid":{"rendered":"https:\/\/climalife.com\/product\/systeme-charge-fluide-frigorigene\/"},"modified":"2026-01-29T13:53:12","modified_gmt":"2026-01-29T13:53:12","slug":"systeme-chargement-gaz-liquefie","status":"publish","type":"product","link":"https:\/\/climalife.com\/ro\/product\/systeme-chargement-gaz-liquefie\/","title":{"rendered":"Sistem de \u00eenc\u0103rcare a gazului lichefiat"},"content":{"rendered":"<p>Mono sau multi-fluid, echipamentul poate fi conectat la instrumentul de trasabilitate al clientului pentru recep\u021bionarea parametrilor ciclului \u0219i trimiterea rezultatelor ciclului. Integrare \u00een cabin\u0103 Atex ventilat\u0103 pentru agen\u021bi frigorifici inflamabili.<\/p>\n","protected":false},"excerpt":{"rendered":"<p>Sta\u021bie de \u00eenc\u0103rcare conceput\u0103 la comand\u0103, care permite realizarea automat\u0103 a secven\u021belor de testare a presiunii, a vid\u0103rii \u0219i a \u00eenc\u0103rc\u0103rii cu gaze lichefiate inflamabile sau neinflamabile (sistem de \u00eenc\u0103rcare cu agent frigorific, gaz propulsor, agent de expansiune).<\/p>\n","protected":false},"featured_media":201277,"comment_status":"open","ping_status":"closed","template":"","meta":[],"countries":[4674,4709,4756,4813,4831,4862],"product_brand":[],"product_cat":[9980,9953,9998,13062,13097,13131,13482],"product_tag":[],"class_list":{"0":"post-197117","1":"product","2":"type-product","3":"status-publish","4":"has-post-thumbnail","6":"countries-by","7":"countries-cu","8":"countries-ir","9":"countries-kp","10":"countries-ru","11":"countries-sy","12":"product_cat-industria-auto-transport","13":"product_cat-cladiri","14":"product_cat-alte-industrii","15":"product_cat-aer-conditionat","16":"product_cat-incalzire","17":"product_cat-refrigerare","18":"product_cat-statiile-de-umplere","20":"first","21":"instock","22":"shipping-taxable","23":"purchasable","24":"product-type-simple"},"_links":{"self":[{"href":"https:\/\/climalife.com\/ro\/wp-json\/wp\/v2\/product\/197117","targetHints":{"allow":["GET"]}}],"collection":[{"href":"https:\/\/climalife.com\/ro\/wp-json\/wp\/v2\/product"}],"about":[{"href":"https:\/\/climalife.com\/ro\/wp-json\/wp\/v2\/types\/product"}],"replies":[{"embeddable":true,"href":"https:\/\/climalife.com\/ro\/wp-json\/wp\/v2\/comments?post=197117"}],"wp:featuredmedia":[{"embeddable":true,"href":"https:\/\/climalife.com\/ro\/wp-json\/wp\/v2\/media\/201277"}],"wp:attachment":[{"href":"https:\/\/climalife.com\/ro\/wp-json\/wp\/v2\/media?parent=197117"}],"wp:term":[{"taxonomy":"countries","embeddable":true,"href":"https:\/\/climalife.com\/ro\/wp-json\/wp\/v2\/countries?post=197117"},{"taxonomy":"product_brand","embeddable":true,"href":"https:\/\/climalife.com\/ro\/wp-json\/wp\/v2\/product_brand?post=197117"},{"taxonomy":"product_cat","embeddable":true,"href":"https:\/\/climalife.com\/ro\/wp-json\/wp\/v2\/product_cat?post=197117"},{"taxonomy":"product_tag","embeddable":true,"href":"https:\/\/climalife.com\/ro\/wp-json\/wp\/v2\/product_tag?post=197117"}],"curies":[{"name":"wp","href":"https:\/\/api.w.org\/{rel}","templated":true}]}}