{"id":201251,"date":"2023-07-07T12:48:02","date_gmt":"2023-07-07T12:48:02","guid":{"rendered":"https:\/\/climalife.com\/product\/curatarea-sistemului-frigorific\/"},"modified":"2026-01-29T13:53:11","modified_gmt":"2026-01-29T13:53:11","slug":"curatarea-sistemului-frigorific","status":"publish","type":"product","link":"https:\/\/climalife.com\/ro\/product\/curatarea-sistemului-frigorific\/","title":{"rendered":"Cur\u0103\u021barea sistemului de refrigerare"},"content":{"rendered":"<p>Utilizarea agen\u021bilor de cur\u0103\u021bare poate fi efectuat\u0103 pe orice sistem frigorific care necesit\u0103 cur\u0103\u021bare, indiferent de configura\u021bia sistemului \u0219i de fluidul utilizat.<\/p>\n","protected":false},"excerpt":{"rendered":"<p>Depoluarea circuitelor de refrigerare se face cu produse adaptate \u0219i special formulate de c\u0103tre departamentul nostru de cercetare \u0219i dezvoltare.<\/p>\n","protected":false},"featured_media":150636,"comment_status":"open","ping_status":"closed","template":"","meta":[],"countries":[4674,4709,4756,4813,4831,4862],"product_brand":[],"product_cat":[9225,9980,9953,9944,9998,13062,13079,13131,9216,13584],"product_tag":[],"class_list":{"0":"post-201251","1":"product","2":"type-product","3":"status-publish","4":"has-post-thumbnail","6":"countries-by","7":"countries-cu","8":"countries-ir","9":"countries-kp","10":"countries-ru","11":"countries-sy","12":"product_cat-industrii","13":"product_cat-industria-auto-transport","14":"product_cat-cladiri","15":"product_cat-sector-agroalimentar","16":"product_cat-alte-industrii","17":"product_cat-aer-conditionat","18":"product_cat-demontare-distrugere","19":"product_cat-refrigerare","20":"product_cat-intervale","21":"product_cat-interventii-la-fata-locului","23":"first","24":"instock","25":"sold-individually","26":"shipping-taxable","27":"purchasable","28":"product-type-simple"},"_links":{"self":[{"href":"https:\/\/climalife.com\/ro\/wp-json\/wp\/v2\/product\/201251","targetHints":{"allow":["GET"]}}],"collection":[{"href":"https:\/\/climalife.com\/ro\/wp-json\/wp\/v2\/product"}],"about":[{"href":"https:\/\/climalife.com\/ro\/wp-json\/wp\/v2\/types\/product"}],"replies":[{"embeddable":true,"href":"https:\/\/climalife.com\/ro\/wp-json\/wp\/v2\/comments?post=201251"}],"wp:featuredmedia":[{"embeddable":true,"href":"https:\/\/climalife.com\/ro\/wp-json\/wp\/v2\/media\/150636"}],"wp:attachment":[{"href":"https:\/\/climalife.com\/ro\/wp-json\/wp\/v2\/media?parent=201251"}],"wp:term":[{"taxonomy":"countries","embeddable":true,"href":"https:\/\/climalife.com\/ro\/wp-json\/wp\/v2\/countries?post=201251"},{"taxonomy":"product_brand","embeddable":true,"href":"https:\/\/climalife.com\/ro\/wp-json\/wp\/v2\/product_brand?post=201251"},{"taxonomy":"product_cat","embeddable":true,"href":"https:\/\/climalife.com\/ro\/wp-json\/wp\/v2\/product_cat?post=201251"},{"taxonomy":"product_tag","embeddable":true,"href":"https:\/\/climalife.com\/ro\/wp-json\/wp\/v2\/product_tag?post=201251"}],"curies":[{"name":"wp","href":"https:\/\/api.w.org\/{rel}","templated":true}]}}