{"id":201256,"date":"2023-07-07T13:06:31","date_gmt":"2023-07-07T13:06:31","guid":{"rendered":"https:\/\/climalife.com\/product\/golirea-si-reincarcarea-sistemelor-frigorifice\/"},"modified":"2026-01-29T13:53:11","modified_gmt":"2026-01-29T13:53:11","slug":"golirea-si-reincarcarea-sistemelor-frigorifice","status":"publish","type":"product","link":"https:\/\/climalife.com\/ro\/product\/golirea-si-reincarcarea-sistemelor-frigorifice\/","title":{"rendered":"Golirea \u0219i re\u00eenc\u0103rcarea sistemelor frigorifice"},"content":{"rendered":"<p>De asemenea, echipa noastr\u0103 poate \u00eenc\u0103rca instala\u021bii cu toate tipurile de agen\u021bi frigorifici (HFO, HFC, HCFC, CFC \u0219i SF6) \u00een orice cantitate. Metoda de tratare utilizat\u0103 \u00een instala\u021biile noastre ICPE este adaptat\u0103 la natura agentului recuperat.<\/p>\n","protected":false},"excerpt":{"rendered":"<p>Recuperarea agen\u021bilor frigorifici, tratarea agen\u021bi frigorifici \u00een conformitate cu reglement\u0103rile \u00een vigoare, recuperarea ambalajelor murdare de c\u0103tre tehnicieni certifica\u021bi.<\/p>\n","protected":false},"featured_media":201257,"comment_status":"open","ping_status":"closed","template":"","meta":[],"countries":[4674,4709,4756,4813,4831,4862],"product_brand":[],"product_cat":[9980,9953,9962,9944,13062,13201,13079,13131,13584],"product_tag":[],"class_list":{"0":"post-201256","1":"product","2":"type-product","3":"status-publish","4":"has-post-thumbnail","6":"countries-by","7":"countries-cu","8":"countries-ir","9":"countries-kp","10":"countries-ru","11":"countries-sy","12":"product_cat-industria-auto-transport","13":"product_cat-cladiri","14":"product_cat-energie","15":"product_cat-sector-agroalimentar","16":"product_cat-aer-conditionat","17":"product_cat-dielectric-sf6-t","18":"product_cat-demontare-distrugere","19":"product_cat-refrigerare","20":"product_cat-interventii-la-fata-locului","22":"first","23":"instock","24":"shipping-taxable","25":"purchasable","26":"product-type-simple"},"_links":{"self":[{"href":"https:\/\/climalife.com\/ro\/wp-json\/wp\/v2\/product\/201256","targetHints":{"allow":["GET"]}}],"collection":[{"href":"https:\/\/climalife.com\/ro\/wp-json\/wp\/v2\/product"}],"about":[{"href":"https:\/\/climalife.com\/ro\/wp-json\/wp\/v2\/types\/product"}],"replies":[{"embeddable":true,"href":"https:\/\/climalife.com\/ro\/wp-json\/wp\/v2\/comments?post=201256"}],"wp:featuredmedia":[{"embeddable":true,"href":"https:\/\/climalife.com\/ro\/wp-json\/wp\/v2\/media\/201257"}],"wp:attachment":[{"href":"https:\/\/climalife.com\/ro\/wp-json\/wp\/v2\/media?parent=201256"}],"wp:term":[{"taxonomy":"countries","embeddable":true,"href":"https:\/\/climalife.com\/ro\/wp-json\/wp\/v2\/countries?post=201256"},{"taxonomy":"product_brand","embeddable":true,"href":"https:\/\/climalife.com\/ro\/wp-json\/wp\/v2\/product_brand?post=201256"},{"taxonomy":"product_cat","embeddable":true,"href":"https:\/\/climalife.com\/ro\/wp-json\/wp\/v2\/product_cat?post=201256"},{"taxonomy":"product_tag","embeddable":true,"href":"https:\/\/climalife.com\/ro\/wp-json\/wp\/v2\/product_tag?post=201256"}],"curies":[{"name":"wp","href":"https:\/\/api.w.org\/{rel}","templated":true}]}}