{"id":201285,"date":"2023-07-10T11:57:33","date_gmt":"2023-07-10T11:57:33","guid":{"rendered":"https:\/\/climalife.com\/product\/containere-pentru-depozitare\/"},"modified":"2026-01-29T13:53:11","modified_gmt":"2026-01-29T13:53:11","slug":"containere-pentru-depozitare","status":"publish","type":"product","link":"https:\/\/climalife.com\/ro\/product\/containere-pentru-depozitare\/","title":{"rendered":"Containere pentru depozitare"},"content":{"rendered":"<p>Acestea permit golirea optim\u0103 a ambalajului (se consum\u0103 100% din faza lichid\u0103) \u0219i sunt adecvate pentru majoritatea agen\u021bilor frigorifici \u0219i a altor gaze lichefiate (inflamabile sau neinflamabile). Pentru a asigura siguran\u021ba instala\u021biei, accesul este securizat \u0219i exist\u0103 un sistem de detectare a scurgerilor.<\/p>\n","protected":false},"excerpt":{"rendered":"<p>Containerele pentru depozitare sunt dotate cu un sistem de inversare care distribuie continuu agentul frigorific din recipientele sau buteliile sub presiune.<\/p>\n","protected":false},"featured_media":201286,"comment_status":"open","ping_status":"closed","template":"","meta":[],"countries":[4674,4709,4756,4813,4831,4862],"product_brand":[],"product_cat":[9980,9953,9971,9998,13062,13122,13131,13497],"product_tag":[],"class_list":{"0":"post-201285","1":"product","2":"type-product","3":"status-publish","4":"has-post-thumbnail","6":"countries-by","7":"countries-cu","8":"countries-ir","9":"countries-kp","10":"countries-ru","11":"countries-sy","12":"product_cat-industria-auto-transport","13":"product_cat-cladiri","14":"product_cat-sanatate-bunastare","15":"product_cat-alte-industrii","16":"product_cat-aer-conditionat","17":"product_cat-propulsoare","18":"product_cat-refrigerare","19":"product_cat-sisteme-de-stocare-distributie","21":"first","22":"instock","23":"shipping-taxable","24":"purchasable","25":"product-type-simple"},"_links":{"self":[{"href":"https:\/\/climalife.com\/ro\/wp-json\/wp\/v2\/product\/201285","targetHints":{"allow":["GET"]}}],"collection":[{"href":"https:\/\/climalife.com\/ro\/wp-json\/wp\/v2\/product"}],"about":[{"href":"https:\/\/climalife.com\/ro\/wp-json\/wp\/v2\/types\/product"}],"replies":[{"embeddable":true,"href":"https:\/\/climalife.com\/ro\/wp-json\/wp\/v2\/comments?post=201285"}],"wp:featuredmedia":[{"embeddable":true,"href":"https:\/\/climalife.com\/ro\/wp-json\/wp\/v2\/media\/201286"}],"wp:attachment":[{"href":"https:\/\/climalife.com\/ro\/wp-json\/wp\/v2\/media?parent=201285"}],"wp:term":[{"taxonomy":"countries","embeddable":true,"href":"https:\/\/climalife.com\/ro\/wp-json\/wp\/v2\/countries?post=201285"},{"taxonomy":"product_brand","embeddable":true,"href":"https:\/\/climalife.com\/ro\/wp-json\/wp\/v2\/product_brand?post=201285"},{"taxonomy":"product_cat","embeddable":true,"href":"https:\/\/climalife.com\/ro\/wp-json\/wp\/v2\/product_cat?post=201285"},{"taxonomy":"product_tag","embeddable":true,"href":"https:\/\/climalife.com\/ro\/wp-json\/wp\/v2\/product_tag?post=201285"}],"curies":[{"name":"wp","href":"https:\/\/api.w.org\/{rel}","templated":true}]}}