{"id":201291,"date":"2023-07-10T12:21:33","date_gmt":"2023-07-10T12:21:33","guid":{"rendered":"https:\/\/climalife.com\/product\/rezervoare-sub-terasamente\/"},"modified":"2026-01-29T13:53:10","modified_gmt":"2026-01-29T13:53:10","slug":"rezervoare-sub-terasamente","status":"publish","type":"product","link":"https:\/\/climalife.com\/ro\/product\/rezervoare-sub-terasamente\/","title":{"rendered":"Rezervoare sub terasamente"},"content":{"rendered":"<p>Echipele noastre coordoneaz\u0103 \u0219i monitorizeaz\u0103 proiectul p\u00e2n\u0103 la instalarea la fa\u021ba locului \u0219i punerea \u00een func\u021biune a instala\u021biei la cheie.<\/p>\n<p>La recep\u021bie, se prezint\u0103 un dosar tehnic complet, care include o descriere a echipamentului, manualul de utilizare, rapoarte sau certificate de testare, documente referitoare la accesoriile de siguran\u021b\u0103 \u0219i programul de \u00eentre\u021binere preventiv\u0103 \u0219i de reglementare.<\/p>\n<div><\/div>\n<div><\/div>\n","protected":false},"excerpt":{"rendered":"<p>Proiectarea \u0219i instalarea de rezervoare sub terasamente pentru depozitarea \u00een conformitate cu reglement\u0103rile \u00een vigoare (AFIAP) pentru gaze lichefiate inflamabile.<\/p>\n","protected":false},"featured_media":201292,"comment_status":"open","ping_status":"closed","template":"","meta":[],"countries":[4674,4709,4756,4813,4831,4862],"product_brand":[],"product_cat":[9980,9962,9998,13062,13106,13122,13131,13497],"product_tag":[],"class_list":{"0":"post-201291","1":"product","2":"type-product","3":"status-publish","4":"has-post-thumbnail","6":"countries-by","7":"countries-cu","8":"countries-ir","9":"countries-kp","10":"countries-ru","11":"countries-sy","12":"product_cat-industria-auto-transport","13":"product_cat-energie","14":"product_cat-alte-industrii","15":"product_cat-aer-conditionat","16":"product_cat-izolatie","17":"product_cat-propulsoare","18":"product_cat-refrigerare","19":"product_cat-sisteme-de-stocare-distributie","21":"first","22":"instock","23":"shipping-taxable","24":"purchasable","25":"product-type-simple"},"_links":{"self":[{"href":"https:\/\/climalife.com\/ro\/wp-json\/wp\/v2\/product\/201291","targetHints":{"allow":["GET"]}}],"collection":[{"href":"https:\/\/climalife.com\/ro\/wp-json\/wp\/v2\/product"}],"about":[{"href":"https:\/\/climalife.com\/ro\/wp-json\/wp\/v2\/types\/product"}],"replies":[{"embeddable":true,"href":"https:\/\/climalife.com\/ro\/wp-json\/wp\/v2\/comments?post=201291"}],"wp:featuredmedia":[{"embeddable":true,"href":"https:\/\/climalife.com\/ro\/wp-json\/wp\/v2\/media\/201292"}],"wp:attachment":[{"href":"https:\/\/climalife.com\/ro\/wp-json\/wp\/v2\/media?parent=201291"}],"wp:term":[{"taxonomy":"countries","embeddable":true,"href":"https:\/\/climalife.com\/ro\/wp-json\/wp\/v2\/countries?post=201291"},{"taxonomy":"product_brand","embeddable":true,"href":"https:\/\/climalife.com\/ro\/wp-json\/wp\/v2\/product_brand?post=201291"},{"taxonomy":"product_cat","embeddable":true,"href":"https:\/\/climalife.com\/ro\/wp-json\/wp\/v2\/product_cat?post=201291"},{"taxonomy":"product_tag","embeddable":true,"href":"https:\/\/climalife.com\/ro\/wp-json\/wp\/v2\/product_tag?post=201291"}],"curies":[{"name":"wp","href":"https:\/\/api.w.org\/{rel}","templated":true}]}}