{"id":201295,"date":"2023-07-10T12:30:53","date_gmt":"2023-07-10T12:30:53","guid":{"rendered":"https:\/\/climalife.com\/product\/rezervoare-subterane\/"},"modified":"2026-01-29T13:53:10","modified_gmt":"2026-01-29T13:53:10","slug":"rezervoare-subterane","status":"publish","type":"product","link":"https:\/\/climalife.com\/ro\/product\/rezervoare-subterane\/","title":{"rendered":"Rezervoare subterane"},"content":{"rendered":"<div>\n<p>\u00cen conformitate cu reglement\u0103rile \u00een vigoare \u0219i cu AFIAP.<\/p>\n<p>Echipele noastre asigur\u0103 coordonarea, monitorizarea proiectului \u0219i instalarea la fa\u021ba locului. Punerea \u00een func\u021biune a unei instala\u021bii la cheie, cu un dosar tehnic complet (fi\u0219a descriptiv\u0103 a aparatului, manual de utilizare, procese-verbale, rapoarte de testare, program de \u00eentre\u021binere reglementar\u0103 etc.).<\/p>\n<div><\/div>\n<\/div>\n","protected":false},"excerpt":{"rendered":"<p>Proiectarea \u0219i instalarea de rezervoare subterane pentru depozitarea lichidelor inflamabile.<\/p>\n","protected":false},"featured_media":201296,"comment_status":"open","ping_status":"closed","template":"","meta":[],"countries":[4674,4709,4756,4813,4831,4862],"product_brand":[],"product_cat":[9998,9953,13106,13497],"product_tag":[],"class_list":{"0":"post-201295","1":"product","2":"type-product","3":"status-publish","4":"has-post-thumbnail","6":"countries-by","7":"countries-cu","8":"countries-ir","9":"countries-kp","10":"countries-ru","11":"countries-sy","12":"product_cat-alte-industrii","13":"product_cat-cladiri","14":"product_cat-izolatie","15":"product_cat-sisteme-de-stocare-distributie","17":"first","18":"instock","19":"shipping-taxable","20":"purchasable","21":"product-type-simple"},"_links":{"self":[{"href":"https:\/\/climalife.com\/ro\/wp-json\/wp\/v2\/product\/201295","targetHints":{"allow":["GET"]}}],"collection":[{"href":"https:\/\/climalife.com\/ro\/wp-json\/wp\/v2\/product"}],"about":[{"href":"https:\/\/climalife.com\/ro\/wp-json\/wp\/v2\/types\/product"}],"replies":[{"embeddable":true,"href":"https:\/\/climalife.com\/ro\/wp-json\/wp\/v2\/comments?post=201295"}],"wp:featuredmedia":[{"embeddable":true,"href":"https:\/\/climalife.com\/ro\/wp-json\/wp\/v2\/media\/201296"}],"wp:attachment":[{"href":"https:\/\/climalife.com\/ro\/wp-json\/wp\/v2\/media?parent=201295"}],"wp:term":[{"taxonomy":"countries","embeddable":true,"href":"https:\/\/climalife.com\/ro\/wp-json\/wp\/v2\/countries?post=201295"},{"taxonomy":"product_brand","embeddable":true,"href":"https:\/\/climalife.com\/ro\/wp-json\/wp\/v2\/product_brand?post=201295"},{"taxonomy":"product_cat","embeddable":true,"href":"https:\/\/climalife.com\/ro\/wp-json\/wp\/v2\/product_cat?post=201295"},{"taxonomy":"product_tag","embeddable":true,"href":"https:\/\/climalife.com\/ro\/wp-json\/wp\/v2\/product_tag?post=201295"}],"curies":[{"name":"wp","href":"https:\/\/api.w.org\/{rel}","templated":true}]}}