{"id":206185,"date":"2023-08-11T12:40:48","date_gmt":"2023-08-11T12:40:48","guid":{"rendered":"https:\/\/climalife.com\/product\/rezervoare-de-stocare\/"},"modified":"2026-01-29T13:53:10","modified_gmt":"2026-01-29T13:53:10","slug":"rezervoare-de-stocare","status":"publish","type":"product","link":"https:\/\/climalife.com\/ro\/product\/rezervoare-de-stocare\/","title":{"rendered":"Rezervoare de stocare"},"content":{"rendered":"<p>Proiect\u0103m \u0219i instal\u0103m rezervoare de stocare \u0219i sisteme de distribu\u021bie lichide cu diferite module: \u00eenc\u0103rc\u0103tur\u0103 controlat\u0103 prin debitmetru, presurizare N2, tragere \u00een vid, etc&#8230;<\/p>\n","protected":false},"excerpt":{"rendered":"<p>Rezervoare orizontale sau verticale de stocare lichide \u0219i distribu\u021bie gestionate prin intermediul unui controler logic programabil, aceste sisteme sunt proiectate \u00een conformitate cu specifica\u021biile necesare \u0219i fac procesele sigure.<\/p>\n","protected":false},"featured_media":209029,"comment_status":"open","ping_status":"closed","template":"","meta":[],"countries":[4674,4709,4756,4813,4831,4862],"product_brand":[],"product_cat":[9980,9953,9971,9998,13497],"product_tag":[],"class_list":{"0":"post-206185","1":"product","2":"type-product","3":"status-publish","4":"has-post-thumbnail","6":"countries-by","7":"countries-cu","8":"countries-ir","9":"countries-kp","10":"countries-ru","11":"countries-sy","12":"product_cat-industria-auto-transport","13":"product_cat-cladiri","14":"product_cat-sanatate-bunastare","15":"product_cat-alte-industrii","16":"product_cat-sisteme-de-stocare-distributie","18":"first","19":"instock","20":"shipping-taxable","21":"purchasable","22":"product-type-simple"},"_links":{"self":[{"href":"https:\/\/climalife.com\/ro\/wp-json\/wp\/v2\/product\/206185","targetHints":{"allow":["GET"]}}],"collection":[{"href":"https:\/\/climalife.com\/ro\/wp-json\/wp\/v2\/product"}],"about":[{"href":"https:\/\/climalife.com\/ro\/wp-json\/wp\/v2\/types\/product"}],"replies":[{"embeddable":true,"href":"https:\/\/climalife.com\/ro\/wp-json\/wp\/v2\/comments?post=206185"}],"wp:featuredmedia":[{"embeddable":true,"href":"https:\/\/climalife.com\/ro\/wp-json\/wp\/v2\/media\/209029"}],"wp:attachment":[{"href":"https:\/\/climalife.com\/ro\/wp-json\/wp\/v2\/media?parent=206185"}],"wp:term":[{"taxonomy":"countries","embeddable":true,"href":"https:\/\/climalife.com\/ro\/wp-json\/wp\/v2\/countries?post=206185"},{"taxonomy":"product_brand","embeddable":true,"href":"https:\/\/climalife.com\/ro\/wp-json\/wp\/v2\/product_brand?post=206185"},{"taxonomy":"product_cat","embeddable":true,"href":"https:\/\/climalife.com\/ro\/wp-json\/wp\/v2\/product_cat?post=206185"},{"taxonomy":"product_tag","embeddable":true,"href":"https:\/\/climalife.com\/ro\/wp-json\/wp\/v2\/product_tag?post=206185"}],"curies":[{"name":"wp","href":"https:\/\/api.w.org\/{rel}","templated":true}]}}