{"id":208680,"date":"2023-09-12T11:18:42","date_gmt":"2023-09-12T11:18:42","guid":{"rendered":"https:\/\/climalife.com\/product\/detector-d-tek-stratus\/"},"modified":"2025-08-14T15:37:03","modified_gmt":"2025-08-14T15:37:03","slug":"detector-d-tek-stratus","status":"publish","type":"product","link":"https:\/\/climalife.com\/ro\/product\/detector-d-tek-stratus\/","title":{"rendered":"Detector D-TEK Stratus"},"content":{"rendered":"<p>Scurgerea este semnalat\u0103 printr-o alarm\u0103 sonor\u0103 \u0219i un afi\u0219aj digital pentru citirea \u00een timp real a nivelului de scurgere \u00een ppm pe un ecran LCD mare. Dou\u0103 moduri de func\u021bionare: &#8220;Cloud Hunting&#8221; \u0219i &#8220;Pinpoint&#8221;. Alte avantaje: baterii litiu-ion re\u00eenc\u0103rcabile, \u00eenc\u0103rcare rapid\u0103, \u00eenlocuire u\u0219oar\u0103, c\u0103\u0219ti incluse, 2 \u00eenc\u0103rc\u0103toare auto AC \u0219i DC.<\/p>\n","protected":false},"excerpt":{"rendered":"<p>Detectorul portabil D-TEK Stratus este disponibil \u00een 2 versiuni cu mai mul\u021bi senzori compatibili: agen\u021bi frigorifici A1 \u0219i A2L (HFC, HFO \u0219i amestecuri HFC\/HFO), CO\u2082 (R-744) \u0219i hidrocarburi (R-290, R-600a).<\/p>\n","protected":false},"featured_media":208681,"comment_status":"open","ping_status":"closed","template":"","meta":[],"countries":[4674,4709,4756,4813,4831,4862],"product_brand":[],"product_cat":[13131,9377],"product_tag":[],"class_list":{"0":"post-208680","1":"product","2":"type-product","3":"status-publish","4":"has-post-thumbnail","6":"countries-by","7":"countries-cu","8":"countries-ir","9":"countries-kp","10":"countries-ru","11":"countries-sy","12":"product_cat-refrigerare","13":"product_cat-detectare-mobila-a-scurgerilor","15":"first","16":"instock","17":"shipping-taxable","18":"purchasable","19":"product-type-variable"},"_links":{"self":[{"href":"https:\/\/climalife.com\/ro\/wp-json\/wp\/v2\/product\/208680","targetHints":{"allow":["GET"]}}],"collection":[{"href":"https:\/\/climalife.com\/ro\/wp-json\/wp\/v2\/product"}],"about":[{"href":"https:\/\/climalife.com\/ro\/wp-json\/wp\/v2\/types\/product"}],"replies":[{"embeddable":true,"href":"https:\/\/climalife.com\/ro\/wp-json\/wp\/v2\/comments?post=208680"}],"wp:featuredmedia":[{"embeddable":true,"href":"https:\/\/climalife.com\/ro\/wp-json\/wp\/v2\/media\/208681"}],"wp:attachment":[{"href":"https:\/\/climalife.com\/ro\/wp-json\/wp\/v2\/media?parent=208680"}],"wp:term":[{"taxonomy":"countries","embeddable":true,"href":"https:\/\/climalife.com\/ro\/wp-json\/wp\/v2\/countries?post=208680"},{"taxonomy":"product_brand","embeddable":true,"href":"https:\/\/climalife.com\/ro\/wp-json\/wp\/v2\/product_brand?post=208680"},{"taxonomy":"product_cat","embeddable":true,"href":"https:\/\/climalife.com\/ro\/wp-json\/wp\/v2\/product_cat?post=208680"},{"taxonomy":"product_tag","embeddable":true,"href":"https:\/\/climalife.com\/ro\/wp-json\/wp\/v2\/product_tag?post=208680"}],"curies":[{"name":"wp","href":"https:\/\/api.w.org\/{rel}","templated":true}]}}