{"id":209083,"date":"2023-09-13T13:24:11","date_gmt":"2023-09-13T13:24:11","guid":{"rendered":"https:\/\/climalife.com\/product\/intretinerea-periodica-a-echipamentelor-sub-presiune\/"},"modified":"2026-01-29T13:53:10","modified_gmt":"2026-01-29T13:53:10","slug":"intretinerea-periodica-a-echipamentelor-sub-presiune","status":"publish","type":"product","link":"https:\/\/climalife.com\/ro\/product\/intretinerea-periodica-a-echipamentelor-sub-presiune\/","title":{"rendered":"\u00centre\u021binerea periodic\u0103 a echipamentelor sub presiune"},"content":{"rendered":"<p>Echipa noastr\u0103 de servicii industriale v\u0103 sprijin\u0103 \u00een efectuarea opera\u021biunilor de \u00eentre\u021binere reglementar\u0103. Tehnicienii no\u0219tri sunt califica\u021bi \u0219i certifica\u021bi pentru a opera:<\/p>\n<ul>\n<li>Vizit\u0103 la fa\u021ba locului<\/li>\n<li>Determinarea obi\u0219nuit\u0103 a echipamentelor care trebuie \u00eenlocuite (vane)<\/li>\n<p>.<\/p>\n<li>Comand\u0103 de materiale<\/li>\n<p>.<\/p>\n<li>Comandarea serviciului de inspec\u021bie PED (Apave, Veritas, TUV, &#8230;)<\/li>\n<p>.<\/p>\n<li>Recuperarea \u0219i golirea produsului con\u021binut \u00een rezervorul care urmeaz\u0103 s\u0103 fie recalificat (depozitare temporar\u0103)<\/li>\n<p>.<\/p>\n<li>Deschiderea rezervorului \u0219i inspec\u021bie interioar\u0103<\/li>\n<p>.<\/p>\n<li> Umplerea cu ap\u0103 \u0219i testul de presiune \u00een prezen\u021ba organismului<\/li>\n<p>.<\/p>\n<li>Vacuarea, uscarea, reasamblarea echipamentului<\/li>\n<p>.<\/p>\n<li>Transferul produselor<\/li>\n<li>\u00centocmirea dosarului \u0219i a rapoartelor de testare \u0219i de presiune sub ap\u0103.<\/li>\n<p>.\n<\/ul>\n","protected":false},"excerpt":{"rendered":"<p>Oferim clien\u021bilor no\u0219tri opera\u021biuni de \u00eentre\u021binere reglementar\u0103 a instala\u021biilor de depozitare a gazelor, pun\u00e2nd la dispozi\u021bie toate competen\u021bele \u0219i expertiza noastr\u0103 pentru inspec\u021biile efectuate de un organism autorizat.<\/p>\n<p>\u00centre\u021binerea reglementar\u0103 a instala\u021biilor de stocare a gazelor acoper\u0103 urm\u0103toarele puncte:<\/p>\n<p>Recalificarea instala\u021biilor de depozitare a gazelor la fiecare 10 ani: rezervorul trebuie s\u0103 fie golit. O inspec\u021bie intern\u0103 \u0219i un test hidraulic trebuie s\u0103 fie efectuate de un organism de inspec\u021bie.<\/p>\n<p>Inspec\u021bia periodic\u0103 a rezervorului la fiecare 4 ani: Golirea rezervorului \u0219i inspec\u021bia intern\u0103 de c\u0103tre un organism de inspec\u021bie.<\/p>\n","protected":false},"featured_media":224916,"comment_status":"open","ping_status":"closed","template":"","meta":[],"countries":[4674,4709,4756,4813,4831,4862],"product_brand":[],"product_cat":[9998,9980,13591,9971],"product_tag":[],"class_list":{"0":"post-209083","1":"product","2":"type-product","3":"status-publish","4":"has-post-thumbnail","6":"countries-by","7":"countries-cu","8":"countries-ir","9":"countries-kp","10":"countries-ru","11":"countries-sy","12":"product_cat-alte-industrii","13":"product_cat-industria-auto-transport","14":"product_cat-mentenanta","15":"product_cat-sanatate-bunastare","17":"first","18":"instock","19":"shipping-taxable","20":"purchasable","21":"product-type-simple"},"_links":{"self":[{"href":"https:\/\/climalife.com\/ro\/wp-json\/wp\/v2\/product\/209083","targetHints":{"allow":["GET"]}}],"collection":[{"href":"https:\/\/climalife.com\/ro\/wp-json\/wp\/v2\/product"}],"about":[{"href":"https:\/\/climalife.com\/ro\/wp-json\/wp\/v2\/types\/product"}],"replies":[{"embeddable":true,"href":"https:\/\/climalife.com\/ro\/wp-json\/wp\/v2\/comments?post=209083"}],"wp:featuredmedia":[{"embeddable":true,"href":"https:\/\/climalife.com\/ro\/wp-json\/wp\/v2\/media\/224916"}],"wp:attachment":[{"href":"https:\/\/climalife.com\/ro\/wp-json\/wp\/v2\/media?parent=209083"}],"wp:term":[{"taxonomy":"countries","embeddable":true,"href":"https:\/\/climalife.com\/ro\/wp-json\/wp\/v2\/countries?post=209083"},{"taxonomy":"product_brand","embeddable":true,"href":"https:\/\/climalife.com\/ro\/wp-json\/wp\/v2\/product_brand?post=209083"},{"taxonomy":"product_cat","embeddable":true,"href":"https:\/\/climalife.com\/ro\/wp-json\/wp\/v2\/product_cat?post=209083"},{"taxonomy":"product_tag","embeddable":true,"href":"https:\/\/climalife.com\/ro\/wp-json\/wp\/v2\/product_tag?post=209083"}],"curies":[{"name":"wp","href":"https:\/\/api.w.org\/{rel}","templated":true}]}}