{"id":209121,"date":"2023-09-13T14:26:15","date_gmt":"2023-09-13T14:26:15","guid":{"rendered":"https:\/\/climalife.com\/product\/incarcarea-si-recuperarea-lichidelor-de-transfer-termic\/"},"modified":"2026-01-29T13:53:09","modified_gmt":"2026-01-29T13:53:09","slug":"incarcarea-si-recuperarea-lichidelor-de-transfer-termic","status":"publish","type":"product","link":"https:\/\/climalife.com\/ro\/product\/incarcarea-si-recuperarea-lichidelor-de-transfer-termic\/","title":{"rendered":"\u00cenc\u0103rcarea \u0219i recuperarea lichidelor de transfer termic"},"content":{"rendered":"<p>Lichidele de transfer termic pot fi drenate din toate tipurile de instala\u021bii, necesit\u00e2nd o punere \u00een aplicare specific\u0103 \u0219i mijloace adaptate (accesibilitate redus\u0103, nivel \u00eenalt etc.).<\/p>\n<p>Se poate realiza pe toate tipurile de lichide de transfer termic: pe baz\u0103 de MEG, MPG, salin, 1,3-propandiol etc&#8230;<\/p>\n<p>Echipele noastre sunt capabile s\u0103 intervin\u0103 indiferent de volumul instala\u021biei, de la IBC la vrac.<\/p>\n","protected":false},"excerpt":{"rendered":"<p>Golirea echipamentelor specifice : Acest serviciu necesit\u0103 interven\u021bia unui personal calificat \u0219i a unor echipamente certificate \u0219i integreaz\u0103 no\u021biunea de trasabilitate a lichidelor recuperate.<\/p>\n","protected":false},"featured_media":209122,"comment_status":"open","ping_status":"closed","template":"","meta":[],"countries":[4674,4709,4756,4813,4831,4862],"product_brand":[],"product_cat":[9953,9944,9998,13062,13097,13131,13584],"product_tag":[],"class_list":{"0":"post-209121","1":"product","2":"type-product","3":"status-publish","4":"has-post-thumbnail","6":"countries-by","7":"countries-cu","8":"countries-ir","9":"countries-kp","10":"countries-ru","11":"countries-sy","12":"product_cat-cladiri","13":"product_cat-sector-agroalimentar","14":"product_cat-alte-industrii","15":"product_cat-aer-conditionat","16":"product_cat-incalzire","17":"product_cat-refrigerare","18":"product_cat-interventii-la-fata-locului","20":"first","21":"instock","22":"shipping-taxable","23":"purchasable","24":"product-type-simple"},"_links":{"self":[{"href":"https:\/\/climalife.com\/ro\/wp-json\/wp\/v2\/product\/209121","targetHints":{"allow":["GET"]}}],"collection":[{"href":"https:\/\/climalife.com\/ro\/wp-json\/wp\/v2\/product"}],"about":[{"href":"https:\/\/climalife.com\/ro\/wp-json\/wp\/v2\/types\/product"}],"replies":[{"embeddable":true,"href":"https:\/\/climalife.com\/ro\/wp-json\/wp\/v2\/comments?post=209121"}],"wp:featuredmedia":[{"embeddable":true,"href":"https:\/\/climalife.com\/ro\/wp-json\/wp\/v2\/media\/209122"}],"wp:attachment":[{"href":"https:\/\/climalife.com\/ro\/wp-json\/wp\/v2\/media?parent=209121"}],"wp:term":[{"taxonomy":"countries","embeddable":true,"href":"https:\/\/climalife.com\/ro\/wp-json\/wp\/v2\/countries?post=209121"},{"taxonomy":"product_brand","embeddable":true,"href":"https:\/\/climalife.com\/ro\/wp-json\/wp\/v2\/product_brand?post=209121"},{"taxonomy":"product_cat","embeddable":true,"href":"https:\/\/climalife.com\/ro\/wp-json\/wp\/v2\/product_cat?post=209121"},{"taxonomy":"product_tag","embeddable":true,"href":"https:\/\/climalife.com\/ro\/wp-json\/wp\/v2\/product_tag?post=209121"}],"curies":[{"name":"wp","href":"https:\/\/api.w.org\/{rel}","templated":true}]}}