{"id":209188,"date":"2023-09-14T06:09:16","date_gmt":"2023-09-14T06:09:16","guid":{"rendered":"https:\/\/climalife.com\/product\/intretinere-preventiva\/"},"modified":"2026-01-29T13:53:09","modified_gmt":"2026-01-29T13:53:09","slug":"intretinere-preventiva","status":"publish","type":"product","link":"https:\/\/climalife.com\/ro\/product\/intretinere-preventiva\/","title":{"rendered":"\u00centre\u021binere preventiv\u0103"},"content":{"rendered":"<p>Opera\u021biunile de \u00eentre\u021binere propuse includ:<\/p>\n<ul>\n \tTestare de scurgerilor (F-Gas)<br \/>\n \tTeste func\u021bionale<br \/>\n \tInspec\u021bia complet\u0103 a buclelor de siguran\u021b\u0103<br \/>\n \tCaseta electric\u0103\/controlul de automatizare<br \/>\n \tCur\u0103\u021barea instala\u021biei<br \/>\n \tDemontarea\/remontarea pompei<br \/>\n \t\u00cenlocuirea elementelor<br \/>\n \tEtalonarea senzorilor<br \/>\n \tReglarea pompelor, a supapelor de rev\u0103rsare&#8230;<br \/>\n \tControlul datelor de testare pentru instala\u021biile sau echipamentele de depozitare care fac obiectul Directivei ESP.<br \/>\n \tTest\u0103ri de detectare a gazelor<br \/>\n \tVerificarea st\u0103rii generale a componentelor pneumatice<br \/>\n \t\u00centocmirea unui raport de \u00eentre\u021binere\n<\/ul>\n","protected":false},"excerpt":{"rendered":"<p>\u00centre\u021binerea regulat\u0103 ajut\u0103 la prevenirea \u00eentreruperilor de produc\u021bie \u0219i la asigurarea func\u021bion\u0103rii corecte a instala\u021biei, optimiz\u00e2nd astfel eficien\u021ba energetic\u0103. Opera\u021biunile de \u00eentre\u021binere preventiv\u0103 pot sugera, de asemenea, \u00eembun\u0103t\u0103\u021biri tehnice sau ergonomice. Echipa noastr\u0103 de tehnicieni dispune de toate certificatele \u0219i autoriza\u021biile necesare pentru lucr\u0103rile la fa\u021ba locului (certificat F-Gas, autoriza\u021bie electric\u0103, CACES, DESP etc.).<\/p>\n","protected":false},"featured_media":209189,"comment_status":"open","ping_status":"closed","template":"","meta":[],"countries":[4674,4709,4756,4813,4831,4862],"product_brand":[],"product_cat":[9989,9980,9953,9944,9971,13201,13106,13122,13131,13591],"product_tag":[13916],"class_list":{"0":"post-209188","1":"product","2":"type-product","3":"status-publish","4":"has-post-thumbnail","6":"countries-by","7":"countries-cu","8":"countries-ir","9":"countries-kp","10":"countries-ru","11":"countries-sy","12":"product_cat-aeronautica-aerospatiala-aparare","13":"product_cat-industria-auto-transport","14":"product_cat-cladiri","15":"product_cat-sector-agroalimentar","16":"product_cat-sanatate-bunastare","17":"product_cat-dielectric-sf6-t","18":"product_cat-izolatie","19":"product_cat-propulsoare","20":"product_cat-refrigerare","21":"product_cat-mentenanta","22":"product_tag-intretinerea-echipamentelor-sub-presiune","24":"first","25":"instock","26":"shipping-taxable","27":"purchasable","28":"product-type-simple"},"_links":{"self":[{"href":"https:\/\/climalife.com\/ro\/wp-json\/wp\/v2\/product\/209188","targetHints":{"allow":["GET"]}}],"collection":[{"href":"https:\/\/climalife.com\/ro\/wp-json\/wp\/v2\/product"}],"about":[{"href":"https:\/\/climalife.com\/ro\/wp-json\/wp\/v2\/types\/product"}],"replies":[{"embeddable":true,"href":"https:\/\/climalife.com\/ro\/wp-json\/wp\/v2\/comments?post=209188"}],"wp:featuredmedia":[{"embeddable":true,"href":"https:\/\/climalife.com\/ro\/wp-json\/wp\/v2\/media\/209189"}],"wp:attachment":[{"href":"https:\/\/climalife.com\/ro\/wp-json\/wp\/v2\/media?parent=209188"}],"wp:term":[{"taxonomy":"countries","embeddable":true,"href":"https:\/\/climalife.com\/ro\/wp-json\/wp\/v2\/countries?post=209188"},{"taxonomy":"product_brand","embeddable":true,"href":"https:\/\/climalife.com\/ro\/wp-json\/wp\/v2\/product_brand?post=209188"},{"taxonomy":"product_cat","embeddable":true,"href":"https:\/\/climalife.com\/ro\/wp-json\/wp\/v2\/product_cat?post=209188"},{"taxonomy":"product_tag","embeddable":true,"href":"https:\/\/climalife.com\/ro\/wp-json\/wp\/v2\/product_tag?post=209188"}],"curies":[{"name":"wp","href":"https:\/\/api.w.org\/{rel}","templated":true}]}}