{"id":209192,"date":"2023-09-14T06:44:14","date_gmt":"2023-09-14T06:44:14","guid":{"rendered":"https:\/\/climalife.com\/product\/curatarea-retelei-de-transfer-termic\/"},"modified":"2026-01-29T13:53:09","modified_gmt":"2026-01-29T13:53:09","slug":"curatarea-retelei-de-transfer-termic","status":"publish","type":"product","link":"https:\/\/climalife.com\/ro\/product\/curatarea-retelei-de-transfer-termic\/","title":{"rendered":"Cur\u0103\u021barea re\u021belei de transfer termic"},"content":{"rendered":"<p>Aceast\u0103 revizie se efectueaz\u0103 \u00eenainte ca sistemul s\u0103 fie \u00eenc\u0103rcat cu lichid de transfer termic. De asemenea, poate fi efectuat ca parte a \u00eentre\u021binerii corective atunci c\u00e2nd a fost detectat\u0103 o problem\u0103 de coroziune sau n\u0103mol. Utiliz\u0103m produse special formulate pentru decalcifiere, dezoxidare, \u00eendep\u0103rtarea n\u0103molului \u0219i tratarea spumei.<\/p>\n<p>Personalul nostru calificat utilizeaz\u0103 echipamente certificate \u0219i integreaz\u0103 no\u021biunea de trasabilitate a lichidelor prezente \u00een instala\u021bie, control\u00e2nd \u00een acela\u0219i timp logistica proiectului.<\/p>\n<p>Opera\u021biunile de cur\u0103\u021bare sunt posibile pe toate tipurile de instala\u021bii care necesit\u0103 o punere \u00een aplicare specific\u0103 \u0219i pentru toate tipurile de lichide de transfer termic: pe baz\u0103 de MEG, MPG, SALINE, 1,3 propandiol din surse vegetale (Greenway), etc.<\/p>\n","protected":false},"excerpt":{"rendered":"<p>Cur\u0103\u021barea re\u021belelor de transfer termic pentru instala\u021biile de \u00eenc\u0103lzire, de aer condi\u021bionat sau de refrigerare \u0219i cur\u0103\u021barea re\u021belelor climatice.<\/p>\n","protected":false},"featured_media":209193,"comment_status":"open","ping_status":"closed","template":"","meta":[],"countries":[4674,4709,4756,4813,4831,4862],"product_brand":[],"product_cat":[9953,9962,9944,13062,13097,13131,13584],"product_tag":[],"class_list":{"0":"post-209192","1":"product","2":"type-product","3":"status-publish","4":"has-post-thumbnail","6":"countries-by","7":"countries-cu","8":"countries-ir","9":"countries-kp","10":"countries-ru","11":"countries-sy","12":"product_cat-cladiri","13":"product_cat-energie","14":"product_cat-sector-agroalimentar","15":"product_cat-aer-conditionat","16":"product_cat-incalzire","17":"product_cat-refrigerare","18":"product_cat-interventii-la-fata-locului","20":"first","21":"instock","22":"shipping-taxable","23":"purchasable","24":"product-type-simple"},"_links":{"self":[{"href":"https:\/\/climalife.com\/ro\/wp-json\/wp\/v2\/product\/209192","targetHints":{"allow":["GET"]}}],"collection":[{"href":"https:\/\/climalife.com\/ro\/wp-json\/wp\/v2\/product"}],"about":[{"href":"https:\/\/climalife.com\/ro\/wp-json\/wp\/v2\/types\/product"}],"replies":[{"embeddable":true,"href":"https:\/\/climalife.com\/ro\/wp-json\/wp\/v2\/comments?post=209192"}],"wp:featuredmedia":[{"embeddable":true,"href":"https:\/\/climalife.com\/ro\/wp-json\/wp\/v2\/media\/209193"}],"wp:attachment":[{"href":"https:\/\/climalife.com\/ro\/wp-json\/wp\/v2\/media?parent=209192"}],"wp:term":[{"taxonomy":"countries","embeddable":true,"href":"https:\/\/climalife.com\/ro\/wp-json\/wp\/v2\/countries?post=209192"},{"taxonomy":"product_brand","embeddable":true,"href":"https:\/\/climalife.com\/ro\/wp-json\/wp\/v2\/product_brand?post=209192"},{"taxonomy":"product_cat","embeddable":true,"href":"https:\/\/climalife.com\/ro\/wp-json\/wp\/v2\/product_cat?post=209192"},{"taxonomy":"product_tag","embeddable":true,"href":"https:\/\/climalife.com\/ro\/wp-json\/wp\/v2\/product_tag?post=209192"}],"curies":[{"name":"wp","href":"https:\/\/api.w.org\/{rel}","templated":true}]}}