{"id":209210,"date":"2023-09-14T07:19:43","date_gmt":"2023-09-14T07:19:43","guid":{"rendered":"https:\/\/climalife.com\/product\/preluarea-echipamentelor-sf6\/"},"modified":"2026-01-29T13:53:08","modified_gmt":"2026-01-29T13:53:08","slug":"preluarea-echipamentelor-sf6","status":"publish","type":"product","link":"https:\/\/climalife.com\/ro\/product\/preluarea-echipamentelor-sf6\/","title":{"rendered":"Preluarea echipamentelor SF6"},"content":{"rendered":"<p>Echipa noastr\u0103 de exper\u021bi califica\u021bi poate s\u0103 recupereze SF<sub>6<\/sub> din sisteme \u0219i ofer\u0103 recuperarea la fa\u021ba locului. Golite de gazul lor, echipamentele sunt apoi trimise spre distrugere la furnizori de servicii specializa\u021bi \u00een reciclarea \u0219i distrugerea acestui tip de echipamente.<\/p>\n","protected":false},"excerpt":{"rendered":"<p>Pentru a asigura recuperarea complet\u0103 a SF<sub>6<\/sub> poluat, Climalife preia echipamentele electrice la sf\u00e2r\u0219itul duratei de via\u021b\u0103 util\u0103: celule de \u00eenalt\u0103 tensiune, tablouri de distribu\u021bie fixe, becuri de comuta\u021bie, celule de conectare, \u00eentrerup\u0103toare etc.<\/p>\n","protected":false},"featured_media":209212,"comment_status":"open","ping_status":"closed","template":"","meta":[],"countries":[4674,4709,4756,4813,4831,4862],"product_brand":[],"product_cat":[9962,13201,13079,13651],"product_tag":[],"class_list":{"0":"post-209210","1":"product","2":"type-product","3":"status-publish","4":"has-post-thumbnail","6":"countries-by","7":"countries-cu","8":"countries-ir","9":"countries-kp","10":"countries-ru","11":"countries-sy","12":"product_cat-energie","13":"product_cat-dielectric-sf6-t","14":"product_cat-demontare-distrugere","15":"product_cat-distrugere-dezmembrare","17":"first","18":"instock","19":"shipping-taxable","20":"purchasable","21":"product-type-simple"},"_links":{"self":[{"href":"https:\/\/climalife.com\/ro\/wp-json\/wp\/v2\/product\/209210","targetHints":{"allow":["GET"]}}],"collection":[{"href":"https:\/\/climalife.com\/ro\/wp-json\/wp\/v2\/product"}],"about":[{"href":"https:\/\/climalife.com\/ro\/wp-json\/wp\/v2\/types\/product"}],"replies":[{"embeddable":true,"href":"https:\/\/climalife.com\/ro\/wp-json\/wp\/v2\/comments?post=209210"}],"wp:featuredmedia":[{"embeddable":true,"href":"https:\/\/climalife.com\/ro\/wp-json\/wp\/v2\/media\/209212"}],"wp:attachment":[{"href":"https:\/\/climalife.com\/ro\/wp-json\/wp\/v2\/media?parent=209210"}],"wp:term":[{"taxonomy":"countries","embeddable":true,"href":"https:\/\/climalife.com\/ro\/wp-json\/wp\/v2\/countries?post=209210"},{"taxonomy":"product_brand","embeddable":true,"href":"https:\/\/climalife.com\/ro\/wp-json\/wp\/v2\/product_brand?post=209210"},{"taxonomy":"product_cat","embeddable":true,"href":"https:\/\/climalife.com\/ro\/wp-json\/wp\/v2\/product_cat?post=209210"},{"taxonomy":"product_tag","embeddable":true,"href":"https:\/\/climalife.com\/ro\/wp-json\/wp\/v2\/product_tag?post=209210"}],"curies":[{"name":"wp","href":"https:\/\/api.w.org\/{rel}","templated":true}]}}