{"id":209268,"date":"2023-09-14T08:02:59","date_gmt":"2023-09-14T08:02:59","guid":{"rendered":"https:\/\/climalife.com\/product\/test-de-presiune-butelie-sf6\/"},"modified":"2026-01-29T13:53:08","modified_gmt":"2026-01-29T13:53:08","slug":"test-de-presiune-butelie-sf6","status":"publish","type":"product","link":"https:\/\/climalife.com\/ro\/product\/test-de-presiune-butelie-sf6\/","title":{"rendered":"Test de presiune butelie SF6"},"content":{"rendered":"<p>Fiecare ambalaj este testat din nou la fiecare 10 ani sau la fiecare 5 ani dac\u0103 a con\u021binut SF<sub>6<\/sub> poluat. Climalife este autorizat\u0103 s\u0103 testeze din nou buteliile cu incrip\u021bia de cap de cal (reglement\u0103ri franceze) \u0219i incrip\u021bia TT (pi) (reglement\u0103ri europene).<br \/>\nServicii oferite: inertizarea, cur\u0103\u021barea ambalajelor \u0219i plasarea \u00eentr-o atmosfer\u0103 neutr\u0103, vopsirea, marcarea, schimbarea valvei, distrugerea ambalajelor la sf\u00e2r\u0219itul duratei lor de via\u021b\u0103.<\/p>\n","protected":false},"excerpt":{"rendered":"<p>Toate ambalajele trebuie s\u0103 fie supuse unor reteste periodice pentru a le testa rezisten\u021ba \u0219i capacitatea de a con\u021bine SF<sub>6<\/sub>.<\/p>\n","protected":false},"featured_media":209270,"comment_status":"open","ping_status":"closed","template":"","meta":[],"countries":[4674,4709,4756,4813,4831,4862],"product_brand":[],"product_cat":[9962,13201,13577],"product_tag":[],"class_list":{"0":"post-209268","1":"product","2":"type-product","3":"status-publish","4":"has-post-thumbnail","6":"countries-by","7":"countries-cu","8":"countries-ir","9":"countries-kp","10":"countries-ru","11":"countries-sy","12":"product_cat-energie","13":"product_cat-dielectric-sf6-t","14":"product_cat-gestionarea-ambalajelor","16":"first","17":"instock","18":"shipping-taxable","19":"purchasable","20":"product-type-simple"},"_links":{"self":[{"href":"https:\/\/climalife.com\/ro\/wp-json\/wp\/v2\/product\/209268","targetHints":{"allow":["GET"]}}],"collection":[{"href":"https:\/\/climalife.com\/ro\/wp-json\/wp\/v2\/product"}],"about":[{"href":"https:\/\/climalife.com\/ro\/wp-json\/wp\/v2\/types\/product"}],"replies":[{"embeddable":true,"href":"https:\/\/climalife.com\/ro\/wp-json\/wp\/v2\/comments?post=209268"}],"wp:featuredmedia":[{"embeddable":true,"href":"https:\/\/climalife.com\/ro\/wp-json\/wp\/v2\/media\/209270"}],"wp:attachment":[{"href":"https:\/\/climalife.com\/ro\/wp-json\/wp\/v2\/media?parent=209268"}],"wp:term":[{"taxonomy":"countries","embeddable":true,"href":"https:\/\/climalife.com\/ro\/wp-json\/wp\/v2\/countries?post=209268"},{"taxonomy":"product_brand","embeddable":true,"href":"https:\/\/climalife.com\/ro\/wp-json\/wp\/v2\/product_brand?post=209268"},{"taxonomy":"product_cat","embeddable":true,"href":"https:\/\/climalife.com\/ro\/wp-json\/wp\/v2\/product_cat?post=209268"},{"taxonomy":"product_tag","embeddable":true,"href":"https:\/\/climalife.com\/ro\/wp-json\/wp\/v2\/product_tag?post=209268"}],"curies":[{"name":"wp","href":"https:\/\/api.w.org\/{rel}","templated":true}]}}