{"id":210728,"date":"2023-09-23T16:33:09","date_gmt":"2023-09-23T16:33:09","guid":{"rendered":"https:\/\/climalife.com\/?post_type=product&#038;p=210728"},"modified":"2025-08-14T15:04:56","modified_gmt":"2025-08-14T15:04:56","slug":"glaciar-midi","status":"publish","type":"product","link":"https:\/\/climalife.com\/ro\/product\/glaciar-midi\/","title":{"rendered":"GLACI\u00c4R MIDI detector de scurgeri agent frigorific"},"content":{"rendered":"<p>Controlerul de camer\u0103 SAMON<strong> GLACI<\/strong><strong>\u00c4<\/strong><strong>R MIDI <\/strong> este disponibil \u00een dou\u0103 versiuni, 1 cu un senzor integrat \u0219i 1 cu un senzor la distan\u021b\u0103.<\/p>\n<p>Este un senzor-transmi\u021b\u0103tor echipat cu o sond\u0103 cu 2 niveluri de alarm\u0103, care poate fi utilizat fie ca detector autonom, fie conectat la un sistem de control (de exemplu, GTC) prin intermediul unei leg\u0103turi Modbus.<\/p>\n<p>Are 2 ie\u0219iri de releu pentru niveluri de alarm\u0103 \u00eenalte \u0219i joase \u0219i o ie\u0219ire analogic\u0103 care poate activa echipamente de siguran\u021b\u0103 externe, cum ar fi supape, ventilatoare \u0219i\/sau alarme generale.<\/p>\n<p>Sunt disponibile 5 tipuri de detectoare \u00een func\u021bie de agentul frigorific:<\/p>\n<p><strong>GLACI<\/strong><strong>\u00c4<\/strong><strong>R MIDI<\/strong> Grupa 1 (interval de detec\u021bie 0-1000 ppm): R-32, R-407A, R-407C, R-407F, R-410A, R-448A, R-449A, R-452A, R-452B, R-454A, R-454B, R-454C, R-455A, R-507A.<\/p>\n<p><strong>GLACI<\/strong><strong>\u00c4<\/strong><strong>R MIDI<\/strong> Grupa 2 (interval de detec\u021bie 0-1000 ppm): R-1233zd, R-1234yf, R-1234ze, R-134a, R-22, R-404A, R-450A, R-513A.<\/p>\n<p><strong>GLACI<\/strong><strong>\u00c4<\/strong><strong>R MIDI<\/strong> Grupa 3 (HC &#8211; interval de detec\u021bie 0-4000 ppm): R-290, R-600a, R1270.<\/p>\n<p><strong>GLACI<\/strong><strong>\u00c4<\/strong><strong>R MIDI<\/strong> CO<sub>2<\/sub> (interval de detec\u021bie 0-10000 ppm): R-744<\/p>\n<p><strong>GLACI<\/strong><strong>\u00c4<\/strong><strong>R MIDI<\/strong> NH<sub>3<\/sub> (interval de detec\u021bie 0-100 \/ 0-1000 \/ 0-u5000 ppm): R-717<\/p>\n","protected":false},"excerpt":{"rendered":"<p>Controlerul de camer\u0103 <strong>GLACI<\/strong><strong>\u00c4<\/strong><strong>R MIDI este un detector de scurgeri de agent frigorific pentru toate sistemele de aer condi\u021bionat \u0219i de refrigerare.<\/strong><\/p>\n","protected":false},"featured_media":210635,"comment_status":"open","ping_status":"closed","template":"","meta":[],"countries":[4674,4709,4756,4813,4831,4862],"product_brand":[],"product_cat":[13062,9953,9269,13131,9944],"product_tag":[],"class_list":{"0":"post-210728","1":"product","2":"type-product","3":"status-publish","4":"has-post-thumbnail","6":"countries-by","7":"countries-cu","8":"countries-ir","9":"countries-kp","10":"countries-ru","11":"countries-sy","12":"product_cat-aer-conditionat","13":"product_cat-cladiri","14":"product_cat-detectare-fixa-a-scurgerilor","15":"product_cat-refrigerare","16":"product_cat-sector-agroalimentar","18":"first","19":"instock","20":"shipping-taxable","21":"purchasable","22":"product-type-variable"},"_links":{"self":[{"href":"https:\/\/climalife.com\/ro\/wp-json\/wp\/v2\/product\/210728","targetHints":{"allow":["GET"]}}],"collection":[{"href":"https:\/\/climalife.com\/ro\/wp-json\/wp\/v2\/product"}],"about":[{"href":"https:\/\/climalife.com\/ro\/wp-json\/wp\/v2\/types\/product"}],"replies":[{"embeddable":true,"href":"https:\/\/climalife.com\/ro\/wp-json\/wp\/v2\/comments?post=210728"}],"wp:featuredmedia":[{"embeddable":true,"href":"https:\/\/climalife.com\/ro\/wp-json\/wp\/v2\/media\/210635"}],"wp:attachment":[{"href":"https:\/\/climalife.com\/ro\/wp-json\/wp\/v2\/media?parent=210728"}],"wp:term":[{"taxonomy":"countries","embeddable":true,"href":"https:\/\/climalife.com\/ro\/wp-json\/wp\/v2\/countries?post=210728"},{"taxonomy":"product_brand","embeddable":true,"href":"https:\/\/climalife.com\/ro\/wp-json\/wp\/v2\/product_brand?post=210728"},{"taxonomy":"product_cat","embeddable":true,"href":"https:\/\/climalife.com\/ro\/wp-json\/wp\/v2\/product_cat?post=210728"},{"taxonomy":"product_tag","embeddable":true,"href":"https:\/\/climalife.com\/ro\/wp-json\/wp\/v2\/product_tag?post=210728"}],"curies":[{"name":"wp","href":"https:\/\/api.w.org\/{rel}","templated":true}]}}