{"id":213269,"date":"2023-12-04T10:17:37","date_gmt":"2023-12-04T10:17:37","guid":{"rendered":"https:\/\/climalife.com\/product\/detector-fix-rmv-hfc\/"},"modified":"2026-01-29T13:53:08","modified_gmt":"2026-01-29T13:53:08","slug":"detector-fix-rmv-hfc","status":"publish","type":"product","link":"https:\/\/climalife.com\/ro\/product\/detector-fix-rmv-hfc\/","title":{"rendered":"Detector fix RMV-HFC"},"content":{"rendered":"<p>Acesta este proiectat pentru a asigura o supraveghere continu\u0103 \u0219i foarte eficient\u0103 \u00eentr-o varietate de aplica\u021bii tipice, cum ar fi hoteluri, birouri \u0219i cl\u0103diri reziden\u021biale. Este proiectat pentru a fi montat \u00eentr-o cutie de perete pentru o discre\u021bie maxim\u0103.<\/p>\n<p>Are 3 niveluri de alarm\u0103:<\/p>\n<ul>\n<li style=\"list-style-type: none;\">\n<ul>\n<li>Nivelul 1: dac\u0103 concentra\u021bia este cuprins\u0103 \u00eentre 1000 \u0219i 4000 ppm pe o perioad\u0103 de mai pu\u021bin de 30 de minute: nicio alert\u0103 sonor\u0103 dar pulsa\u021bie a LED-ului ro\u0219u<\/li>\n<\/ul>\n<\/li>\n<\/ul>\n<p>.<\/p>\n<ul>\n<li style=\"list-style-type: none;\">\n<ul>\n<li>Nivelul 2: dac\u0103 concentra\u021bia se situeaz\u0103 \u00eentre 1000 \u0219i 4000 ppm pe o perioad\u0103 mai mare de 30 de minute: 2 alerte sonore\/minut \u0219i pulsa\u021bia LED-ului ro\u0219u<\/li>\n<\/ul>\n<\/li>\n<\/ul>\n<p>.<\/p>\n<ul>\n<li style=\"list-style-type: none;\">\n<ul>\n<li>Nivelul 3: dac\u0103 concentra\u021bia dep\u0103\u0219e\u0219te 4000 ppm pe o perioad\u0103 de cel pu\u021bin 30 de secunde: 4 alerte sonore\/minut \u0219i pulsa\u021bia LED-ului ro\u0219u<\/li>\n<\/ul>\n<\/li>\n<\/ul>\n<p>.<\/p>\n<p>Alarmele acustice \u0219i vizuale comunic\u0103 simultan cu sistemele de monitorizare a incintei prin intermediul unui releu de alarm\u0103 cu un singur pol cu dubl\u0103 direc\u021bie (SPDT) \u0219i a unei ie\u0219iri cu relee comune.<\/p>\n","protected":false},"excerpt":{"rendered":"<p><span class=\"ui-provider a b c d e f g h i j k l m n o p q r s t u v w x y z ab ac ae af ag ah ai aj ak\" dir=\"ltr\">Controlerul de camer\u0103 SAMON RMV-HFC este un detector de scurgeri de agent frigorific utilizat \u00een sistemele frigorifice \u0219i aer condi\u021bionat\u00a0 cu \u00eenc\u0103rc\u0103tur\u0103 mare, cum ar fi VRF\/VRV.<\/span><\/p>\n","protected":false},"featured_media":213270,"comment_status":"open","ping_status":"closed","template":"","meta":[],"countries":[4674,4709,4756,4813,4831,4862],"product_brand":[],"product_cat":[9953,13062,13131,9269],"product_tag":[],"class_list":{"0":"post-213269","1":"product","2":"type-product","3":"status-publish","4":"has-post-thumbnail","6":"countries-by","7":"countries-cu","8":"countries-ir","9":"countries-kp","10":"countries-ru","11":"countries-sy","12":"product_cat-cladiri","13":"product_cat-aer-conditionat","14":"product_cat-refrigerare","15":"product_cat-detectare-fixa-a-scurgerilor","17":"first","18":"instock","19":"shipping-taxable","20":"purchasable","21":"product-type-simple"},"_links":{"self":[{"href":"https:\/\/climalife.com\/ro\/wp-json\/wp\/v2\/product\/213269","targetHints":{"allow":["GET"]}}],"collection":[{"href":"https:\/\/climalife.com\/ro\/wp-json\/wp\/v2\/product"}],"about":[{"href":"https:\/\/climalife.com\/ro\/wp-json\/wp\/v2\/types\/product"}],"replies":[{"embeddable":true,"href":"https:\/\/climalife.com\/ro\/wp-json\/wp\/v2\/comments?post=213269"}],"wp:featuredmedia":[{"embeddable":true,"href":"https:\/\/climalife.com\/ro\/wp-json\/wp\/v2\/media\/213270"}],"wp:attachment":[{"href":"https:\/\/climalife.com\/ro\/wp-json\/wp\/v2\/media?parent=213269"}],"wp:term":[{"taxonomy":"countries","embeddable":true,"href":"https:\/\/climalife.com\/ro\/wp-json\/wp\/v2\/countries?post=213269"},{"taxonomy":"product_brand","embeddable":true,"href":"https:\/\/climalife.com\/ro\/wp-json\/wp\/v2\/product_brand?post=213269"},{"taxonomy":"product_cat","embeddable":true,"href":"https:\/\/climalife.com\/ro\/wp-json\/wp\/v2\/product_cat?post=213269"},{"taxonomy":"product_tag","embeddable":true,"href":"https:\/\/climalife.com\/ro\/wp-json\/wp\/v2\/product_tag?post=213269"}],"curies":[{"name":"wp","href":"https:\/\/api.w.org\/{rel}","templated":true}]}}