{"id":213801,"date":"2024-01-17T08:58:03","date_gmt":"2024-01-17T08:58:03","guid":{"rendered":"https:\/\/climalife.com\/product\/solufluid-energy\/"},"modified":"2025-08-13T18:11:55","modified_gmt":"2025-08-13T18:11:55","slug":"solufluid-energy","status":"publish","type":"product","link":"https:\/\/climalife.com\/ro\/product\/solufluid-energy\/","title":{"rendered":"Solufluid\u00ae Energy"},"content":{"rendered":"<p><span data-contrast=\"auto\">Solufluid<sup>\u00ae<\/sup> Energy, testat la temperaturi ridicate, poate rezista la perioade de stagnare de peste +150\u00b0C, \u00een special \u00een timpul lunilor de var\u0103. <\/span><span data-ccp-props=\"{&quot;134233117&quot;:true,&quot;134233118&quot;:true,&quot;201341983&quot;:0,&quot;335559740&quot;:240}\"> Acesta <\/span><span data-contrast=\"auto\">asigur\u0103 o protec\u021bie eficient\u0103 \u00eempotriva \u00eenghe\u021bului \u0219i a coroziunii metalelor prezente \u00een instala\u021bii (o\u021bel, aluminiu, cupru, alam\u0103, brazare, etc&#8230;). \u00cempiedic\u0103 formarea de n\u0103mol \u00een circuite \u0219i \u00eenfundarea colectoarelor solare \u0219i a circuitelor subterane. <\/span><span data-ccp-props=\"{&quot;134233117&quot;:true,&quot;134233118&quot;:true,&quot;201341983&quot;:0,&quot;335559740&quot;:240}\"> <\/span><\/p>\n<p><span data-contrast=\"auto\">Culoarea sa galben\u0103 permite o identificare imediat\u0103<\/span>.<\/p>\n","protected":false},"excerpt":{"rendered":"<p>Solufluid<sup>\u00ae<\/sup> Energy este un lichid de transfer termic <strong>gata de utilizare<\/strong> bazat pe MPG \u0219i inhibitori de coroziune. Este potrivit pentru <strong>circuitele de producere a apei calde menajere<\/strong> care \u00eencorporeaz\u0103 <strong>panouri  solare termice cu tuburi vidate sau plane<\/strong>, \u0219i pentru pompe de c\u0103ldur\u0103 geotermale (conducte subterane), precum \u0219i aerotermale aer-ap\u0103. <\/p>\n","protected":false},"featured_media":213809,"comment_status":"closed","ping_status":"closed","template":"","meta":[],"countries":[4674,4709,4756,4813,4831,4862],"product_brand":[],"product_cat":[9953,9962,9998,13097,13140,13537],"product_tag":[],"class_list":{"0":"post-213801","1":"product","2":"type-product","3":"status-publish","4":"has-post-thumbnail","6":"countries-by","7":"countries-cu","8":"countries-ir","9":"countries-kp","10":"countries-ru","11":"countries-sy","12":"product_cat-cladiri","13":"product_cat-energie","14":"product_cat-alte-industrii","15":"product_cat-incalzire","16":"product_cat-energie-regenerabila","17":"product_cat-mpg-ro","18":"pa_packaging-butoi-210-l-ro-28","19":"pa_packaging-canistra-20-l-ro-174","20":"pa_packaging-container-1000-kg-ro-139","21":"pa_protection-20c-ro-146","22":"pa_protection-25c-ro-233","24":"first","25":"instock","26":"shipping-taxable","27":"purchasable","28":"product-type-variable"},"_links":{"self":[{"href":"https:\/\/climalife.com\/ro\/wp-json\/wp\/v2\/product\/213801","targetHints":{"allow":["GET"]}}],"collection":[{"href":"https:\/\/climalife.com\/ro\/wp-json\/wp\/v2\/product"}],"about":[{"href":"https:\/\/climalife.com\/ro\/wp-json\/wp\/v2\/types\/product"}],"replies":[{"embeddable":true,"href":"https:\/\/climalife.com\/ro\/wp-json\/wp\/v2\/comments?post=213801"}],"wp:featuredmedia":[{"embeddable":true,"href":"https:\/\/climalife.com\/ro\/wp-json\/wp\/v2\/media\/213809"}],"wp:attachment":[{"href":"https:\/\/climalife.com\/ro\/wp-json\/wp\/v2\/media?parent=213801"}],"wp:term":[{"taxonomy":"countries","embeddable":true,"href":"https:\/\/climalife.com\/ro\/wp-json\/wp\/v2\/countries?post=213801"},{"taxonomy":"product_brand","embeddable":true,"href":"https:\/\/climalife.com\/ro\/wp-json\/wp\/v2\/product_brand?post=213801"},{"taxonomy":"product_cat","embeddable":true,"href":"https:\/\/climalife.com\/ro\/wp-json\/wp\/v2\/product_cat?post=213801"},{"taxonomy":"product_tag","embeddable":true,"href":"https:\/\/climalife.com\/ro\/wp-json\/wp\/v2\/product_tag?post=213801"}],"curies":[{"name":"wp","href":"https:\/\/api.w.org\/{rel}","templated":true}]}}