{"id":215326,"date":"2024-04-23T14:21:37","date_gmt":"2024-04-23T14:21:37","guid":{"rendered":"https:\/\/climalife.com\/product\/duonett\/"},"modified":"2025-01-31T14:54:17","modified_gmt":"2025-01-31T14:54:17","slug":"duonett","status":"publish","type":"product","link":"https:\/\/climalife.com\/ro\/product\/duonett\/","title":{"rendered":"Duonett\u00ae"},"content":{"rendered":"<p><span data-contrast=\"none\"><strong>DUONETT\u00ae<\/strong> este u\u0219or de utilizat \u0219i biodegradabil<\/span> .<\/p>\n<p>Disponibil \u00een canistre de 5 \u0219i 20 de litri sau \u00een butoaie de 225 de litri.<\/p>\n","protected":false},"excerpt":{"rendered":"<p>A <strong>DUONETT<\/strong><sup>\u00ae<\/sup> este un detartrant lichid pentru uz industrial, conceput pentru a dizolva calcarul \u0219i depunerile de calcar, precum \u0219i pentru a elimina depunerile de noroi \u0219i rugin\u0103 din instala\u021biile care transport\u0103 ap\u0103.<\/p>\n<p>Poate fi utilizat \u00een schimb\u0103toare de c\u0103ldur\u0103 (condensatoare \u0219i evaporatoare de ap\u0103), cazane, circuite \u0219i conducte de ap\u0103, precum \u0219i \u00een turnurile de r\u0103cire.<\/p>\n","protected":false},"featured_media":215329,"comment_status":"closed","ping_status":"closed","template":"","meta":[],"countries":[4674,4709,4756,4813,4831,4862],"product_brand":[],"product_cat":[13062,9989,9998,9953,9360,9962,13140,13097,13131,9971,9944],"product_tag":[],"class_list":{"0":"post-215326","1":"product","2":"type-product","3":"status-publish","4":"has-post-thumbnail","6":"countries-by","7":"countries-cu","8":"countries-ir","9":"countries-kp","10":"countries-ru","11":"countries-sy","12":"product_cat-aer-conditionat","13":"product_cat-aeronautica-aerospatiala-aparare","14":"product_cat-alte-industrii","15":"product_cat-cladiri","16":"product_cat-curatarea-interna-a-circuitelor-cu-lichid-de-transfer-termic","17":"product_cat-energie","18":"product_cat-energie-regenerabila","19":"product_cat-incalzire","20":"product_cat-refrigerare","21":"product_cat-sanatate-bunastare","22":"product_cat-sector-agroalimentar","23":"pa_packaging-butoi-225-l-ro-37","24":"pa_packaging-canistra-20-l-ro-174","25":"pa_packaging-canistra-de-5-l-ro-35","27":"first","28":"instock","29":"shipping-taxable","30":"purchasable","31":"product-type-variable"},"_links":{"self":[{"href":"https:\/\/climalife.com\/ro\/wp-json\/wp\/v2\/product\/215326","targetHints":{"allow":["GET"]}}],"collection":[{"href":"https:\/\/climalife.com\/ro\/wp-json\/wp\/v2\/product"}],"about":[{"href":"https:\/\/climalife.com\/ro\/wp-json\/wp\/v2\/types\/product"}],"replies":[{"embeddable":true,"href":"https:\/\/climalife.com\/ro\/wp-json\/wp\/v2\/comments?post=215326"}],"wp:featuredmedia":[{"embeddable":true,"href":"https:\/\/climalife.com\/ro\/wp-json\/wp\/v2\/media\/215329"}],"wp:attachment":[{"href":"https:\/\/climalife.com\/ro\/wp-json\/wp\/v2\/media?parent=215326"}],"wp:term":[{"taxonomy":"countries","embeddable":true,"href":"https:\/\/climalife.com\/ro\/wp-json\/wp\/v2\/countries?post=215326"},{"taxonomy":"product_brand","embeddable":true,"href":"https:\/\/climalife.com\/ro\/wp-json\/wp\/v2\/product_brand?post=215326"},{"taxonomy":"product_cat","embeddable":true,"href":"https:\/\/climalife.com\/ro\/wp-json\/wp\/v2\/product_cat?post=215326"},{"taxonomy":"product_tag","embeddable":true,"href":"https:\/\/climalife.com\/ro\/wp-json\/wp\/v2\/product_tag?post=215326"}],"curies":[{"name":"wp","href":"https:\/\/api.w.org\/{rel}","templated":true}]}}