{"id":215401,"date":"2024-04-25T12:56:33","date_gmt":"2024-04-25T12:56:33","guid":{"rendered":"https:\/\/climalife.com\/product\/r-454c\/"},"modified":"2025-10-14T12:01:03","modified_gmt":"2025-10-14T12:01:03","slug":"r-454c","status":"publish","type":"product","link":"https:\/\/climalife.com\/ro\/product\/r-454c\/","title":{"rendered":"R-454C"},"content":{"rendered":"<p><strong>Caracteristici \u0219i beneficii:<br \/>\n<\/strong><\/p>\n<ul>\n<li>GWP foarte sc\u0103zut (&lt;150) &#8211; Sustenabil \u0219i \u00een conformitate cu legisla\u021bia F-Gaz<\/li>\n<li>Performan\u021b\u0103 energetic\u0103 bun\u0103 \u00een compara\u021bie cu R-404A &#8211; Emisii indirecte \u0219i costuri de exploatare mai mici.<\/li>\n<li>Aprobat de mul\u021bi produc\u0103tori de echipamente &#8211; Sunt disponibile echipamentelor noi.<\/li>\n<\/ul>\n","protected":false},"excerpt":{"rendered":"<p>R-454C este un amestec de agen\u021bi frigorifici HFC \u0219i HFO cu GWP foarte sc\u0103zut (148), o alternativ\u0103 cu clas\u0103 de siguran\u021b\u0103 A2L la R-404A, R-507A, R-407A, R-407F \u00een instala\u021bii noi pentru toate aplica\u021biile de refrigerare  cu expansiune direct\u0103 \u0219i o alternativ\u0103 la R-407C pentru aplica\u021bii de aer condi\u021bionat, dezumidificare \u0219i pompe de c\u0103ldur\u0103.<\/p>\n","protected":false},"featured_media":215402,"comment_status":"closed","ping_status":"closed","template":"","meta":[],"countries":[4674,4709,4756,4813,4831,4862],"product_brand":[],"product_cat":[9953,9944,9971,9998,13062,13131,13140,9611],"product_tag":[],"class_list":{"0":"post-215401","1":"product","2":"type-product","3":"status-publish","4":"has-post-thumbnail","6":"countries-by","7":"countries-cu","8":"countries-ir","9":"countries-kp","10":"countries-ru","11":"countries-sy","12":"product_cat-cladiri","13":"product_cat-sector-agroalimentar","14":"product_cat-sanatate-bunastare","15":"product_cat-alte-industrii","16":"product_cat-aer-conditionat","17":"product_cat-refrigerare","18":"product_cat-energie-regenerabila","19":"product_cat-amestec-hfc-hfo","20":"pa_packaging-bouteille-60-l-ro","21":"pa_packaging-cilindru-125-l-ro-214","23":"first","24":"instock","25":"shipping-taxable","26":"purchasable","27":"product-type-variable"},"_links":{"self":[{"href":"https:\/\/climalife.com\/ro\/wp-json\/wp\/v2\/product\/215401","targetHints":{"allow":["GET"]}}],"collection":[{"href":"https:\/\/climalife.com\/ro\/wp-json\/wp\/v2\/product"}],"about":[{"href":"https:\/\/climalife.com\/ro\/wp-json\/wp\/v2\/types\/product"}],"replies":[{"embeddable":true,"href":"https:\/\/climalife.com\/ro\/wp-json\/wp\/v2\/comments?post=215401"}],"wp:featuredmedia":[{"embeddable":true,"href":"https:\/\/climalife.com\/ro\/wp-json\/wp\/v2\/media\/215402"}],"wp:attachment":[{"href":"https:\/\/climalife.com\/ro\/wp-json\/wp\/v2\/media?parent=215401"}],"wp:term":[{"taxonomy":"countries","embeddable":true,"href":"https:\/\/climalife.com\/ro\/wp-json\/wp\/v2\/countries?post=215401"},{"taxonomy":"product_brand","embeddable":true,"href":"https:\/\/climalife.com\/ro\/wp-json\/wp\/v2\/product_brand?post=215401"},{"taxonomy":"product_cat","embeddable":true,"href":"https:\/\/climalife.com\/ro\/wp-json\/wp\/v2\/product_cat?post=215401"},{"taxonomy":"product_tag","embeddable":true,"href":"https:\/\/climalife.com\/ro\/wp-json\/wp\/v2\/product_tag?post=215401"}],"curies":[{"name":"wp","href":"https:\/\/api.w.org\/{rel}","templated":true}]}}