{"id":215477,"date":"2024-04-30T15:12:37","date_gmt":"2024-04-30T15:12:37","guid":{"rendered":"https:\/\/climalife.com\/product\/solstice-gba\/"},"modified":"2025-06-10T09:21:26","modified_gmt":"2025-06-10T09:21:26","slug":"solstice-gba","status":"publish","type":"product","link":"https:\/\/climalife.com\/ro\/product\/solstice-gba\/","title":{"rendered":"Solstice GBA"},"content":{"rendered":"<p>Aplicarea sa nu necesit\u0103 investi\u021bii speciale \u00een ceea ce prive\u0219te instala\u021bia de siguran\u021b\u0103 ATEX. Solstice GBA este conceput pentru \u00eenlocuirea HFC 134a.<br \/>\nSolstice GBA nu are niciun efect asupra stratului de ozon, iar impactul s\u0103u asupra efectului de ser\u0103 este foarte neglijabil (GWP = 7). Prin urmare, nu este vizat de F-Gaz I (Regulamentul nr. 842\/2006\/CE) \u0219i F-Gaz II (Regulamentul nr. 517\/2014\/CE).<\/p>\n","protected":false},"excerpt":{"rendered":"<p>Solstice GBA este o hidrofluoropropen\u0103 (HFO 1234ze) utilizat\u0103 ca agent de expansiune \u00een spuma poliuretanic\u0103.<\/p>\n","protected":false},"featured_media":126360,"comment_status":"closed","ping_status":"closed","template":"","meta":[],"countries":[4674,4709,4756,4813,4831,4862],"product_brand":[],"product_cat":[9953,13106,9399],"product_tag":[],"class_list":{"0":"post-215477","1":"product","2":"type-product","3":"status-publish","4":"has-post-thumbnail","6":"countries-by","7":"countries-cu","8":"countries-ir","9":"countries-kp","10":"countries-ru","11":"countries-sy","12":"product_cat-cladiri","13":"product_cat-izolatie","14":"product_cat-hfo-agenti-de-expansiune","15":"pa_packaging-cilindru-88-l-ro-122","16":"pa_packaging-container-448-l-ro-74","17":"pa_packaging-container-930-l-ro-76","19":"first","20":"instock","21":"shipping-taxable","22":"purchasable","23":"product-type-variable"},"_links":{"self":[{"href":"https:\/\/climalife.com\/ro\/wp-json\/wp\/v2\/product\/215477","targetHints":{"allow":["GET"]}}],"collection":[{"href":"https:\/\/climalife.com\/ro\/wp-json\/wp\/v2\/product"}],"about":[{"href":"https:\/\/climalife.com\/ro\/wp-json\/wp\/v2\/types\/product"}],"replies":[{"embeddable":true,"href":"https:\/\/climalife.com\/ro\/wp-json\/wp\/v2\/comments?post=215477"}],"wp:featuredmedia":[{"embeddable":true,"href":"https:\/\/climalife.com\/ro\/wp-json\/wp\/v2\/media\/126360"}],"wp:attachment":[{"href":"https:\/\/climalife.com\/ro\/wp-json\/wp\/v2\/media?parent=215477"}],"wp:term":[{"taxonomy":"countries","embeddable":true,"href":"https:\/\/climalife.com\/ro\/wp-json\/wp\/v2\/countries?post=215477"},{"taxonomy":"product_brand","embeddable":true,"href":"https:\/\/climalife.com\/ro\/wp-json\/wp\/v2\/product_brand?post=215477"},{"taxonomy":"product_cat","embeddable":true,"href":"https:\/\/climalife.com\/ro\/wp-json\/wp\/v2\/product_cat?post=215477"},{"taxonomy":"product_tag","embeddable":true,"href":"https:\/\/climalife.com\/ro\/wp-json\/wp\/v2\/product_tag?post=215477"}],"curies":[{"name":"wp","href":"https:\/\/api.w.org\/{rel}","templated":true}]}}