{"id":216549,"date":"2024-06-10T07:21:31","date_gmt":"2024-06-10T07:21:31","guid":{"rendered":"https:\/\/climalife.com\/product\/propilena\/"},"modified":"2025-08-14T14:42:38","modified_gmt":"2025-08-14T14:42:38","slug":"propilena","status":"publish","type":"product","link":"https:\/\/climalife.com\/ro\/product\/propilena\/","title":{"rendered":"Propilen\u0103"},"content":{"rendered":"<p>Pentru producerea de oxid de propilen\u0103, propilenglicol, polipropilen\u0103, acrolein\u0103, izopropanol, clorur\u0103 de alil.<\/p>\n","protected":false},"excerpt":{"rendered":"<p>Propilena (C<sub>3<\/sub>H<sub>6<\/sub>) sau propena este un gaz inflamabil utilizat \u00een principal \u00een industria chimic\u0103.<\/p>\n","protected":false},"featured_media":216552,"comment_status":"closed","ping_status":"closed","template":"","meta":[],"countries":[4674,4709,4756,4813,4831,4862],"product_brand":[],"product_cat":[9998,13122,9597],"product_tag":[],"class_list":{"0":"post-216549","1":"product","2":"type-product","3":"status-publish","4":"has-post-thumbnail","6":"countries-by","7":"countries-cu","8":"countries-ir","9":"countries-kp","10":"countries-ru","11":"countries-sy","12":"product_cat-alte-industrii","13":"product_cat-propulsoare","14":"product_cat-hidrocarburi-ro-83","15":"pa_packaging-cilindru-26-l-ro-32","16":"pa_packaging-cilindru-88-l-ro-122","17":"pa_packaging-container-930-l-ro-76","18":"pa_packaging-vrac-ro-168","20":"first","21":"instock","22":"shipping-taxable","23":"purchasable","24":"product-type-variable"},"_links":{"self":[{"href":"https:\/\/climalife.com\/ro\/wp-json\/wp\/v2\/product\/216549","targetHints":{"allow":["GET"]}}],"collection":[{"href":"https:\/\/climalife.com\/ro\/wp-json\/wp\/v2\/product"}],"about":[{"href":"https:\/\/climalife.com\/ro\/wp-json\/wp\/v2\/types\/product"}],"replies":[{"embeddable":true,"href":"https:\/\/climalife.com\/ro\/wp-json\/wp\/v2\/comments?post=216549"}],"wp:featuredmedia":[{"embeddable":true,"href":"https:\/\/climalife.com\/ro\/wp-json\/wp\/v2\/media\/216552"}],"wp:attachment":[{"href":"https:\/\/climalife.com\/ro\/wp-json\/wp\/v2\/media?parent=216549"}],"wp:term":[{"taxonomy":"countries","embeddable":true,"href":"https:\/\/climalife.com\/ro\/wp-json\/wp\/v2\/countries?post=216549"},{"taxonomy":"product_brand","embeddable":true,"href":"https:\/\/climalife.com\/ro\/wp-json\/wp\/v2\/product_brand?post=216549"},{"taxonomy":"product_cat","embeddable":true,"href":"https:\/\/climalife.com\/ro\/wp-json\/wp\/v2\/product_cat?post=216549"},{"taxonomy":"product_tag","embeddable":true,"href":"https:\/\/climalife.com\/ro\/wp-json\/wp\/v2\/product_tag?post=216549"}],"curies":[{"name":"wp","href":"https:\/\/api.w.org\/{rel}","templated":true}]}}