{"id":220016,"date":"2025-01-10T10:53:28","date_gmt":"2025-01-10T10:53:28","guid":{"rendered":"https:\/\/climalife.com\/product\/cilindru-pentru-calibrare-climalife\/"},"modified":"2026-01-29T13:53:07","modified_gmt":"2026-01-29T13:53:07","slug":"cilindru-calibrare","status":"publish","type":"product","link":"https:\/\/climalife.com\/ro\/product\/cilindru-calibrare\/","title":{"rendered":"Cilindru pentru calibrare Climalife"},"content":{"rendered":"<p>Butelie \u00eenc\u0103rcat\u0103 cu 110 L de amestec de agent frigorific \u00een aer la o concentra\u021bie aleas\u0103 care trebuie s\u0103 fie echivalent\u0103 cu cel mai \u00eenalt prag de alarm\u0103 al detectorului. Butelia trebuie s\u0103 fie asociat\u0103 cu un regulator de debit \u0219i un sistem de conectare v\u00e2ndute separat.<\/p>\n<p>Disponibil pentru R-454B, R-1234ze, R-134a, R-32, R-513A \u0219i CO<sub>2<\/sub>. Specifica\u021bi agentul frigorific \u0219i concentra\u021bia dorit\u0103 la comand\u0103.<\/p>\n","protected":false},"excerpt":{"rendered":"<p>Cilindru pentru calibrare Climalife pentru a verifica sensibilitatea la fa\u021ba locului a detectoarelor de scurgeri fixe \u0219i pentru a recalibra detectorul dac\u0103 este necesar.<\/p>\n","protected":false},"featured_media":220019,"comment_status":"closed","ping_status":"closed","template":"","meta":[],"countries":[],"product_brand":[],"product_cat":[9953,9944,9998,13062,13097,13131,9269],"product_tag":[],"class_list":{"0":"post-220016","1":"product","2":"type-product","3":"status-publish","4":"has-post-thumbnail","6":"product_cat-cladiri","7":"product_cat-sector-agroalimentar","8":"product_cat-alte-industrii","9":"product_cat-aer-conditionat","10":"product_cat-incalzire","11":"product_cat-refrigerare","12":"product_cat-detectare-fixa-a-scurgerilor","14":"first","15":"instock","16":"shipping-taxable","17":"purchasable","18":"product-type-simple"},"_links":{"self":[{"href":"https:\/\/climalife.com\/ro\/wp-json\/wp\/v2\/product\/220016","targetHints":{"allow":["GET"]}}],"collection":[{"href":"https:\/\/climalife.com\/ro\/wp-json\/wp\/v2\/product"}],"about":[{"href":"https:\/\/climalife.com\/ro\/wp-json\/wp\/v2\/types\/product"}],"replies":[{"embeddable":true,"href":"https:\/\/climalife.com\/ro\/wp-json\/wp\/v2\/comments?post=220016"}],"wp:featuredmedia":[{"embeddable":true,"href":"https:\/\/climalife.com\/ro\/wp-json\/wp\/v2\/media\/220019"}],"wp:attachment":[{"href":"https:\/\/climalife.com\/ro\/wp-json\/wp\/v2\/media?parent=220016"}],"wp:term":[{"taxonomy":"countries","embeddable":true,"href":"https:\/\/climalife.com\/ro\/wp-json\/wp\/v2\/countries?post=220016"},{"taxonomy":"product_brand","embeddable":true,"href":"https:\/\/climalife.com\/ro\/wp-json\/wp\/v2\/product_brand?post=220016"},{"taxonomy":"product_cat","embeddable":true,"href":"https:\/\/climalife.com\/ro\/wp-json\/wp\/v2\/product_cat?post=220016"},{"taxonomy":"product_tag","embeddable":true,"href":"https:\/\/climalife.com\/ro\/wp-json\/wp\/v2\/product_tag?post=220016"}],"curies":[{"name":"wp","href":"https:\/\/api.w.org\/{rel}","templated":true}]}}