{"id":221456,"date":"2025-02-11T14:19:12","date_gmt":"2025-02-11T14:19:12","guid":{"rendered":"https:\/\/climalife.com\/product\/novexpans-fa-188\/"},"modified":"2025-06-17T11:11:11","modified_gmt":"2025-06-17T11:11:11","slug":"novexpans-fa-188","status":"publish","type":"product","link":"https:\/\/climalife.com\/ro\/product\/novexpans-fa-188\/","title":{"rendered":"Novexpans\u2122 FA-188"},"content":{"rendered":"<p>Acesta ac\u021bioneaz\u0103 ca un agent nucleant \u00een timpul expansiunii spumei \u0219i reduce dimensiunea medie a celulelor. Disponibil \u00eentr-o gam\u0103 de ambalaje re\u00eenc\u0103rcabile.<\/p>\n<p>&nbsp;<\/p>\n","protected":false},"excerpt":{"rendered":"<p>Novexpans\u2122 FA-188 este un aditiv neinflamabil utilizat \u00een fabricarea spumelor poliuretanice pentru a reduce conductivitatea termic\u0103 a acestora \u0219i a \u00eembun\u0103t\u0103\u021bi astfel eficien\u021ba energetic\u0103.<\/p>\n","protected":false},"featured_media":126360,"comment_status":"closed","ping_status":"closed","template":"","meta":[],"countries":[4674,4756,4813,4831],"product_brand":[],"product_cat":[9953,13106,9791,9507],"product_tag":[],"class_list":{"0":"post-221456","1":"product","2":"type-product","3":"status-publish","4":"has-post-thumbnail","6":"countries-by","7":"countries-ir","8":"countries-kp","9":"countries-ru","10":"product_cat-cladiri","11":"product_cat-izolatie","12":"product_cat-agenti-de-expansiune","13":"product_cat-hidrocarburi","14":"pa_packaging-butoi-217-l-ro-30","15":"pa_packaging-cilindru-88-l-ro-122","17":"first","18":"instock","19":"shipping-taxable","20":"purchasable","21":"product-type-variable"},"_links":{"self":[{"href":"https:\/\/climalife.com\/ro\/wp-json\/wp\/v2\/product\/221456","targetHints":{"allow":["GET"]}}],"collection":[{"href":"https:\/\/climalife.com\/ro\/wp-json\/wp\/v2\/product"}],"about":[{"href":"https:\/\/climalife.com\/ro\/wp-json\/wp\/v2\/types\/product"}],"replies":[{"embeddable":true,"href":"https:\/\/climalife.com\/ro\/wp-json\/wp\/v2\/comments?post=221456"}],"wp:featuredmedia":[{"embeddable":true,"href":"https:\/\/climalife.com\/ro\/wp-json\/wp\/v2\/media\/126360"}],"wp:attachment":[{"href":"https:\/\/climalife.com\/ro\/wp-json\/wp\/v2\/media?parent=221456"}],"wp:term":[{"taxonomy":"countries","embeddable":true,"href":"https:\/\/climalife.com\/ro\/wp-json\/wp\/v2\/countries?post=221456"},{"taxonomy":"product_brand","embeddable":true,"href":"https:\/\/climalife.com\/ro\/wp-json\/wp\/v2\/product_brand?post=221456"},{"taxonomy":"product_cat","embeddable":true,"href":"https:\/\/climalife.com\/ro\/wp-json\/wp\/v2\/product_cat?post=221456"},{"taxonomy":"product_tag","embeddable":true,"href":"https:\/\/climalife.com\/ro\/wp-json\/wp\/v2\/product_tag?post=221456"}],"curies":[{"name":"wp","href":"https:\/\/api.w.org\/{rel}","templated":true}]}}