{"id":223306,"date":"2025-04-07T19:51:31","date_gmt":"2025-04-07T19:51:31","guid":{"rendered":"https:\/\/climalife.com\/product\/gama-suniso-sl\/"},"modified":"2026-03-19T12:12:38","modified_gmt":"2026-03-19T12:12:38","slug":"gama-suniso-sl","status":"publish","type":"product","link":"https:\/\/climalife.com\/ro\/product\/gama-suniso-sl\/","title":{"rendered":"Gama SUNISO SL"},"content":{"rendered":"<p>Lubrifian\u021bii Suniso SL ofer\u0103 o stabilitate termic\u0103 excep\u021bional\u0103, ceea ce \u00eei face potrivi\u021bi pentru aplica\u021bii care variaz\u0103 de la sisteme de refrigerare la temperaturi sc\u0103zute la pompe de c\u0103ldur\u0103 la temperaturi ridicate.<\/p>\n","protected":false},"excerpt":{"rendered":"<p>Lubrifian\u021bii Suniso SL sunt uleiuri frigorifice de \u00eenalt\u0103 performan\u021b\u0103, complet sintetice, formulate pentru performan\u021ba optim\u0103 a compresoarelor care utilizeaz\u0103 agen\u021bi frigorifici HFC. Fabrica\u021bi cu poliol esteri (POE) special concepu\u021bi, lubrifian\u021bii Suniso SL asigur\u0103 o miscibilitate superioar\u0103 \u0219i o \u00eentoarcere eficient\u0103 a uleiului \u00een \u00eentregul sistem, de la evaporator la compresor.<\/p>\n","protected":false},"featured_media":223307,"comment_status":"closed","ping_status":"closed","template":"","meta":[],"countries":[4662,4667,4674,4693,4698,4706,4707,4709,4737,4739,4756,4800,4813,4817,4827,4831,4854,4862,4866,4881,4887],"product_brand":[],"product_cat":[9953,9944,9998,13131,13423],"product_tag":[],"class_list":{"0":"post-223306","1":"product","2":"type-product","3":"status-publish","4":"has-post-thumbnail","6":"countries-ar","7":"countries-au","8":"countries-by","9":"countries-ca","10":"countries-cl","11":"countries-cr","12":"countries-ci","13":"countries-cu","14":"countries-gh","15":"countries-gr","16":"countries-ir","17":"countries-mm","18":"countries-kp","19":"countries-pk","20":"countries-pt","21":"countries-ru","22":"countries-es","23":"countries-sy","24":"countries-th","25":"countries-us","26":"countries-ve","27":"product_cat-cladiri","28":"product_cat-sector-agroalimentar","29":"product_cat-alte-industrii","30":"product_cat-refrigerare","31":"product_cat-poe-ro","32":"pa_packaging-canistra-1-l-ro-63","33":"pa_packaging-canistra-20-l-ro-174","34":"pa_packaging-canistra-4-l-ro-50","36":"first","37":"instock","38":"shipping-taxable","39":"purchasable","40":"product-type-variable"},"_links":{"self":[{"href":"https:\/\/climalife.com\/ro\/wp-json\/wp\/v2\/product\/223306","targetHints":{"allow":["GET"]}}],"collection":[{"href":"https:\/\/climalife.com\/ro\/wp-json\/wp\/v2\/product"}],"about":[{"href":"https:\/\/climalife.com\/ro\/wp-json\/wp\/v2\/types\/product"}],"replies":[{"embeddable":true,"href":"https:\/\/climalife.com\/ro\/wp-json\/wp\/v2\/comments?post=223306"}],"wp:featuredmedia":[{"embeddable":true,"href":"https:\/\/climalife.com\/ro\/wp-json\/wp\/v2\/media\/223307"}],"wp:attachment":[{"href":"https:\/\/climalife.com\/ro\/wp-json\/wp\/v2\/media?parent=223306"}],"wp:term":[{"taxonomy":"countries","embeddable":true,"href":"https:\/\/climalife.com\/ro\/wp-json\/wp\/v2\/countries?post=223306"},{"taxonomy":"product_brand","embeddable":true,"href":"https:\/\/climalife.com\/ro\/wp-json\/wp\/v2\/product_brand?post=223306"},{"taxonomy":"product_cat","embeddable":true,"href":"https:\/\/climalife.com\/ro\/wp-json\/wp\/v2\/product_cat?post=223306"},{"taxonomy":"product_tag","embeddable":true,"href":"https:\/\/climalife.com\/ro\/wp-json\/wp\/v2\/product_tag?post=223306"}],"curies":[{"name":"wp","href":"https:\/\/api.w.org\/{rel}","templated":true}]}}