{"id":223892,"date":"2025-04-22T10:20:00","date_gmt":"2025-04-22T10:20:00","guid":{"rendered":"https:\/\/climalife.com\/product\/gama-next-717\/"},"modified":"2025-08-14T14:31:09","modified_gmt":"2025-08-14T14:31:09","slug":"gama-next-717","status":"publish","type":"product","link":"https:\/\/climalife.com\/ro\/product\/gama-next-717\/","title":{"rendered":"Gama NEXT 717"},"content":{"rendered":"<p>Utilizeaz\u0103 uleiuri de baz\u0103 hidrocracate \u0219i aditivi avansa\u021bi. Uleiul NEXT 717 are o rat\u0103 foarte sc\u0103zut\u0103 de pierdere a lichidului \u0219i o fluiditate excelent\u0103 la temperaturi sc\u0103zute. Disponibil cu aditiv de condi\u021bionare a garniturilor sub denumirea de NEXT 717-68SC.<\/p>\n","protected":false},"excerpt":{"rendered":"<p>Next 717 este un ulei mineral pentru refrigerare cu amoniac<\/p>\n<p>A fost formulat special pentru utilizarea \u00een sistemele de refrigerare cu amoniac.<\/p>\n","protected":false},"featured_media":226238,"comment_status":"closed","ping_status":"closed","template":"","meta":[],"countries":[4674,4709,4756,4813,4831,4862],"product_brand":[],"product_cat":[9944,13131,9351],"product_tag":[],"class_list":{"0":"post-223892","1":"product","2":"type-product","3":"status-publish","4":"has-post-thumbnail","6":"countries-by","7":"countries-cu","8":"countries-ir","9":"countries-kp","10":"countries-ru","11":"countries-sy","12":"product_cat-sector-agroalimentar","13":"product_cat-refrigerare","14":"product_cat-uleiuri-minerale","15":"pa_packaging-butoi-208-l-ro-49","16":"pa_packaging-canistra-de-19-l-ro-336","18":"first","19":"instock","20":"shipping-taxable","21":"purchasable","22":"product-type-variable"},"_links":{"self":[{"href":"https:\/\/climalife.com\/ro\/wp-json\/wp\/v2\/product\/223892","targetHints":{"allow":["GET"]}}],"collection":[{"href":"https:\/\/climalife.com\/ro\/wp-json\/wp\/v2\/product"}],"about":[{"href":"https:\/\/climalife.com\/ro\/wp-json\/wp\/v2\/types\/product"}],"replies":[{"embeddable":true,"href":"https:\/\/climalife.com\/ro\/wp-json\/wp\/v2\/comments?post=223892"}],"wp:featuredmedia":[{"embeddable":true,"href":"https:\/\/climalife.com\/ro\/wp-json\/wp\/v2\/media\/226238"}],"wp:attachment":[{"href":"https:\/\/climalife.com\/ro\/wp-json\/wp\/v2\/media?parent=223892"}],"wp:term":[{"taxonomy":"countries","embeddable":true,"href":"https:\/\/climalife.com\/ro\/wp-json\/wp\/v2\/countries?post=223892"},{"taxonomy":"product_brand","embeddable":true,"href":"https:\/\/climalife.com\/ro\/wp-json\/wp\/v2\/product_brand?post=223892"},{"taxonomy":"product_cat","embeddable":true,"href":"https:\/\/climalife.com\/ro\/wp-json\/wp\/v2\/product_cat?post=223892"},{"taxonomy":"product_tag","embeddable":true,"href":"https:\/\/climalife.com\/ro\/wp-json\/wp\/v2\/product_tag?post=223892"}],"curies":[{"name":"wp","href":"https:\/\/api.w.org\/{rel}","templated":true}]}}