{"id":223899,"date":"2025-04-22T10:39:39","date_gmt":"2025-04-22T10:39:39","guid":{"rendered":"https:\/\/climalife.com\/product\/novaspray-isobutane-propane-35-bar\/"},"modified":"2025-06-05T10:59:15","modified_gmt":"2025-06-05T10:59:15","slug":"novaspray-isobutane-propane-35-bar","status":"publish","type":"product","link":"https:\/\/climalife.com\/ro\/product\/novaspray-isobutane-propane-35-bar\/","title":{"rendered":"NovaSpray\u2122 isobutane\/propane 3,5 bar"},"content":{"rendered":"<ul>\n<li>Este deosebit de potrivit pentru formul\u0103rile de spum\u0103 cosmetic\u0103.<\/li>\n<li>Datorit\u0103 densit\u0103\u021bii sale reduse, acesta este economic, permi\u021b\u00e2nd o reducere semnificativ\u0103 a greut\u0103\u021bii agentului propulsor care trebuie utilizat.<\/li>\n<li>Miscibilitatea sa excelent\u0103 cu majoritatea solven\u021bilor \u00eei confer\u0103 o mare flexibilitate \u00een formulare.<\/li>\n<li>Nu are niciun efect asupra stratului de ozon \u0219i un impact neglijabil asupra efectului de ser\u0103.<\/li>\n<\/ul>\n","protected":false},"excerpt":{"rendered":"<p>NovaSpray\u2122 isobutane\/propane 3.5 bar este un amestec de NovaSpray\u2122 isobutane \u0219i NovaSpray\u2122 propane special dezodorizat. Cu o calitate constant\u0103 \u0219i o presiune controlat\u0103, acesta \u00eendepline\u0219te toate cerin\u021bele unui propulsor.<\/p>\n","protected":false},"featured_media":223900,"comment_status":"closed","ping_status":"closed","template":"","meta":[],"countries":[4674,4709,4756,4813,4831,4862],"product_brand":[],"product_cat":[9980,9953,9971,9998,9597],"product_tag":[15249],"class_list":{"0":"post-223899","1":"product","2":"type-product","3":"status-publish","4":"has-post-thumbnail","6":"countries-by","7":"countries-cu","8":"countries-ir","9":"countries-kp","10":"countries-ru","11":"countries-sy","12":"product_cat-industria-auto-transport","13":"product_cat-cladiri","14":"product_cat-sanatate-bunastare","15":"product_cat-alte-industrii","16":"product_cat-hidrocarburi-ro-83","17":"product_tag-novaspray-ro","18":"pa_packaging-container-930-l-ro-76","19":"pa_packaging-vrac-ro-168","21":"first","22":"instock","23":"shipping-taxable","24":"purchasable","25":"product-type-variable"},"_links":{"self":[{"href":"https:\/\/climalife.com\/ro\/wp-json\/wp\/v2\/product\/223899","targetHints":{"allow":["GET"]}}],"collection":[{"href":"https:\/\/climalife.com\/ro\/wp-json\/wp\/v2\/product"}],"about":[{"href":"https:\/\/climalife.com\/ro\/wp-json\/wp\/v2\/types\/product"}],"replies":[{"embeddable":true,"href":"https:\/\/climalife.com\/ro\/wp-json\/wp\/v2\/comments?post=223899"}],"wp:featuredmedia":[{"embeddable":true,"href":"https:\/\/climalife.com\/ro\/wp-json\/wp\/v2\/media\/223900"}],"wp:attachment":[{"href":"https:\/\/climalife.com\/ro\/wp-json\/wp\/v2\/media?parent=223899"}],"wp:term":[{"taxonomy":"countries","embeddable":true,"href":"https:\/\/climalife.com\/ro\/wp-json\/wp\/v2\/countries?post=223899"},{"taxonomy":"product_brand","embeddable":true,"href":"https:\/\/climalife.com\/ro\/wp-json\/wp\/v2\/product_brand?post=223899"},{"taxonomy":"product_cat","embeddable":true,"href":"https:\/\/climalife.com\/ro\/wp-json\/wp\/v2\/product_cat?post=223899"},{"taxonomy":"product_tag","embeddable":true,"href":"https:\/\/climalife.com\/ro\/wp-json\/wp\/v2\/product_tag?post=223899"}],"curies":[{"name":"wp","href":"https:\/\/api.w.org\/{rel}","templated":true}]}}