{"id":223901,"date":"2025-04-22T10:44:57","date_gmt":"2025-04-22T10:44:57","guid":{"rendered":"https:\/\/climalife.com\/product\/polarbox-polarvisor\/"},"modified":"2026-02-16T10:04:42","modified_gmt":"2026-02-16T10:04:42","slug":"polarbox-polarvisor","status":"publish","type":"product","link":"https:\/\/climalife.com\/ro\/product\/polarbox-polarvisor\/","title":{"rendered":"PolarBox &#038; PolarVisor"},"content":{"rendered":"<p>Acesta include:<\/p>\n<ul>\n<li>un modul automat de detectare a scurgerilor, folosind metode de m\u0103surare indirect\u0103 (obligatoriu peste 500 t CO2 eq. sau 100 kg pentru HFO);<\/li>\n<li>un modul energetic pentru calcularea consumului de energie \u00een timp real.<\/li>\n<\/ul>\n<p>Conectat la aplica\u021bia web PolarVisor, PolarBox alerteaz\u0103:<\/p>\n<ul>\n<li>Prin e-mail sau online \u00een cazul unei scurgeri de agent frigorific (cu 60,2 zile mai devreme, comparativ cu metodele tradi\u021bionale);<\/li>\n<li>Online pentru derapaje energetice sau riscul de defectare a compresorului.<\/li>\n<\/ul>\n<p>Cu PolarBox \u0219i PolarVisor, utilizatorii pot accesa de la distan\u021b\u0103 \u0219i \u00een timp real curbele nivelului de agent frigorific, COP, datele de func\u021bionare \u0219i eficien\u021ba produc\u021biei frigorifice. Un PolarBox poate monitoriza p\u00e2n\u0103 la 4 unit\u0103\u021bi frigorifice \u0219i are conectivitate 4G \u00eencorporat\u0103.<\/p>\n<p>Mai multe informa\u021bii <a href=\"https:\/\/www.matelex.com\/us\/solutions\/polarbox\/\" rel=\"noopener\">matelex.com<\/a><\/p>\n","protected":false},"excerpt":{"rendered":"<p>PolarBox este un sistem de monitorizare pentru refrigerare, cuplat cu o interfa\u021b\u0103 web pentru monitorizarea de la distan\u021b\u0103.<\/p>\n<p><span class=\"TextRun Highlight SCXW157379787 BCX2\" lang=\"EN-GB\" xml:lang=\"EN-GB\" data-contrast=\"auto\"><span class=\"NormalTextRun SCXW157379787 BCX2\">It helps to reduce the environmental impact refrigeration installations and simplify their <\/span><span class=\"NormalTextRun ContextualSpellingAndGrammarErrorV2Themed SCXW157379787 BCX2\">management .<\/span><\/span><\/p>\n","protected":false},"featured_media":224729,"comment_status":"closed","ping_status":"closed","template":"","meta":[],"countries":[4674,4709,4756,4813,4831,4862],"product_brand":[],"product_cat":[9998,9953,9269,9630,9962,13131,9971,9944],"product_tag":[],"class_list":{"0":"post-223901","1":"product","2":"type-product","3":"status-publish","4":"has-post-thumbnail","6":"countries-by","7":"countries-cu","8":"countries-ir","9":"countries-kp","10":"countries-ru","11":"countries-sy","12":"product_cat-alte-industrii","13":"product_cat-cladiri","14":"product_cat-detectare-fixa-a-scurgerilor","15":"product_cat-detectarea-scurgerilor","16":"product_cat-energie","17":"product_cat-refrigerare","18":"product_cat-sanatate-bunastare","19":"product_cat-sector-agroalimentar","21":"first","22":"instock","23":"shipping-taxable","24":"purchasable","25":"product-type-simple"},"_links":{"self":[{"href":"https:\/\/climalife.com\/ro\/wp-json\/wp\/v2\/product\/223901","targetHints":{"allow":["GET"]}}],"collection":[{"href":"https:\/\/climalife.com\/ro\/wp-json\/wp\/v2\/product"}],"about":[{"href":"https:\/\/climalife.com\/ro\/wp-json\/wp\/v2\/types\/product"}],"replies":[{"embeddable":true,"href":"https:\/\/climalife.com\/ro\/wp-json\/wp\/v2\/comments?post=223901"}],"wp:featuredmedia":[{"embeddable":true,"href":"https:\/\/climalife.com\/ro\/wp-json\/wp\/v2\/media\/224729"}],"wp:attachment":[{"href":"https:\/\/climalife.com\/ro\/wp-json\/wp\/v2\/media?parent=223901"}],"wp:term":[{"taxonomy":"countries","embeddable":true,"href":"https:\/\/climalife.com\/ro\/wp-json\/wp\/v2\/countries?post=223901"},{"taxonomy":"product_brand","embeddable":true,"href":"https:\/\/climalife.com\/ro\/wp-json\/wp\/v2\/product_brand?post=223901"},{"taxonomy":"product_cat","embeddable":true,"href":"https:\/\/climalife.com\/ro\/wp-json\/wp\/v2\/product_cat?post=223901"},{"taxonomy":"product_tag","embeddable":true,"href":"https:\/\/climalife.com\/ro\/wp-json\/wp\/v2\/product_tag?post=223901"}],"curies":[{"name":"wp","href":"https:\/\/api.w.org\/{rel}","templated":true}]}}