{"id":223908,"date":"2025-04-22T10:57:23","date_gmt":"2025-04-22T10:57:23","guid":{"rendered":"https:\/\/climalife.com\/product\/novaspray-co2\/"},"modified":"2026-01-29T13:53:06","modified_gmt":"2026-01-29T13:53:06","slug":"novaspray-co2","status":"publish","type":"product","link":"https:\/\/climalife.com\/ro\/product\/novaspray-co2\/","title":{"rendered":"NovaSpray\u2122 CO2"},"content":{"rendered":"<p>Incolor \u0219i inodor, este neinflamabil. Nu are niciun impact asupra stratului de ozon \u0219i are un impact foarte sc\u0103zut asupra \u00eenc\u0103lzirii globale (GWP=1).<\/p>\n","protected":false},"excerpt":{"rendered":"<p>NovaSpray\u2122 CO<sub>2<\/sub>este dioxidul de carbon utilizat ca gaz propulsor pentru aerosoli. <sub><br \/>\n<\/sub><\/p>\n","protected":false},"featured_media":224054,"comment_status":"closed","ping_status":"closed","template":"","meta":[],"countries":[4674,4709,4756,4813,4831,4862],"product_brand":[],"product_cat":[15158,9971,9998,13122],"product_tag":[],"class_list":{"0":"post-223908","1":"product","2":"type-product","3":"status-publish","4":"has-post-thumbnail","6":"countries-by","7":"countries-cu","8":"countries-ir","9":"countries-kp","10":"countries-ru","11":"countries-sy","12":"product_cat-novasprayco2-ro","13":"product_cat-sanatate-bunastare","14":"product_cat-alte-industrii","15":"product_cat-propulsoare","16":"pa_packaging-cadru-9xb50-ro-274","18":"first","19":"instock","20":"shipping-taxable","21":"purchasable","22":"product-type-simple"},"_links":{"self":[{"href":"https:\/\/climalife.com\/ro\/wp-json\/wp\/v2\/product\/223908","targetHints":{"allow":["GET"]}}],"collection":[{"href":"https:\/\/climalife.com\/ro\/wp-json\/wp\/v2\/product"}],"about":[{"href":"https:\/\/climalife.com\/ro\/wp-json\/wp\/v2\/types\/product"}],"replies":[{"embeddable":true,"href":"https:\/\/climalife.com\/ro\/wp-json\/wp\/v2\/comments?post=223908"}],"wp:featuredmedia":[{"embeddable":true,"href":"https:\/\/climalife.com\/ro\/wp-json\/wp\/v2\/media\/224054"}],"wp:attachment":[{"href":"https:\/\/climalife.com\/ro\/wp-json\/wp\/v2\/media?parent=223908"}],"wp:term":[{"taxonomy":"countries","embeddable":true,"href":"https:\/\/climalife.com\/ro\/wp-json\/wp\/v2\/countries?post=223908"},{"taxonomy":"product_brand","embeddable":true,"href":"https:\/\/climalife.com\/ro\/wp-json\/wp\/v2\/product_brand?post=223908"},{"taxonomy":"product_cat","embeddable":true,"href":"https:\/\/climalife.com\/ro\/wp-json\/wp\/v2\/product_cat?post=223908"},{"taxonomy":"product_tag","embeddable":true,"href":"https:\/\/climalife.com\/ro\/wp-json\/wp\/v2\/product_tag?post=223908"}],"curies":[{"name":"wp","href":"https:\/\/api.w.org\/{rel}","templated":true}]}}