{"id":223910,"date":"2025-04-22T11:24:24","date_gmt":"2025-04-22T11:24:24","guid":{"rendered":"https:\/\/climalife.com\/product\/climapp-monitorizarea-lucrarilor-trasabilitate-deseuri\/"},"modified":"2025-06-10T13:03:36","modified_gmt":"2025-06-10T13:03:36","slug":"climapp-monitorizarea-lucrarilor-trasabilitate-deseuri","status":"publish","type":"product","link":"https:\/\/climalife.com\/ro\/product\/climapp-monitorizarea-lucrarilor-trasabilitate-deseuri\/","title":{"rendered":"Clim&#8217;app: monitorizarea lucr\u0103rilor, trasabilitate, de\u0219euri"},"content":{"rendered":"<p>Generarea automat\u0103, \u00een doar c\u00e2teva clicuri, a documentelor de reglementare pentru fiecare interven\u021bie.<br \/>\nPe interfa\u021ba web sunt disponibile tablouri de bord pentru rezumarea \u0219i monitorizarea lucr\u0103rilor efectuate, \u00eempreun\u0103 cu gestionarea inventarului pentru agen\u021bi frigorifici \u0219i recipiente. Termenele limit\u0103 pentru testele de etan\u0219eitate \u0219i verific\u0103rile detectoarelor de scurgeri sunt vizibile pe back office.<\/p>\n<p>Exist\u0103 4 pachete \u00een func\u021bie de num\u0103rul de utilizatori:<\/p>\n<ul>\n<li>de la 1 la 4 utilizatori: pachet Rando +<\/li>\n<li>de la 5 la 12 utilizatori: pachet Trail +<\/li>\n<li>de la 13 la 30 utilizatori: pachet Treck +<\/li>\n<li>de la 31 la 50 de utilizatori: pachet Sherpa +<\/li>\n<\/ul>\n<p>Acest instrument v\u0103 ofer\u0103 confort \u00een gestionarea instala\u021biilor frigorifice, solicita\u021bi-ne o demonstra\u021bie, rezerva\u021bi-v\u0103 un slot \u0219i descoperi\u021bi aplica\u021bia pe <a href=\"https:\/\/www.climapp.dehon.com\/fr\/\" rel=\"noopener\"><strong><span style=\"color: #3366ff;\">site-ul Clim&#8217;app.<\/span><\/strong><\/a><\/p>\n<p>&nbsp;<\/p>\n","protected":false},"excerpt":{"rendered":"<p class=\"title\">Clim&#8217;app este o solu\u021bie mobil\u0103 simpl\u0103, adaptat\u0103 la problemele \u00eent\u00e2mpinate de profesioni\u0219tii din domeniul refriger\u0103rii atunci c\u00e2nd lucreaz\u0103 la sistemele de refrigerare.<\/p>\n<p class=\"description\">\n","protected":false},"featured_media":223914,"comment_status":"closed","ping_status":"closed","template":"","meta":[],"countries":[4674,4709,4756,4813,4831,4862],"product_brand":[],"product_cat":[13062,9998,9953,15066,13079,13201,13131,9944],"product_tag":[],"class_list":{"0":"post-223910","1":"product","2":"type-product","3":"status-publish","4":"has-post-thumbnail","6":"countries-by","7":"countries-cu","8":"countries-ir","9":"countries-kp","10":"countries-ru","11":"countries-sy","12":"product_cat-aer-conditionat","13":"product_cat-alte-industrii","14":"product_cat-cladiri","15":"product_cat-climapp-ro","16":"product_cat-demontare-distrugere","17":"product_cat-dielectric-sf6-t","18":"product_cat-refrigerare","19":"product_cat-sector-agroalimentar","21":"first","22":"instock","23":"shipping-taxable","24":"purchasable","25":"product-type-variable"},"_links":{"self":[{"href":"https:\/\/climalife.com\/ro\/wp-json\/wp\/v2\/product\/223910","targetHints":{"allow":["GET"]}}],"collection":[{"href":"https:\/\/climalife.com\/ro\/wp-json\/wp\/v2\/product"}],"about":[{"href":"https:\/\/climalife.com\/ro\/wp-json\/wp\/v2\/types\/product"}],"replies":[{"embeddable":true,"href":"https:\/\/climalife.com\/ro\/wp-json\/wp\/v2\/comments?post=223910"}],"wp:featuredmedia":[{"embeddable":true,"href":"https:\/\/climalife.com\/ro\/wp-json\/wp\/v2\/media\/223914"}],"wp:attachment":[{"href":"https:\/\/climalife.com\/ro\/wp-json\/wp\/v2\/media?parent=223910"}],"wp:term":[{"taxonomy":"countries","embeddable":true,"href":"https:\/\/climalife.com\/ro\/wp-json\/wp\/v2\/countries?post=223910"},{"taxonomy":"product_brand","embeddable":true,"href":"https:\/\/climalife.com\/ro\/wp-json\/wp\/v2\/product_brand?post=223910"},{"taxonomy":"product_cat","embeddable":true,"href":"https:\/\/climalife.com\/ro\/wp-json\/wp\/v2\/product_cat?post=223910"},{"taxonomy":"product_tag","embeddable":true,"href":"https:\/\/climalife.com\/ro\/wp-json\/wp\/v2\/product_tag?post=223910"}],"curies":[{"name":"wp","href":"https:\/\/api.w.org\/{rel}","templated":true}]}}