{"id":226476,"date":"2025-07-11T11:34:05","date_gmt":"2025-07-11T11:34:05","guid":{"rendered":"https:\/\/climalife.com\/product\/seria-next-gpl-pao\/"},"modified":"2026-01-29T13:53:06","modified_gmt":"2026-01-29T13:53:06","slug":"seria-next-gpl-pao","status":"publish","type":"product","link":"https:\/\/climalife.com\/ro\/product\/seria-next-gpl-pao\/","title":{"rendered":"Seria NEXT GPL PAO"},"content":{"rendered":"<p>Aplica\u021bii:<\/p>\n<ul>\n<li>Compresoare cu piston<\/li>\n<li>Compresoare cu \u0219urub rotativ<\/li>\n<li>Compresoare centrifugale<\/li>\n<\/ul>\n<p>&nbsp;<\/p>\n<p>Disponibil \u00een:<\/p>\n<ul>\n<li>NEXT GPL PAO 100<\/li>\n<li>NEXT GPL PAO 150<\/li>\n<\/ul>\n<p>Pentru alte grade de v\u00e2scozitate, consulta\u021bi-ne.<\/p>\n","protected":false},"excerpt":{"rendered":"<p>NEXT GPL PAO este un lubrifiant pentru compresoare de gaz care combin\u0103 polialfaolefin\u0103 \u0219i aditivi avansa\u021bi. Aceast\u0103 combina\u021bie asigur\u0103 o stabilitate \u0219i o cur\u0103\u021benie excelente \u00eentr-o gam\u0103 larg\u0103 de condi\u021bii de func\u021bionare.<\/p>\n<p>GPL PAO este ideal pentru aplica\u021bii predispuse la acumularea de carbon \u0219i lac. GPL PAO ofer\u0103, de asemenea, o stabilitate \u0219i o separare a apei mai bune \u00een compara\u021bie cu formulele pe baz\u0103 de ester \u0219i PAG atunci c\u00e2nd este utilizat \u00een fluxuri de gaz cu con\u021binut ridicat de ap\u0103.<\/p>\n<p>GPL PAO are un indice de v\u00e2scozitate ridicat \u0219i un punct de curgere foarte sc\u0103zut, permi\u021b\u00e2nd func\u021bionarea \u00eentr-o gam\u0103 larg\u0103 de temperaturi.<\/p>\n","protected":false},"featured_media":226552,"comment_status":"closed","ping_status":"closed","template":"","meta":[],"countries":[4674,4709,4756,4813,4831,4862],"product_brand":[],"product_cat":[9953,9962,9998,13131,13459],"product_tag":[],"class_list":{"0":"post-226476","1":"product","2":"type-product","3":"status-publish","4":"has-post-thumbnail","6":"countries-by","7":"countries-cu","8":"countries-ir","9":"countries-kp","10":"countries-ru","11":"countries-sy","12":"product_cat-cladiri","13":"product_cat-energie","14":"product_cat-alte-industrii","15":"product_cat-refrigerare","16":"product_cat-pao-ro","17":"pa_packaging-butoi-208-l-ro-49","18":"pa_packaging-canistra-20-l-ro-174","20":"first","21":"instock","22":"shipping-taxable","23":"purchasable","24":"product-type-simple"},"_links":{"self":[{"href":"https:\/\/climalife.com\/ro\/wp-json\/wp\/v2\/product\/226476","targetHints":{"allow":["GET"]}}],"collection":[{"href":"https:\/\/climalife.com\/ro\/wp-json\/wp\/v2\/product"}],"about":[{"href":"https:\/\/climalife.com\/ro\/wp-json\/wp\/v2\/types\/product"}],"replies":[{"embeddable":true,"href":"https:\/\/climalife.com\/ro\/wp-json\/wp\/v2\/comments?post=226476"}],"wp:featuredmedia":[{"embeddable":true,"href":"https:\/\/climalife.com\/ro\/wp-json\/wp\/v2\/media\/226552"}],"wp:attachment":[{"href":"https:\/\/climalife.com\/ro\/wp-json\/wp\/v2\/media?parent=226476"}],"wp:term":[{"taxonomy":"countries","embeddable":true,"href":"https:\/\/climalife.com\/ro\/wp-json\/wp\/v2\/countries?post=226476"},{"taxonomy":"product_brand","embeddable":true,"href":"https:\/\/climalife.com\/ro\/wp-json\/wp\/v2\/product_brand?post=226476"},{"taxonomy":"product_cat","embeddable":true,"href":"https:\/\/climalife.com\/ro\/wp-json\/wp\/v2\/product_cat?post=226476"},{"taxonomy":"product_tag","embeddable":true,"href":"https:\/\/climalife.com\/ro\/wp-json\/wp\/v2\/product_tag?post=226476"}],"curies":[{"name":"wp","href":"https:\/\/api.w.org\/{rel}","templated":true}]}}